{"id":294,"date":"2023-02-02T21:30:40","date_gmt":"2023-02-02T20:30:40","guid":{"rendered":"http:\/\/omdmhyd.org\/?page_id=294"},"modified":"2023-12-08T17:38:57","modified_gmt":"2023-12-08T16:38:57","slug":"omdmhyd-tv-2","status":"publish","type":"page","link":"https:\/\/omdmhyd.org\/index.php\/omdmhyd-tv-2\/","title":{"rendered":"OMDMHYD TV"},"content":{"rendered":"<div style=\"min-height: 285px;; \" class=\"ub_image_slider swiper-container wp-block-ub-image-slider\" id=\"ub_image_slider_863b7b15-ecdb-4e68-891f-c5abfcae7963\" data-swiper-data='{\"speed\":300,\"spaceBetween\":20,\"slidesPerView\":1,\"loop\":true,\"pagination\":{\"el\": \".swiper-pagination\" , \"type\": \"bullets\", \"clickable\":true},\"navigation\": {\"nextEl\": \".swiper-button-next\", \"prevEl\": \".swiper-button-prev\"}, \"keyboard\": { \"enabled\": true }, \"effect\": \"slide\",\"simulateTouch\":false}'>\n            <div class=\"swiper-wrapper\"><figure class=\"swiper-slide\">\n                <img decoding=\"async\" src=\"http:\/\/omdmhyd.org\/wp-content\/uploads\/2023\/02\/TV-television.jpg\" alt=\"\" style=\"height: 250px;; \">\n                <figcaption class=\"ub_image_slider_image_caption\"><\/figcaption>\n            <\/figure><\/div>\n            <div class=\"swiper-pagination\"><\/div>\n            <div class=\"swiper-button-prev\"><\/div> <div class=\"swiper-button-next\"><\/div>\n        <\/div>\n\n\n<div style=\"position: relative; overflow: hidden; width: 100%;padding-top: 56.25%;\">\n    <iframe loading=\"lazy\" width=\"560\" height=\"300\" src=\"https:\/\/vdo3.pro-fhi.net\/live-stream-video-widget\/rv7tv\" style=\"position: absolute;top: 0;left: 0;bottom: 0;right: 0;width: 100%;height: 100%;\" scrolling=\"no\" frameborder=\"0\" allow=\"autoplay\" allowfullscreen=\"\" webkitallowfullscreen=\"\" mozallowfullscreen=\"\" oallowfullscreen=\"\" msallowfullscreen=\"\"><\/iframe>\n<\/div>\n\n\n\n<iframe loading=\"lazy\" src=\"https:\/\/vdo3.pro-fhi.net\/viewer-widget\/rv7tv\" height=\"50\" width=\"60%\" frameBorder=\"0\"><\/iframe>\n\n\n\n<p><span style=\"text-align:center; display: block;\"><a href=\"https:\/\/medium.com\/@ipradeep\/get-free-ip-address-widget-for-your-blogger-website-blog-wordpress-ec215353762b\"><img decoding=\"async\" src=\"http:\/\/www.wieistmeineip.de\/ip-address\/?size=468x60\" border=\"0\"width=\"100%\" height=\"60\" alt=\"IP\" \/><\/a><br \/>\n\n\n\n<div id=\"ww_3ebe64f34f3b9\" v='1.3' loc='auto' a='{\"t\":\"ticker\",\"lang\":\"fr\",\"sl_lpl\":1,\"ids\":[\"wl749\"],\"font\":\"Arial\",\"sl_ics\":\"one_a\",\"sl_sot\":\"celsius\",\"cl_bkg\":\"image\",\"cl_font\":\"#FFFFFF\",\"cl_cloud\":\"#FFFFFF\",\"cl_persp\":\"#81D4FA\",\"cl_sun\":\"#FFC107\",\"cl_moon\":\"#FFC107\",\"cl_thund\":\"#FF5722\"}'>Plus de pr\u00e9visions: <a href=\"https:\/\/oneweather.org\/fr\/paris\/25_days\/\" id=\"ww_3ebe64f34f3b9_u\" target=\"_blank\" rel=\"noopener\">oneweather.org<\/a><\/div><script async src=\"https:\/\/app2.weatherwidget.org\/js\/?id=ww_3ebe64f34f3b9\"><\/script>\n\n\n\n<iframe src=\"https:\/\/vdo3.pro-fhi.net\/chat\/rv7tv\" height=\"100%\"width=\"100%\" frameBorder=\"0\"><\/iframe>\n\n\n\n<p><\/p>\n\n\n\n<pre class=\"wp-block-code\"><code><strong>Vous \u00eates au nombre de<\/strong> <img decoding=\"async\" title=\"People Online\" border=\"0\" height=\"52\" width=\"90\n \" src=\"http:\/\/whos.amung.us\/widget\/dzsg93pq\/RV7 MIX  Online, RV7 MIX  em Directo net ao vivo gratis.\" alt=\"\"> <\/code><\/pre>\n\n\n\n<p><\/p>\n","protected":false},"excerpt":{"rendered":"<p>Plus de pr\u00e9visions: oneweather.org<\/p>\n","protected":false},"author":1,"featured_media":1617,"parent":0,"menu_order":0,"comment_status":"closed","ping_status":"closed","template":"page-template\/custom-home-page.php","meta":{"saved_in_kubio":false,"telegram_tosend":false,"telegram_tosend_message":"","telegram_tosend_target":0,"sfsi_plus_gutenberg_text_before_share":"","sfsi_plus_gutenberg_show_text_before_share":"","sfsi_plus_gutenberg_icon_type":"","sfsi_plus_gutenberg_icon_alignemt":"","sfsi_plus_gutenburg_max_per_row":"","_themeisle_gutenberg_block_has_review":false,"footnotes":""},"class_list":["post-294","page","type-page","status-publish","has-post-thumbnail","hentry"],"kubio_ai_page_context":{"short_desc":"","purpose":"general"},"featured_image_src":"https:\/\/omdmhyd.org\/wp-content\/uploads\/2023\/02\/TV_television-OMDMHYD002.jpg","yoast_head":"<!-- This site is optimized with the Yoast SEO plugin v27.4 - https:\/\/yoast.com\/product\/yoast-seo-wordpress\/ -->\n<title>OMDMHYD TV | Omdmhyd Accueil<\/title>\n<meta name=\"description\" content=\"La station de t\u00e9l\u00e9vision de la communaut\u00e9 des H\u00e9breux Yisra\u00e9lites Bantous dispers\u00e9s dans le monde entier (WorldTv Omdmhyd).\" \/>\n<meta name=\"robots\" content=\"index, follow, max-snippet:-1, max-image-preview:large, max-video-preview:-1\" \/>\n<link rel=\"canonical\" href=\"http:\/\/omdmhyd.org\/index.php\/omdmhyd-tv-2\/\" \/>\n<meta property=\"og:locale\" content=\"fr_FR\" \/>\n<meta property=\"og:type\" content=\"article\" \/>\n<meta property=\"og:title\" content=\"OMDMHYD TV\" \/>\n<meta property=\"og:description\" content=\"La station de t\u00e9l\u00e9vision de la communaut\u00e9 des H\u00e9breux Yisra\u00e9lites Bantous dispers\u00e9s dans le monde entier (WorldTv Omdmhyd).\" \/>\n<meta property=\"og:url\" content=\"http:\/\/omdmhyd.org\/index.php\/omdmhyd-tv-2\/\" \/>\n<meta property=\"og:site_name\" content=\"Omdmhyd Accueil\" \/>\n<meta property=\"article:publisher\" content=\"https:\/\/www.facebook.com\/omdmhyd\" \/>\n<meta property=\"article:modified_time\" content=\"2023-12-08T16:38:57+00:00\" \/>\n<meta property=\"og:image\" content=\"http:\/\/omdmhyd.org\/wp-content\/uploads\/2023\/02\/TV_television-OMDMHYD002.jpg\" \/>\n\t<meta property=\"og:image:width\" content=\"990\" \/>\n\t<meta property=\"og:image:height\" content=\"570\" \/>\n\t<meta property=\"og:image:type\" content=\"image\/jpeg\" \/>\n<meta name=\"twitter:card\" content=\"summary_large_image\" \/>\n<meta name=\"twitter:title\" content=\"OMDMHYD TV\" \/>\n<meta name=\"twitter:description\" content=\"La station de t\u00e9l\u00e9vision de la communaut\u00e9 des H\u00e9breux Yisra\u00e9lites Bantous dispers\u00e9s dans le monde entier (WorldTv Omdmhyd).\" \/>\n<meta name=\"twitter:image\" content=\"https:\/\/omdmhyd.org\/wp-content\/uploads\/2023\/02\/TV_television-OMDMHYD002.jpg\" \/>\n<meta name=\"twitter:site\" content=\"@omdmhyd_ong\" \/>\n<meta name=\"twitter:label1\" content=\"Dur\u00e9e de lecture estim\u00e9e\" \/>\n\t<meta name=\"twitter:data1\" content=\"1 minute\" \/>\n<script type=\"application\/ld+json\" class=\"yoast-schema-graph\">{\"@context\":\"https:\\\/\\\/schema.org\",\"@graph\":[{\"@type\":\"WebPage\",\"@id\":\"http:\\\/\\\/omdmhyd.org\\\/index.php\\\/omdmhyd-tv-2\\\/\",\"url\":\"http:\\\/\\\/omdmhyd.org\\\/index.php\\\/omdmhyd-tv-2\\\/\",\"name\":\"OMDMHYD TV | Omdmhyd Accueil\",\"isPartOf\":{\"@id\":\"http:\\\/\\\/omdmhyd.org\\\/#website\"},\"primaryImageOfPage\":{\"@id\":\"http:\\\/\\\/omdmhyd.org\\\/index.php\\\/omdmhyd-tv-2\\\/#primaryimage\"},\"image\":{\"@id\":\"http:\\\/\\\/omdmhyd.org\\\/index.php\\\/omdmhyd-tv-2\\\/#primaryimage\"},\"thumbnailUrl\":\"https:\\\/\\\/omdmhyd.org\\\/wp-content\\\/uploads\\\/2023\\\/02\\\/TV_television-OMDMHYD002.jpg\",\"datePublished\":\"2023-02-02T20:30:40+00:00\",\"dateModified\":\"2023-12-08T16:38:57+00:00\",\"description\":\"La station de t\u00e9l\u00e9vision de la communaut\u00e9 des H\u00e9breux Yisra\u00e9lites Bantous dispers\u00e9s dans le monde entier (WorldTv Omdmhyd).\",\"breadcrumb\":{\"@id\":\"http:\\\/\\\/omdmhyd.org\\\/index.php\\\/omdmhyd-tv-2\\\/#breadcrumb\"},\"inLanguage\":\"fr-FR\",\"potentialAction\":[{\"@type\":\"ReadAction\",\"target\":[\"http:\\\/\\\/omdmhyd.org\\\/index.php\\\/omdmhyd-tv-2\\\/\"]}]},{\"@type\":\"ImageObject\",\"inLanguage\":\"fr-FR\",\"@id\":\"http:\\\/\\\/omdmhyd.org\\\/index.php\\\/omdmhyd-tv-2\\\/#primaryimage\",\"url\":\"https:\\\/\\\/omdmhyd.org\\\/wp-content\\\/uploads\\\/2023\\\/02\\\/TV_television-OMDMHYD002.jpg\",\"contentUrl\":\"https:\\\/\\\/omdmhyd.org\\\/wp-content\\\/uploads\\\/2023\\\/02\\\/TV_television-OMDMHYD002.jpg\",\"width\":990,\"height\":570},{\"@type\":\"BreadcrumbList\",\"@id\":\"http:\\\/\\\/omdmhyd.org\\\/index.php\\\/omdmhyd-tv-2\\\/#breadcrumb\",\"itemListElement\":[{\"@type\":\"ListItem\",\"position\":1,\"name\":\"Accueil\",\"item\":\"http:\\\/\\\/omdmhyd.org\\\/\"},{\"@type\":\"ListItem\",\"position\":2,\"name\":\"OMDMHYD TV\"}]},{\"@type\":\"WebSite\",\"@id\":\"http:\\\/\\\/omdmhyd.org\\\/#website\",\"url\":\"http:\\\/\\\/omdmhyd.org\\\/\",\"name\":\"ORGANISATION OMDMHYD\",\"description\":\"La d\u00e9fense des droits Bantous..\",\"publisher\":{\"@id\":\"http:\\\/\\\/omdmhyd.org\\\/#organization\"},\"potentialAction\":[{\"@type\":\"SearchAction\",\"target\":{\"@type\":\"EntryPoint\",\"urlTemplate\":\"http:\\\/\\\/omdmhyd.org\\\/?s={search_term_string}\"},\"query-input\":{\"@type\":\"PropertyValueSpecification\",\"valueRequired\":true,\"valueName\":\"search_term_string\"}}],\"inLanguage\":\"fr-FR\"},{\"@type\":\"Organization\",\"@id\":\"http:\\\/\\\/omdmhyd.org\\\/#organization\",\"name\":\"Organisation Mondiale de la D\u00e9fense des Droits et M\u00e9moires des H\u00e9breux Yisra\u00e9lites D\u00e9port\u00e9s et leur Descendants\",\"url\":\"http:\\\/\\\/omdmhyd.org\\\/\",\"logo\":{\"@type\":\"ImageObject\",\"inLanguage\":\"fr-FR\",\"@id\":\"http:\\\/\\\/omdmhyd.org\\\/#\\\/schema\\\/logo\\\/image\\\/\",\"url\":\"https:\\\/\\\/omdmhyd.org\\\/wp-content\\\/uploads\\\/2023\\\/02\\\/cropped-LOGO-OMDMHYD-140x140-1.jpg\",\"contentUrl\":\"https:\\\/\\\/omdmhyd.org\\\/wp-content\\\/uploads\\\/2023\\\/02\\\/cropped-LOGO-OMDMHYD-140x140-1.jpg\",\"width\":240,\"height\":240,\"caption\":\"Organisation Mondiale de la D\u00e9fense des Droits et M\u00e9moires des H\u00e9breux Yisra\u00e9lites D\u00e9port\u00e9s et leur Descendants\"},\"image\":{\"@id\":\"http:\\\/\\\/omdmhyd.org\\\/#\\\/schema\\\/logo\\\/image\\\/\"},\"sameAs\":[\"https:\\\/\\\/www.facebook.com\\\/omdmhyd\",\"https:\\\/\\\/x.com\\\/omdmhyd_ong\",\"https:\\\/\\\/t.me\\\/omdmhyd\",\"http:\\\/\\\/85.187.151.147\\\/-omdmhyd\",\"https:\\\/\\\/afritubes.com\\\/@OrganisationOMDMHYD\"]}]}<\/script>\n<!-- \/ Yoast SEO plugin. -->","yoast_head_json":{"title":"OMDMHYD TV | Omdmhyd Accueil","description":"La station de t\u00e9l\u00e9vision de la communaut\u00e9 des H\u00e9breux Yisra\u00e9lites Bantous dispers\u00e9s dans le monde entier (WorldTv Omdmhyd).","robots":{"index":"index","follow":"follow","max-snippet":"max-snippet:-1","max-image-preview":"max-image-preview:large","max-video-preview":"max-video-preview:-1"},"canonical":"http:\/\/omdmhyd.org\/index.php\/omdmhyd-tv-2\/","og_locale":"fr_FR","og_type":"article","og_title":"OMDMHYD TV","og_description":"La station de t\u00e9l\u00e9vision de la communaut\u00e9 des H\u00e9breux Yisra\u00e9lites Bantous dispers\u00e9s dans le monde entier (WorldTv Omdmhyd).","og_url":"http:\/\/omdmhyd.org\/index.php\/omdmhyd-tv-2\/","og_site_name":"Omdmhyd Accueil","article_publisher":"https:\/\/www.facebook.com\/omdmhyd","article_modified_time":"2023-12-08T16:38:57+00:00","og_image":[{"width":990,"height":570,"url":"http:\/\/omdmhyd.org\/wp-content\/uploads\/2023\/02\/TV_television-OMDMHYD002.jpg","type":"image\/jpeg"}],"twitter_card":"summary_large_image","twitter_title":"OMDMHYD TV","twitter_description":"La station de t\u00e9l\u00e9vision de la communaut\u00e9 des H\u00e9breux Yisra\u00e9lites Bantous dispers\u00e9s dans le monde entier (WorldTv Omdmhyd).","twitter_image":"https:\/\/omdmhyd.org\/wp-content\/uploads\/2023\/02\/TV_television-OMDMHYD002.jpg","twitter_site":"@omdmhyd_ong","twitter_misc":{"Dur\u00e9e de lecture estim\u00e9e":"1 minute"},"schema":{"@context":"https:\/\/schema.org","@graph":[{"@type":"WebPage","@id":"http:\/\/omdmhyd.org\/index.php\/omdmhyd-tv-2\/","url":"http:\/\/omdmhyd.org\/index.php\/omdmhyd-tv-2\/","name":"OMDMHYD TV | Omdmhyd Accueil","isPartOf":{"@id":"http:\/\/omdmhyd.org\/#website"},"primaryImageOfPage":{"@id":"http:\/\/omdmhyd.org\/index.php\/omdmhyd-tv-2\/#primaryimage"},"image":{"@id":"http:\/\/omdmhyd.org\/index.php\/omdmhyd-tv-2\/#primaryimage"},"thumbnailUrl":"https:\/\/omdmhyd.org\/wp-content\/uploads\/2023\/02\/TV_television-OMDMHYD002.jpg","datePublished":"2023-02-02T20:30:40+00:00","dateModified":"2023-12-08T16:38:57+00:00","description":"La station de t\u00e9l\u00e9vision de la communaut\u00e9 des H\u00e9breux Yisra\u00e9lites Bantous dispers\u00e9s dans le monde entier (WorldTv Omdmhyd).","breadcrumb":{"@id":"http:\/\/omdmhyd.org\/index.php\/omdmhyd-tv-2\/#breadcrumb"},"inLanguage":"fr-FR","potentialAction":[{"@type":"ReadAction","target":["http:\/\/omdmhyd.org\/index.php\/omdmhyd-tv-2\/"]}]},{"@type":"ImageObject","inLanguage":"fr-FR","@id":"http:\/\/omdmhyd.org\/index.php\/omdmhyd-tv-2\/#primaryimage","url":"https:\/\/omdmhyd.org\/wp-content\/uploads\/2023\/02\/TV_television-OMDMHYD002.jpg","contentUrl":"https:\/\/omdmhyd.org\/wp-content\/uploads\/2023\/02\/TV_television-OMDMHYD002.jpg","width":990,"height":570},{"@type":"BreadcrumbList","@id":"http:\/\/omdmhyd.org\/index.php\/omdmhyd-tv-2\/#breadcrumb","itemListElement":[{"@type":"ListItem","position":1,"name":"Accueil","item":"http:\/\/omdmhyd.org\/"},{"@type":"ListItem","position":2,"name":"OMDMHYD TV"}]},{"@type":"WebSite","@id":"http:\/\/omdmhyd.org\/#website","url":"http:\/\/omdmhyd.org\/","name":"ORGANISATION OMDMHYD","description":"La d\u00e9fense des droits Bantous..","publisher":{"@id":"http:\/\/omdmhyd.org\/#organization"},"potentialAction":[{"@type":"SearchAction","target":{"@type":"EntryPoint","urlTemplate":"http:\/\/omdmhyd.org\/?s={search_term_string}"},"query-input":{"@type":"PropertyValueSpecification","valueRequired":true,"valueName":"search_term_string"}}],"inLanguage":"fr-FR"},{"@type":"Organization","@id":"http:\/\/omdmhyd.org\/#organization","name":"Organisation Mondiale de la D\u00e9fense des Droits et M\u00e9moires des H\u00e9breux Yisra\u00e9lites D\u00e9port\u00e9s et leur Descendants","url":"http:\/\/omdmhyd.org\/","logo":{"@type":"ImageObject","inLanguage":"fr-FR","@id":"http:\/\/omdmhyd.org\/#\/schema\/logo\/image\/","url":"https:\/\/omdmhyd.org\/wp-content\/uploads\/2023\/02\/cropped-LOGO-OMDMHYD-140x140-1.jpg","contentUrl":"https:\/\/omdmhyd.org\/wp-content\/uploads\/2023\/02\/cropped-LOGO-OMDMHYD-140x140-1.jpg","width":240,"height":240,"caption":"Organisation Mondiale de la D\u00e9fense des Droits et M\u00e9moires des H\u00e9breux Yisra\u00e9lites D\u00e9port\u00e9s et leur Descendants"},"image":{"@id":"http:\/\/omdmhyd.org\/#\/schema\/logo\/image\/"},"sameAs":["https:\/\/www.facebook.com\/omdmhyd","https:\/\/x.com\/omdmhyd_ong","https:\/\/t.me\/omdmhyd","http:\/\/85.187.151.147\/-omdmhyd","https:\/\/afritubes.com\/@OrganisationOMDMHYD"]}]}},"_links":{"self":[{"href":"https:\/\/omdmhyd.org\/index.php\/wp-json\/wp\/v2\/pages\/294","targetHints":{"allow":["GET"]}}],"collection":[{"href":"https:\/\/omdmhyd.org\/index.php\/wp-json\/wp\/v2\/pages"}],"about":[{"href":"https:\/\/omdmhyd.org\/index.php\/wp-json\/wp\/v2\/types\/page"}],"author":[{"embeddable":true,"href":"https:\/\/omdmhyd.org\/index.php\/wp-json\/wp\/v2\/users\/1"}],"replies":[{"embeddable":true,"href":"https:\/\/omdmhyd.org\/index.php\/wp-json\/wp\/v2\/comments?post=294"}],"version-history":[{"count":37,"href":"https:\/\/omdmhyd.org\/index.php\/wp-json\/wp\/v2\/pages\/294\/revisions"}],"predecessor-version":[{"id":3025,"href":"https:\/\/omdmhyd.org\/index.php\/wp-json\/wp\/v2\/pages\/294\/revisions\/3025"}],"wp:featuredmedia":[{"embeddable":true,"href":"https:\/\/omdmhyd.org\/index.php\/wp-json\/wp\/v2\/media\/1617"}],"wp:attachment":[{"href":"https:\/\/omdmhyd.org\/index.php\/wp-json\/wp\/v2\/media?parent=294"}],"curies":[{"name":"wp","href":"https:\/\/api.w.org\/{rel}","templated":true}]}}