{"id":2935,"date":"2023-11-06T14:08:45","date_gmt":"2023-11-06T13:08:45","guid":{"rendered":"https:\/\/omdmhyd.org\/?page_id=2935"},"modified":"2025-02-19T10:38:51","modified_gmt":"2025-02-19T09:38:51","slug":"omdmhyd-live-tv","status":"publish","type":"page","link":"https:\/\/omdmhyd.org\/index.php\/omdmhyd-live-tv\/","title":{"rendered":"OMDMHYD LIVE TV"},"content":{"rendered":"<div style=\"min-height: 285px;; \" class=\"ub_image_slider swiper-container wp-block-ub-image-slider\" id=\"ub_image_slider_e1038ff5-c790-48a5-a123-d58aaec5c7d6\" data-swiper-data='{\"speed\":300,\"spaceBetween\":20,\"slidesPerView\":1,\"loop\":true,\"pagination\":{\"el\": \".swiper-pagination\" , \"type\": \"bullets\", \"clickable\":true},\"navigation\": {\"nextEl\": \".swiper-button-next\", \"prevEl\": \".swiper-button-prev\"}, \"keyboard\": { \"enabled\": true }, \"effect\": \"slide\",\"simulateTouch\":false}'>\n            <div class=\"swiper-wrapper\"><figure class=\"swiper-slide\">\n                <img decoding=\"async\" src=\"http:\/\/omdmhyd.org\/wp-content\/uploads\/2023\/02\/TV-television.jpg\" alt=\"\" style=\"height: 250px;; \">\n                <figcaption class=\"ub_image_slider_image_caption\"><a href=\"https:\/\/www.facebook.com\/omdmhyd\" target=\"_blank\" rel=\"noreferrer noopener\"><br><\/a><\/figcaption>\n            <\/figure><\/div>\n            <div class=\"swiper-pagination\"><\/div>\n            <div class=\"swiper-button-prev\"><\/div> <div class=\"swiper-button-next\"><\/div>\n        <\/div>\n\n\n<h1 class=\"wp-block-heading has-text-align-center\">OMDMHYD LIVE TV<\/h1>\n\n\n\n<div style=\"position: relative; overflow: hidden; width: 100%;padding-top: 56.25%;\">\n    <iframe loading=\"lazy\" width=\"560\" height=\"300\" src=\"https:\/\/vdo3.pro-fhi.net\/server-stream-video-widget\/rv7tv\" style=\"position: absolute;top: 0;left: 0;bottom: 0;right: 0;width: 100%;height: 100%;\" scrolling=\"no\" frameborder=\"0\" allow=\"autoplay\" allowfullscreen=\"\" webkitallowfullscreen=\"\" mozallowfullscreen=\"\" oallowfullscreen=\"\" msallowfullscreen=\"\"><\/iframe>\n<\/div>\n\n\n\n<p>\ud83d\udd4e\ud83c\udfa5\ud83d\udcfa <strong>La cha\u00eene des H\u00e9breux Yisra\u00e9lites D\u00e9port\u00e9s Bantous dispers\u00e9s, le but est de restaurer la v\u00e9rit\u00e9 cach\u00e9e depuis plus de 2000 ans. La vraie langue H\u00e9breu Yisra\u00e9lite antique est le pal\u00e9o H\u00e9breu et non la langue ou l&rsquo;alphabet Yiddish.<\/strong><\/p>\n\n\n\n<h2 class=\"wp-block-heading has-text-align-center\"><strong>LE VRAI PAL\u00c9O H\u00c9BREU ET NON L&rsquo;ALPHABET YIDDISH ACTUEL<\/strong><\/h2>\n\n\n<div class=\"wp-block-image\">\n<figure class=\"aligncenter size-large is-resized\"><img decoding=\"async\" src=\"https:\/\/i.etsystatic.com\/5652231\/r\/il\/8651e7\/3858532098\/il_794xN.3858532098_ob64.jpg\" alt=\"\" style=\"aspect-ratio:1.2234206471494606;width:1342px;height:auto\"\/><\/figure>\n<\/div>\n\n<div class=\"wp-block-image\">\n<figure class=\"aligncenter size-large is-resized\"><img decoding=\"async\" src=\"https:\/\/www.onworks.net\/imagescropped\/paleohebrewabjadscreenshot1.png_3.webp\" alt=\"\" style=\"aspect-ratio:2.75;width:1342px;height:auto\"\/><figcaption class=\"wp-element-caption\"><strong>LE VRAI PAL\u00c9O H\u00c9BREU ET NON L&rsquo;ALPHABET YIDDISH ACTUEL<\/strong><\/figcaption><\/figure>\n<\/div>\n\n\n<p><strong>Citation de l\u2019Almanach juif de 1980, page 3 :<\/strong><\/p>\n\n\n\n<blockquote class=\"wp-block-quote is-layout-flow wp-block-quote-is-layout-flow\">\n<p>Selon l\u2019Almanach juif de 1980, page 3, il est affirm\u00e9 que \u00ab&nbsp;<em>Strictement parlant, il est incorrect d\u2019appeler <strong>un Isra\u00e9lite antique \u201cjuif\u201d ou d\u2019appeler un \u201cjuif contemporain\u201d Isra\u00e9lite ou H\u00e9breu<\/strong><\/em>. <\/p>\n<\/blockquote>\n\n\n\n<p><\/p>\n\n\n<div class=\"wp-block-ub-social-share\" id=\"ub-social-share-70775ffd-e81f-4fb5-a4ba-7a2c9b6be922\">\n\t\t\t<div class=\"social-share-icons align-icons-center orientation-icons-row\"><a aria-label=\"facebook-logo\" target=\"_blank\" rel=\"nofollow\" href=\"https:\/\/www.facebook.com\/sharer\/sharer.php?u=https%3A%2F%2Fomdmhyd.org%2Findex.php%2Fomdmhyd-live-tv%2F&amp;title=OMDMHYD%20LIVE%20TV\" class=\"ub-social-share-facebook-container\" style=\"border-color: #1877f2; background-color: transparent; box-shadow: none; \">\n\t\t\t\t<span class=\"social-share-icon ub-social-share-facebook\" style=\"width: 30px; height: 30px; \"><svg xmlns=\"http:\/\/www.w3.org\/2000\/svg\" style=\"fill:#1877f2\" fill=\"#1877f2\" width=\"20\" height=\"20\" viewbox=\"0 0 264 512\"><path d=\"M76.7 512V283H0v-91h76.7v-71.7C76.7 42.4 124.3 0 193.8 0c33.3 0 61.9 2.5 70.2 3.6V85h-48.2c-37.8 0-45.1 18-45.1 44.3V192H256l-11.7 91h-73.6v229\"><\/path><\/svg><\/span><span style=\"\">share<\/span>\n\t\t\t<\/a><a aria-label=\"twitter-logo\" target=\"_blank\" rel=\"nofollow\" href=\"http:\/\/twitter.com\/intent\/tweet?url=https%3A%2F%2Fomdmhyd.org%2Findex.php%2Fomdmhyd-live-tv%2F&amp;text=OMDMHYD%20LIVE%20TV\" class=\"ub-social-share-twitter-container\" style=\"border-color: #1d9bf0; background-color: transparent; box-shadow: none; \">\n\t\t\t\t<span class=\"social-share-icon ub-social-share-twitter\" style=\"width: 30px; height: 30px; \"><svg xmlns=\"http:\/\/www.w3.org\/2000\/svg\" style=\"color:#1d9BF0\" fill=\"#1d9BF0\" width=\"20\" height=\"20\" viewbox=\"0 0 24 24\"><path d=\"M18.901 1.153h3.68l-8.04 9.19L24 22.846h-7.406l-5.8-7.584l-6.638 7.584H.474l8.6-9.83L0 1.154h7.594l5.243 6.932ZM17.61 20.644h2.039L6.486 3.24H4.298Z\"><\/path><\/svg><\/span><span style=\"\">tweet<\/span>\n\t\t\t<\/a><a aria-label=\"linkedin-logo\" target=\"_blank\" rel=\"nofollow\" href=\"https:\/\/www.linkedin.com\/sharing\/share-offsite\/?url=https%3A%2F%2Fomdmhyd.org%2Findex.php%2Fomdmhyd-live-tv%2F\" class=\"ub-social-share-linkedin-container\" style=\"border-color: #2867b2; background-color: transparent; box-shadow: none; \">\n\t\t\t\t<span class=\"social-share-icon ub-social-share-linkedin\" style=\"width: 30px; height: 30px; \"><svg xmlns=\"http:\/\/www.w3.org\/2000\/svg\" style=\"fill:#2867b2\" fill=\"#2867b2\" width=\"20\" height=\"20\" viewbox=\"0 0 448 512\"><path d=\"M100.3 480H7.4V180.9h92.9V480zM53.8 140.1C24.1 140.1 0 115.5 0 85.8 0 56.1 24.1 32 53.8 32c29.7 0 53.8 24.1 53.8 53.8 0 29.7-24.1 54.3-53.8 54.3zM448 480h-92.7V334.4c0-34.7-.7-79.2-48.3-79.2-48.3 0-55.7 37.7-55.7 76.7V480h-92.8V180.9h89.1v40.8h1.3c12.4-23.5 42.7-48.3 87.9-48.3 94 0 111.3 61.9 111.3 142.3V480z\"><\/path><\/svg><\/span><span style=\"\">share<\/span>\n\t\t\t<\/a><a aria-label=\"pinterest-logo\" target=\"_blank\" rel=\"nofollow\" href=\"https:\/\/pinterest.com\/pin\/create\/button\/?&amp;url=https%3A%2F%2Fomdmhyd.org%2Findex.php%2Fomdmhyd-live-tv%2F&amp;description=OMDMHYD%20LIVE%20TV&amp;media=\" class=\"ub-social-share-pinterest-container\" style=\"border-color: #e60023; background-color: transparent; box-shadow: none; \">\n\t\t\t\t<span class=\"social-share-icon ub-social-share-pinterest\" style=\"width: 30px; height: 30px; \"><svg xmlns=\"http:\/\/www.w3.org\/2000\/svg\" style=\"fill:#e60023\" fill=\"#e60023\" width=\"20\" height=\"20\" viewbox=\"0 0 384 512\"><path d=\"M204 6.5C101.4 6.5 0 74.9 0 185.6 0 256 39.6 296 63.6 296c9.9 0 15.6-27.6 15.6-35.4 0-9.3-23.7-29.1-23.7-67.8 0-80.4 61.2-137.4 140.4-137.4 68.1 0 118.5 38.7 118.5 109.8 0 53.1-21.3 152.7-90.3 152.7-24.9 0-46.2-18-46.2-43.8 0-37.8 26.4-74.4 26.4-113.4 0-66.2-93.9-54.2-93.9 25.8 0 16.8 2.1 35.4 9.6 50.7-13.8 59.4-42 147.9-42 209.1 0 18.9 2.7 37.5 4.5 56.4 3.4 3.8 1.7 3.4 6.9 1.5 50.4-69 48.6-82.5 71.4-172.8 12.3 23.4 44.1 36 69.3 36 106.2 0 153.9-103.5 153.9-196.8C384 71.3 298.2 6.5 204 6.5z\"><\/path><\/svg><\/span><span style=\"\">pin<\/span>\n\t\t\t<\/a><a aria-label=\"reddit-logo\" target=\"_blank\" rel=\"nofollow\" href=\"http:\/\/www.reddit.com\/submit?url=https%3A%2F%2Fomdmhyd.org%2Findex.php%2Fomdmhyd-live-tv%2F&amp;title=OMDMHYD%20LIVE%20TV\" class=\"ub-social-share-reddit-container\" style=\"border-color: #ff4500; background-color: transparent; box-shadow: none; \">\n\t\t\t\t<span class=\"social-share-icon ub-social-share-reddit\" style=\"width: 30px; height: 30px; \"><svg xmlns=\"http:\/\/www.w3.org\/2000\/svg\" style=\"fill:#ff4500\" fill=\"#ff4500\" width=\"20\" height=\"20\" viewbox=\"0 0 512 512\"><path d=\"M440.3 203.5c-15 0-28.2 6.2-37.9 15.9-35.7-24.7-83.8-40.6-137.1-42.3L293 52.3l88.2 19.8c0 21.6 17.6 39.2 39.2 39.2 22 0 39.7-18.1 39.7-39.7s-17.6-39.7-39.7-39.7c-15.4 0-28.7 9.3-35.3 22l-97.4-21.6c-4.9-1.3-9.7 2.2-11 7.1L246.3 177c-52.9 2.2-100.5 18.1-136.3 42.8-9.7-10.1-23.4-16.3-38.4-16.3-55.6 0-73.8 74.6-22.9 100.1-1.8 7.9-2.6 16.3-2.6 24.7 0 83.8 94.4 151.7 210.3 151.7 116.4 0 210.8-67.9 210.8-151.7 0-8.4-.9-17.2-3.1-25.1 49.9-25.6 31.5-99.7-23.8-99.7zM129.4 308.9c0-22 17.6-39.7 39.7-39.7 21.6 0 39.2 17.6 39.2 39.7 0 21.6-17.6 39.2-39.2 39.2-22 .1-39.7-17.6-39.7-39.2zm214.3 93.5c-36.4 36.4-139.1 36.4-175.5 0-4-3.5-4-9.7 0-13.7 3.5-3.5 9.7-3.5 13.2 0 27.8 28.5 120 29 149 0 3.5-3.5 9.7-3.5 13.2 0 4.1 4 4.1 10.2.1 13.7zm-.8-54.2c-21.6 0-39.2-17.6-39.2-39.2 0-22 17.6-39.7 39.2-39.7 22 0 39.7 17.6 39.7 39.7-.1 21.5-17.7 39.2-39.7 39.2z\"><\/path><\/svg><\/span><span style=\"\">post<\/span>\n\t\t\t<\/a><a aria-label=\"tumblr-logo\" target=\"_blank\" rel=\"nofollow\" href=\"https:\/\/www.tumblr.com\/widgets\/share\/tool?canonicalUrl=https%3A%2F%2Fomdmhyd.org%2Findex.php%2Fomdmhyd-live-tv%2F&amp;title=OMDMHYD%20LIVE%20TV\" class=\"ub-social-share-tumblr-container\" style=\"border-color: #001935; background-color: transparent; box-shadow: none; \">\n\t\t\t\t<span class=\"social-share-icon ub-social-share-tumblr\" style=\"width: 30px; height: 30px; \"><svg xmlns=\"http:\/\/www.w3.org\/2000\/svg\" style=\"fill:#001935\" fill=\"#001935\" width=\"20\" height=\"20\" viewbox=\"0 0 320 512\"><path d=\"M309.8 480.3c-13.6 14.5-50 31.7-97.4 31.7-120.8 0-147-88.8-147-140.6v-144H17.9c-5.5 0-10-4.5-10-10v-68c0-7.2 4.5-13.6 11.3-16 62-21.8 81.5-76 84.3-117.1.8-11 6.5-16.3 16.1-16.3h70.9c5.5 0 10 4.5 10 10v115.2h83c5.5 0 10 4.4 10 9.9v81.7c0 5.5-4.5 10-10 10h-83.4V360c0 34.2 23.7 53.6 68 35.8 4.8-1.9 9-3.2 12.7-2.2 3.5.9 5.8 3.4 7.4 7.9l22 64.3c1.8 5 3.3 10.6-.4 14.5z\"><\/path><\/svg><\/span><span style=\"\">share<\/span>\n\t\t\t<\/a><\/div>\n\t\t<\/div>\n\n\n<pre class=\"wp-block-code\"><code><strong>Vous \u00eates au nombre de<\/strong> <img decoding=\"async\" title=\"People Online\" border=\"0\" height=\"52\" width=\"90\n \" src=\"http:\/\/whos.amung.us\/widget\/dzsg93pq\/OMDMHYD  Online, OMDMHYD  em Directo net ao vivo gratis.\" alt=\"\"> <\/code><\/pre>\n\n\n\n<p><\/p>\n\n\n\n<p><\/p>\n\n\n\n<p><\/p>\n","protected":false},"excerpt":{"rendered":"<p>OMDMHYD LIVE TV \ud83d\udd4e\ud83c\udfa5\ud83d\udcfa La cha\u00eene des H\u00e9breux Yisra\u00e9lites D\u00e9port\u00e9s Bantous dispers\u00e9s, le but est de restaurer la v\u00e9rit\u00e9 cach\u00e9e depuis plus de 2000 ans. La vraie langue H\u00e9breu Yisra\u00e9lite antique est le pal\u00e9o H\u00e9breu et non la langue ou l&rsquo;alphabet Yiddish. LE VRAI PAL\u00c9O H\u00c9BREU ET NON L&rsquo;ALPHABET YIDDISH ACTUEL Citation de l\u2019Almanach juif [&hellip;]<\/p>\n","protected":false},"author":1,"featured_media":0,"parent":0,"menu_order":0,"comment_status":"closed","ping_status":"closed","template":"","meta":{"saved_in_kubio":false,"telegram_tosend":false,"telegram_tosend_message":"","telegram_tosend_target":0,"sfsi_plus_gutenberg_text_before_share":"","sfsi_plus_gutenberg_show_text_before_share":"","sfsi_plus_gutenberg_icon_type":"","sfsi_plus_gutenberg_icon_alignemt":"","sfsi_plus_gutenburg_max_per_row":"","_themeisle_gutenberg_block_has_review":false,"footnotes":""},"class_list":["post-2935","page","type-page","status-publish","hentry"],"kubio_ai_page_context":{"short_desc":"","purpose":"general"},"featured_image_src":null,"yoast_head":"<!-- This site is optimized with the Yoast SEO plugin v27.4 - https:\/\/yoast.com\/product\/yoast-seo-wordpress\/ -->\n<title>OMDMHYD LIVE TV | Omdmhyd Accueil<\/title>\n<meta name=\"description\" content=\"La cha\u00eene des H\u00e9breux Yisra\u00e9lites D\u00e9port\u00e9s, le but est de restaurer la v\u00e9rit\u00e9 cach\u00e9e depuis plus de 2000 ans. La vraie langue H\u00e9breu Yisra\u00e9lite antique est le pal\u00e9o H\u00e9breu et non la langue ou l&#039;alphabet Yiddish.\" \/>\n<meta name=\"robots\" content=\"index, follow, max-snippet:-1, max-image-preview:large, max-video-preview:-1\" \/>\n<link rel=\"canonical\" href=\"http:\/\/omdmhyd.org\/index.php\/omdmhyd-live-tv\/\" \/>\n<meta property=\"og:locale\" content=\"fr_FR\" \/>\n<meta property=\"og:type\" content=\"article\" \/>\n<meta property=\"og:title\" content=\"OMDMHYD LIVE TV\" \/>\n<meta property=\"og:description\" content=\"La cha\u00eene des H\u00e9breux Yisra\u00e9lites D\u00e9port\u00e9s, le but est de restaurer la v\u00e9rit\u00e9 cach\u00e9e depuis plus de 2000 ans. La vraie langue H\u00e9breu Yisra\u00e9lite antique est le pal\u00e9o H\u00e9breu et non la langue ou l&#039;alphabet Yiddish.\" \/>\n<meta property=\"og:url\" content=\"http:\/\/omdmhyd.org\/index.php\/omdmhyd-live-tv\/\" \/>\n<meta property=\"og:site_name\" content=\"Omdmhyd Accueil\" \/>\n<meta property=\"article:publisher\" content=\"https:\/\/www.facebook.com\/omdmhyd\" \/>\n<meta property=\"article:modified_time\" content=\"2025-02-19T09:38:51+00:00\" \/>\n<meta property=\"og:image\" content=\"http:\/\/omdmhyd.org\/wp-content\/uploads\/2023\/02\/TV_television-OMDMHYD002.jpg\" \/>\n\t<meta property=\"og:image:width\" content=\"990\" \/>\n\t<meta property=\"og:image:height\" content=\"570\" \/>\n\t<meta property=\"og:image:type\" content=\"image\/jpeg\" \/>\n<meta name=\"twitter:card\" content=\"summary_large_image\" \/>\n<meta name=\"twitter:title\" content=\"OMDMHYD LIVE TV\" \/>\n<meta name=\"twitter:description\" content=\"La cha\u00eene des H\u00e9breux Yisra\u00e9lites D\u00e9port\u00e9s, le but est de restaurer la v\u00e9rit\u00e9 cach\u00e9e depuis plus de 2000 ans. La vraie langue H\u00e9breu Yisra\u00e9lite antique est le pal\u00e9o H\u00e9breu et non la langue ou l&#039;alphabet Yiddish.\" \/>\n<meta name=\"twitter:image\" content=\"https:\/\/omdmhyd.org\/wp-content\/uploads\/2023\/02\/TV_television-OMDMHYD002.jpg\" \/>\n<meta name=\"twitter:site\" content=\"@omdmhyd_ong\" \/>\n<meta name=\"twitter:label1\" content=\"Dur\u00e9e de lecture estim\u00e9e\" \/>\n\t<meta name=\"twitter:data1\" content=\"1 minute\" \/>\n<script type=\"application\/ld+json\" class=\"yoast-schema-graph\">{\"@context\":\"https:\\\/\\\/schema.org\",\"@graph\":[{\"@type\":\"WebPage\",\"@id\":\"http:\\\/\\\/omdmhyd.org\\\/index.php\\\/omdmhyd-live-tv\\\/\",\"url\":\"http:\\\/\\\/omdmhyd.org\\\/index.php\\\/omdmhyd-live-tv\\\/\",\"name\":\"OMDMHYD LIVE TV | Omdmhyd Accueil\",\"isPartOf\":{\"@id\":\"http:\\\/\\\/omdmhyd.org\\\/#website\"},\"primaryImageOfPage\":{\"@id\":\"http:\\\/\\\/omdmhyd.org\\\/index.php\\\/omdmhyd-live-tv\\\/#primaryimage\"},\"image\":{\"@id\":\"http:\\\/\\\/omdmhyd.org\\\/index.php\\\/omdmhyd-live-tv\\\/#primaryimage\"},\"thumbnailUrl\":\"https:\\\/\\\/i.etsystatic.com\\\/5652231\\\/r\\\/il\\\/8651e7\\\/3858532098\\\/il_794xN.3858532098_ob64.jpg\",\"datePublished\":\"2023-11-06T13:08:45+00:00\",\"dateModified\":\"2025-02-19T09:38:51+00:00\",\"description\":\"La cha\u00eene des H\u00e9breux Yisra\u00e9lites D\u00e9port\u00e9s, le but est de restaurer la v\u00e9rit\u00e9 cach\u00e9e depuis plus de 2000 ans. La vraie langue H\u00e9breu Yisra\u00e9lite antique est le pal\u00e9o H\u00e9breu et non la langue ou l'alphabet Yiddish.\",\"breadcrumb\":{\"@id\":\"http:\\\/\\\/omdmhyd.org\\\/index.php\\\/omdmhyd-live-tv\\\/#breadcrumb\"},\"inLanguage\":\"fr-FR\",\"potentialAction\":[{\"@type\":\"ReadAction\",\"target\":[\"http:\\\/\\\/omdmhyd.org\\\/index.php\\\/omdmhyd-live-tv\\\/\"]}]},{\"@type\":\"ImageObject\",\"inLanguage\":\"fr-FR\",\"@id\":\"http:\\\/\\\/omdmhyd.org\\\/index.php\\\/omdmhyd-live-tv\\\/#primaryimage\",\"url\":\"https:\\\/\\\/i.etsystatic.com\\\/5652231\\\/r\\\/il\\\/8651e7\\\/3858532098\\\/il_794xN.3858532098_ob64.jpg\",\"contentUrl\":\"https:\\\/\\\/i.etsystatic.com\\\/5652231\\\/r\\\/il\\\/8651e7\\\/3858532098\\\/il_794xN.3858532098_ob64.jpg\"},{\"@type\":\"BreadcrumbList\",\"@id\":\"http:\\\/\\\/omdmhyd.org\\\/index.php\\\/omdmhyd-live-tv\\\/#breadcrumb\",\"itemListElement\":[{\"@type\":\"ListItem\",\"position\":1,\"name\":\"Accueil\",\"item\":\"http:\\\/\\\/omdmhyd.org\\\/\"},{\"@type\":\"ListItem\",\"position\":2,\"name\":\"OMDMHYD LIVE TV\"}]},{\"@type\":\"WebSite\",\"@id\":\"http:\\\/\\\/omdmhyd.org\\\/#website\",\"url\":\"http:\\\/\\\/omdmhyd.org\\\/\",\"name\":\"ORGANISATION OMDMHYD\",\"description\":\"La d\u00e9fense des droits Bantous..\",\"publisher\":{\"@id\":\"http:\\\/\\\/omdmhyd.org\\\/#organization\"},\"potentialAction\":[{\"@type\":\"SearchAction\",\"target\":{\"@type\":\"EntryPoint\",\"urlTemplate\":\"http:\\\/\\\/omdmhyd.org\\\/?s={search_term_string}\"},\"query-input\":{\"@type\":\"PropertyValueSpecification\",\"valueRequired\":true,\"valueName\":\"search_term_string\"}}],\"inLanguage\":\"fr-FR\"},{\"@type\":\"Organization\",\"@id\":\"http:\\\/\\\/omdmhyd.org\\\/#organization\",\"name\":\"Organisation Mondiale de la D\u00e9fense des Droits et M\u00e9moires des H\u00e9breux Yisra\u00e9lites D\u00e9port\u00e9s et leur Descendants\",\"url\":\"http:\\\/\\\/omdmhyd.org\\\/\",\"logo\":{\"@type\":\"ImageObject\",\"inLanguage\":\"fr-FR\",\"@id\":\"http:\\\/\\\/omdmhyd.org\\\/#\\\/schema\\\/logo\\\/image\\\/\",\"url\":\"https:\\\/\\\/omdmhyd.org\\\/wp-content\\\/uploads\\\/2023\\\/02\\\/cropped-LOGO-OMDMHYD-140x140-1.jpg\",\"contentUrl\":\"https:\\\/\\\/omdmhyd.org\\\/wp-content\\\/uploads\\\/2023\\\/02\\\/cropped-LOGO-OMDMHYD-140x140-1.jpg\",\"width\":240,\"height\":240,\"caption\":\"Organisation Mondiale de la D\u00e9fense des Droits et M\u00e9moires des H\u00e9breux Yisra\u00e9lites D\u00e9port\u00e9s et leur Descendants\"},\"image\":{\"@id\":\"http:\\\/\\\/omdmhyd.org\\\/#\\\/schema\\\/logo\\\/image\\\/\"},\"sameAs\":[\"https:\\\/\\\/www.facebook.com\\\/omdmhyd\",\"https:\\\/\\\/x.com\\\/omdmhyd_ong\",\"https:\\\/\\\/t.me\\\/omdmhyd\",\"http:\\\/\\\/85.187.151.147\\\/-omdmhyd\",\"https:\\\/\\\/afritubes.com\\\/@OrganisationOMDMHYD\"]}]}<\/script>\n<!-- \/ Yoast SEO plugin. -->","yoast_head_json":{"title":"OMDMHYD LIVE TV | Omdmhyd Accueil","description":"La cha\u00eene des H\u00e9breux Yisra\u00e9lites D\u00e9port\u00e9s, le but est de restaurer la v\u00e9rit\u00e9 cach\u00e9e depuis plus de 2000 ans. La vraie langue H\u00e9breu Yisra\u00e9lite antique est le pal\u00e9o H\u00e9breu et non la langue ou l'alphabet Yiddish.","robots":{"index":"index","follow":"follow","max-snippet":"max-snippet:-1","max-image-preview":"max-image-preview:large","max-video-preview":"max-video-preview:-1"},"canonical":"http:\/\/omdmhyd.org\/index.php\/omdmhyd-live-tv\/","og_locale":"fr_FR","og_type":"article","og_title":"OMDMHYD LIVE TV","og_description":"La cha\u00eene des H\u00e9breux Yisra\u00e9lites D\u00e9port\u00e9s, le but est de restaurer la v\u00e9rit\u00e9 cach\u00e9e depuis plus de 2000 ans. La vraie langue H\u00e9breu Yisra\u00e9lite antique est le pal\u00e9o H\u00e9breu et non la langue ou l'alphabet Yiddish.","og_url":"http:\/\/omdmhyd.org\/index.php\/omdmhyd-live-tv\/","og_site_name":"Omdmhyd Accueil","article_publisher":"https:\/\/www.facebook.com\/omdmhyd","article_modified_time":"2025-02-19T09:38:51+00:00","og_image":[{"width":990,"height":570,"url":"http:\/\/omdmhyd.org\/wp-content\/uploads\/2023\/02\/TV_television-OMDMHYD002.jpg","type":"image\/jpeg"}],"twitter_card":"summary_large_image","twitter_title":"OMDMHYD LIVE TV","twitter_description":"La cha\u00eene des H\u00e9breux Yisra\u00e9lites D\u00e9port\u00e9s, le but est de restaurer la v\u00e9rit\u00e9 cach\u00e9e depuis plus de 2000 ans. La vraie langue H\u00e9breu Yisra\u00e9lite antique est le pal\u00e9o H\u00e9breu et non la langue ou l'alphabet Yiddish.","twitter_image":"https:\/\/omdmhyd.org\/wp-content\/uploads\/2023\/02\/TV_television-OMDMHYD002.jpg","twitter_site":"@omdmhyd_ong","twitter_misc":{"Dur\u00e9e de lecture estim\u00e9e":"1 minute"},"schema":{"@context":"https:\/\/schema.org","@graph":[{"@type":"WebPage","@id":"http:\/\/omdmhyd.org\/index.php\/omdmhyd-live-tv\/","url":"http:\/\/omdmhyd.org\/index.php\/omdmhyd-live-tv\/","name":"OMDMHYD LIVE TV | Omdmhyd Accueil","isPartOf":{"@id":"http:\/\/omdmhyd.org\/#website"},"primaryImageOfPage":{"@id":"http:\/\/omdmhyd.org\/index.php\/omdmhyd-live-tv\/#primaryimage"},"image":{"@id":"http:\/\/omdmhyd.org\/index.php\/omdmhyd-live-tv\/#primaryimage"},"thumbnailUrl":"https:\/\/i.etsystatic.com\/5652231\/r\/il\/8651e7\/3858532098\/il_794xN.3858532098_ob64.jpg","datePublished":"2023-11-06T13:08:45+00:00","dateModified":"2025-02-19T09:38:51+00:00","description":"La cha\u00eene des H\u00e9breux Yisra\u00e9lites D\u00e9port\u00e9s, le but est de restaurer la v\u00e9rit\u00e9 cach\u00e9e depuis plus de 2000 ans. La vraie langue H\u00e9breu Yisra\u00e9lite antique est le pal\u00e9o H\u00e9breu et non la langue ou l'alphabet Yiddish.","breadcrumb":{"@id":"http:\/\/omdmhyd.org\/index.php\/omdmhyd-live-tv\/#breadcrumb"},"inLanguage":"fr-FR","potentialAction":[{"@type":"ReadAction","target":["http:\/\/omdmhyd.org\/index.php\/omdmhyd-live-tv\/"]}]},{"@type":"ImageObject","inLanguage":"fr-FR","@id":"http:\/\/omdmhyd.org\/index.php\/omdmhyd-live-tv\/#primaryimage","url":"https:\/\/i.etsystatic.com\/5652231\/r\/il\/8651e7\/3858532098\/il_794xN.3858532098_ob64.jpg","contentUrl":"https:\/\/i.etsystatic.com\/5652231\/r\/il\/8651e7\/3858532098\/il_794xN.3858532098_ob64.jpg"},{"@type":"BreadcrumbList","@id":"http:\/\/omdmhyd.org\/index.php\/omdmhyd-live-tv\/#breadcrumb","itemListElement":[{"@type":"ListItem","position":1,"name":"Accueil","item":"http:\/\/omdmhyd.org\/"},{"@type":"ListItem","position":2,"name":"OMDMHYD LIVE TV"}]},{"@type":"WebSite","@id":"http:\/\/omdmhyd.org\/#website","url":"http:\/\/omdmhyd.org\/","name":"ORGANISATION OMDMHYD","description":"La d\u00e9fense des droits Bantous..","publisher":{"@id":"http:\/\/omdmhyd.org\/#organization"},"potentialAction":[{"@type":"SearchAction","target":{"@type":"EntryPoint","urlTemplate":"http:\/\/omdmhyd.org\/?s={search_term_string}"},"query-input":{"@type":"PropertyValueSpecification","valueRequired":true,"valueName":"search_term_string"}}],"inLanguage":"fr-FR"},{"@type":"Organization","@id":"http:\/\/omdmhyd.org\/#organization","name":"Organisation Mondiale de la D\u00e9fense des Droits et M\u00e9moires des H\u00e9breux Yisra\u00e9lites D\u00e9port\u00e9s et leur Descendants","url":"http:\/\/omdmhyd.org\/","logo":{"@type":"ImageObject","inLanguage":"fr-FR","@id":"http:\/\/omdmhyd.org\/#\/schema\/logo\/image\/","url":"https:\/\/omdmhyd.org\/wp-content\/uploads\/2023\/02\/cropped-LOGO-OMDMHYD-140x140-1.jpg","contentUrl":"https:\/\/omdmhyd.org\/wp-content\/uploads\/2023\/02\/cropped-LOGO-OMDMHYD-140x140-1.jpg","width":240,"height":240,"caption":"Organisation Mondiale de la D\u00e9fense des Droits et M\u00e9moires des H\u00e9breux Yisra\u00e9lites D\u00e9port\u00e9s et leur Descendants"},"image":{"@id":"http:\/\/omdmhyd.org\/#\/schema\/logo\/image\/"},"sameAs":["https:\/\/www.facebook.com\/omdmhyd","https:\/\/x.com\/omdmhyd_ong","https:\/\/t.me\/omdmhyd","http:\/\/85.187.151.147\/-omdmhyd","https:\/\/afritubes.com\/@OrganisationOMDMHYD"]}]}},"_links":{"self":[{"href":"https:\/\/omdmhyd.org\/index.php\/wp-json\/wp\/v2\/pages\/2935","targetHints":{"allow":["GET"]}}],"collection":[{"href":"https:\/\/omdmhyd.org\/index.php\/wp-json\/wp\/v2\/pages"}],"about":[{"href":"https:\/\/omdmhyd.org\/index.php\/wp-json\/wp\/v2\/types\/page"}],"author":[{"embeddable":true,"href":"https:\/\/omdmhyd.org\/index.php\/wp-json\/wp\/v2\/users\/1"}],"replies":[{"embeddable":true,"href":"https:\/\/omdmhyd.org\/index.php\/wp-json\/wp\/v2\/comments?post=2935"}],"version-history":[{"count":54,"href":"https:\/\/omdmhyd.org\/index.php\/wp-json\/wp\/v2\/pages\/2935\/revisions"}],"predecessor-version":[{"id":3649,"href":"https:\/\/omdmhyd.org\/index.php\/wp-json\/wp\/v2\/pages\/2935\/revisions\/3649"}],"wp:attachment":[{"href":"https:\/\/omdmhyd.org\/index.php\/wp-json\/wp\/v2\/media?parent=2935"}],"curies":[{"name":"wp","href":"https:\/\/api.w.org\/{rel}","templated":true}]}}