{"id":286,"date":"2023-02-02T21:29:33","date_gmt":"2023-02-02T20:29:33","guid":{"rendered":"http:\/\/omdmhyd.org\/?page_id=286"},"modified":"2023-02-14T13:01:02","modified_gmt":"2023-02-14T12:01:02","slug":"missions","status":"publish","type":"page","link":"https:\/\/omdmhyd.org\/index.php\/missions\/","title":{"rendered":"Missions"},"content":{"rendered":"\n<figure class=\"wp-block-image size-large\"><img loading=\"lazy\" decoding=\"async\" width=\"1024\" height=\"855\" src=\"http:\/\/omdmhyd.org\/wp-content\/uploads\/2023\/02\/logo-Omdmhyd-0001-1024x855.png\" alt=\"\" class=\"wp-image-55\" srcset=\"https:\/\/omdmhyd.org\/wp-content\/uploads\/2023\/02\/logo-Omdmhyd-0001-1024x855.png 1024w, https:\/\/omdmhyd.org\/wp-content\/uploads\/2023\/02\/logo-Omdmhyd-0001-600x501.png 600w, https:\/\/omdmhyd.org\/wp-content\/uploads\/2023\/02\/logo-Omdmhyd-0001-300x251.png 300w, https:\/\/omdmhyd.org\/wp-content\/uploads\/2023\/02\/logo-Omdmhyd-0001-768x642.png 768w, https:\/\/omdmhyd.org\/wp-content\/uploads\/2023\/02\/logo-Omdmhyd-0001-1536x1283.png 1536w, https:\/\/omdmhyd.org\/wp-content\/uploads\/2023\/02\/logo-Omdmhyd-0001-2048x1711.png 2048w\" sizes=\"(max-width: 1024px) 100vw, 1024px\" \/><\/figure>\n\n\n\n<p><\/p>\n\n\n\n<p><\/p>\n\n\n\n<p>Il est fond\u00e9, entre les adh\u00e9rents aux pr\u00e9sents statuts, une Association sous forme d&rsquo;organisation non gouvernementale (ONG) mondiale des droits humains et m\u00e9moires des H\u00e9breux (Bantous) Yisra\u00e9lites (Ysol\u00e9l\u00e9),d\u00e9port\u00e9s du continent Africain, destin\u00e9e \u00e0 d\u00e9fendre les principes \u00e9nonc\u00e9s dans les D\u00e9clarations de droits de l\u2019Homme de 1789 et de 1793, la D\u00e9claration universelle de 1948 et la Convention europ\u00e9enne de sauvegarde des droits de l\u2019Homme et ses protocoles additionnels ainsi&nbsp; que les conventions de l\u2019Union Africaine.&nbsp;&nbsp;&nbsp;&nbsp;&nbsp;&nbsp;&nbsp;&nbsp;&nbsp;&nbsp;&nbsp;&nbsp;&nbsp;<\/p>\n\n\n\n<p>&nbsp;&nbsp;&nbsp;&nbsp;&nbsp;&nbsp;&nbsp;&nbsp;&nbsp;&nbsp;&nbsp;&nbsp;&nbsp;&nbsp;<\/p>\n\n\n\n<p>Elle \u0153uvre \u00e0 l\u2019application des conventions, des pactes internationaux, nationaux et r\u00e9gionaux en mati\u00e8re des droits humains <em>(Hommes, Femmes et Enfants), <\/em>de droit civil, administratif, p\u00e9nale, politique, du travail, \u00e9conomique, social, culturel et cultuel.<\/p>\n\n\n\n<p><\/p>\n\n\n\n<p>Elle combat l\u2019injustice, l\u2019in\u00e9galit\u00e9, l\u2019arbitraire, l\u2019intol\u00e9rance, toute forme de racisme ethnique et de discrimination fond\u00e9e sur le sexe, les m\u0153urs, l\u2019\u00e9tat de sant\u00e9 ou le handicap, les opinions politiques, philosophiques, spirituelle, la nationalit\u00e9, et plus g\u00e9n\u00e9ralement toute atteinte aux principes fondamentaux d\u2019\u00e9galit\u00e9 entre les \u00eatres humains, toutes les formes de violences et toutes les mutilations sexuelles, toutes les tortures, tous les crimes de guerre, tous les g\u00e9nocides, et tout crime contre l\u2019Humanit\u00e9.<\/p>\n\n\n\n<p><\/p>\n\n\n\n<p>Elle lutte en faveur du respect des libert\u00e9s individuelles en mati\u00e8re de traitement des donn\u00e9es informatis\u00e9es et autres, et contre toute atteinte \u00e0 la dignit\u00e9, \u00e0 l\u2019int\u00e9grit\u00e9 et \u00e0 la libert\u00e9 du genre humain pouvant notamment r\u00e9sulter de l\u2019usage de techniques m\u00e9dicales ou biologiques&nbsp;; ou autres.<\/p>\n\n\n\n<p><\/p>\n\n\n\n<p>Elle concourt au fonctionnement de la libert\u00e9 des H\u00e9breux Yisra\u00e9lites (Bantous d\u2019Yisol\u00e9l\u00e9) dispers\u00e9s et d\u00e9port\u00e9s parmi les nations occidentales lors de la traite n\u00e9gri\u00e8re par Ordonnance royale de Louis XIV ou \u00c9dit royal de mars 1685 touchant la police des \u00eeles de l&rsquo;Am\u00e9rique fran\u00e7aise, puis aux \u00e9dits similaires de 1723 sur les Mascareignes et de 1724 sur la Louisiane, et enfin, \u00e0 partir du milieu du XVIII si\u00e8cle et de tous ceux, colonis\u00e9s sur le continent africain conform\u00e9ment \u00e0 la conf\u00e9rence de Berlin du 15 novembre 1884 au 26 f\u00e9vrier 1885 et des dispositions g\u00e9n\u00e9rales de la charte de l&rsquo;imp\u00e9rialisme comprenant les articles 1 \u00e0 28 du C.I.<\/p>\n\n\n\n<p><\/p>\n\n\n\n<p>&nbsp;<strong>OMDMHYD<\/strong> a pourdevoir de d\u00e9fendre le droit \u00e0la reconnaissance du peuple de YAH\u2019KONGO (SEIGNEUR TOUT PUISSANT), aupr\u00e8s de toutes les autorit\u00e9s, comme h\u00e9ritiers de la promesse et de son alliance selon l\u2019immuabilit\u00e9 de son serment.<\/p>\n\n\n\n<p><\/p>\n\n\n\n<p>&nbsp; Elle est r\u00e9gie par la loi du 1er Juillet 1901 et le d\u00e9cret du 16 Ao\u00fbt 1901, et vertu de la constitution et la loi n\u00b0004-2001 du 20 juillet 2001 portant disposition g\u00e9n\u00e9rale applicable aux associations sans but lucratif et aux \u00e9tablissements d\u2019utilit\u00e9 publique, ayant pour titre :<\/p>\n\n\n\n<p><\/p>\n\n\n\n<p><strong>ORGANISATION MONDIALE DE LA D\u00c9FENSE DES DROITS ET M\u00c9MOIRES DES H\u00c9BREUX YISRA\u00c9LITES D\u00c9PORTES ET LEURS DESCENDANTS<\/strong><\/p>\n\n\n\n<p><\/p>\n\n\n\n<p>Ayant pour sigle ou en abr\u00e9g\u00e9 : <strong>OMDMHYD<\/strong><\/p>\n\n\n\n<p><\/p>\n\n\n\n<p>La direction de l&rsquo;organisation OMDMHYD<\/p>\n\n\n\n<p><\/p>\n\n\n\n<pre class=\"wp-block-code\"><code><strong>Vous \u00eates au nombre de<\/strong> <img decoding=\"async\" title=\"People Online\" border=\"0\" height=\"52\" width=\"90\n \" src=\"http:\/\/whos.amung.us\/widget\/dzsg93pq\/ORGANISATION OMDMMHYD  Online, ORGANISATION OMDMMHYD  em Directo net ao vivo gratis.\" alt=\"\"> <\/code><\/pre>\n","protected":false},"excerpt":{"rendered":"<p>Il est fond\u00e9, entre les adh\u00e9rents aux pr\u00e9sents statuts, une Association sous forme d&rsquo;organisation non gouvernementale (ONG) mondiale des droits humains et m\u00e9moires des H\u00e9breux (Bantous) Yisra\u00e9lites (Ysol\u00e9l\u00e9),d\u00e9port\u00e9s du continent Africain, destin\u00e9e \u00e0 d\u00e9fendre les principes \u00e9nonc\u00e9s dans les D\u00e9clarations de droits de l\u2019Homme de 1789 et de 1793, la D\u00e9claration universelle de 1948 et [&hellip;]<\/p>\n","protected":false},"author":1,"featured_media":0,"parent":0,"menu_order":3,"comment_status":"open","ping_status":"closed","template":"page-template\/custom-home-page.php","meta":{"saved_in_kubio":false,"telegram_tosend":false,"telegram_tosend_message":"","telegram_tosend_target":0,"sfsi_plus_gutenberg_text_before_share":"","sfsi_plus_gutenberg_show_text_before_share":"","sfsi_plus_gutenberg_icon_type":"","sfsi_plus_gutenberg_icon_alignemt":"","sfsi_plus_gutenburg_max_per_row":"","_themeisle_gutenberg_block_has_review":false,"footnotes":""},"class_list":["post-286","page","type-page","status-publish","hentry"],"kubio_ai_page_context":{"short_desc":"","purpose":"general"},"featured_image_src":null,"yoast_head":"<!-- This site is optimized with the Yoast SEO plugin v27.3 - https:\/\/yoast.com\/product\/yoast-seo-wordpress\/ -->\n<title>Missions | Omdmhyd Accueil<\/title>\n<meta name=\"description\" content=\"Elle concourt au droit, \u00e0 la libert\u00e9 des H\u00e9breux Yisra\u00e9lites (Bantous d\u2019Yisol\u00e9l\u00e9) dispers\u00e9s et d\u00e9port\u00e9s parmi les nations occidentales\" \/>\n<meta name=\"robots\" content=\"index, follow, max-snippet:-1, max-image-preview:large, max-video-preview:-1\" \/>\n<link rel=\"canonical\" href=\"http:\/\/omdmhyd.org\/index.php\/missions\/\" \/>\n<meta property=\"og:locale\" content=\"fr_FR\" \/>\n<meta property=\"og:type\" content=\"article\" \/>\n<meta property=\"og:title\" content=\"La mission de l&#039;organisation OMDMHYD\" \/>\n<meta property=\"og:description\" content=\"Elle concourt au fonctionnement de la libert\u00e9 des H\u00e9breux Yisra\u00e9lites (Bantous d\u2019Yisol\u00e9l\u00e9) dispers\u00e9s et d\u00e9port\u00e9s parmi les nations occidentales lors de la traite n\u00e9gri\u00e8re par Ordonnance royale de Louis XIV ou \u00c9dit royal de mars 1685 touchant la police des \u00eeles de l&#039;Am\u00e9rique fran\u00e7aise, puis aux \u00e9dits similaires de 1723 sur les Mascareignes et de 1724 sur la Louisiane, et enfin, \u00e0 partir du milieu du XVIII si\u00e8cle et de tous ceux, colonis\u00e9s sur le continent africain conform\u00e9ment \u00e0 la conf\u00e9rence de Berlin du 15 novembre 1884 au 26 f\u00e9vrier 1885 et des dispositions g\u00e9n\u00e9rales de la charte de l&#039;imp\u00e9rialisme comprenant les articles 1 \u00e0 28 du C.I.\" \/>\n<meta property=\"og:url\" content=\"http:\/\/omdmhyd.org\/index.php\/missions\/\" \/>\n<meta property=\"og:site_name\" content=\"Omdmhyd Accueil\" \/>\n<meta property=\"article:publisher\" content=\"https:\/\/www.facebook.com\/omdmhyd\" \/>\n<meta property=\"article:modified_time\" content=\"2023-02-14T12:01:02+00:00\" \/>\n<meta property=\"og:image\" content=\"http:\/\/omdmhyd.org\/wp-content\/uploads\/2023\/02\/LOGO-TRANS-500x500-1.png\" \/>\n\t<meta property=\"og:image:width\" content=\"500\" \/>\n\t<meta property=\"og:image:height\" content=\"500\" \/>\n\t<meta property=\"og:image:type\" content=\"image\/png\" \/>\n<meta name=\"twitter:card\" content=\"summary_large_image\" \/>\n<meta name=\"twitter:title\" content=\"La mission de l&#039;organisation OMDMHYD\" \/>\n<meta name=\"twitter:description\" content=\"Elle concourt au fonctionnement de la libert\u00e9 des H\u00e9breux Yisra\u00e9lites (Bantous d\u2019Yisol\u00e9l\u00e9) dispers\u00e9s et d\u00e9port\u00e9s parmi les nations occidentales lors de la traite n\u00e9gri\u00e8re par Ordonnance royale de Louis XIV ou \u00c9dit royal de mars 1685 touchant la police des \u00eeles de l&#039;Am\u00e9rique fran\u00e7aise, puis aux \u00e9dits similaires de 1723 sur les Mascareignes et de 1724 sur la Louisiane, et enfin, \u00e0 partir du milieu du XVIII si\u00e8cle et de tous ceux, colonis\u00e9s sur le continent africain conform\u00e9ment \u00e0 la conf\u00e9rence de Berlin du 15 novembre 1884 au 26 f\u00e9vrier 1885 et des dispositions g\u00e9n\u00e9rales de la charte de l&#039;imp\u00e9rialisme comprenant les articles 1 \u00e0 28 du C.I.\" \/>\n<meta name=\"twitter:image\" content=\"https:\/\/omdmhyd.org\/wp-content\/uploads\/2023\/02\/LOGO-TRANS-500x500-1.png\" \/>\n<meta name=\"twitter:site\" content=\"@omdmhyd_ong\" \/>\n<meta name=\"twitter:label1\" content=\"Dur\u00e9e de lecture estim\u00e9e\" \/>\n\t<meta name=\"twitter:data1\" content=\"3 minutes\" \/>\n<script type=\"application\/ld+json\" class=\"yoast-schema-graph\">{\"@context\":\"https:\\\/\\\/schema.org\",\"@graph\":[{\"@type\":\"WebPage\",\"@id\":\"http:\\\/\\\/omdmhyd.org\\\/index.php\\\/missions\\\/\",\"url\":\"http:\\\/\\\/omdmhyd.org\\\/index.php\\\/missions\\\/\",\"name\":\"Missions | Omdmhyd Accueil\",\"isPartOf\":{\"@id\":\"http:\\\/\\\/omdmhyd.org\\\/#website\"},\"primaryImageOfPage\":{\"@id\":\"http:\\\/\\\/omdmhyd.org\\\/index.php\\\/missions\\\/#primaryimage\"},\"image\":{\"@id\":\"http:\\\/\\\/omdmhyd.org\\\/index.php\\\/missions\\\/#primaryimage\"},\"thumbnailUrl\":\"http:\\\/\\\/omdmhyd.org\\\/wp-content\\\/uploads\\\/2023\\\/02\\\/logo-Omdmhyd-0001-1024x855.png\",\"datePublished\":\"2023-02-02T20:29:33+00:00\",\"dateModified\":\"2023-02-14T12:01:02+00:00\",\"description\":\"Elle concourt au droit, \u00e0 la libert\u00e9 des H\u00e9breux Yisra\u00e9lites (Bantous d\u2019Yisol\u00e9l\u00e9) dispers\u00e9s et d\u00e9port\u00e9s parmi les nations occidentales\",\"breadcrumb\":{\"@id\":\"http:\\\/\\\/omdmhyd.org\\\/index.php\\\/missions\\\/#breadcrumb\"},\"inLanguage\":\"fr-FR\",\"potentialAction\":[{\"@type\":\"ReadAction\",\"target\":[\"http:\\\/\\\/omdmhyd.org\\\/index.php\\\/missions\\\/\"]}]},{\"@type\":\"ImageObject\",\"inLanguage\":\"fr-FR\",\"@id\":\"http:\\\/\\\/omdmhyd.org\\\/index.php\\\/missions\\\/#primaryimage\",\"url\":\"https:\\\/\\\/omdmhyd.org\\\/wp-content\\\/uploads\\\/2023\\\/02\\\/logo-Omdmhyd-0001.png\",\"contentUrl\":\"https:\\\/\\\/omdmhyd.org\\\/wp-content\\\/uploads\\\/2023\\\/02\\\/logo-Omdmhyd-0001.png\",\"width\":4323,\"height\":3611},{\"@type\":\"BreadcrumbList\",\"@id\":\"http:\\\/\\\/omdmhyd.org\\\/index.php\\\/missions\\\/#breadcrumb\",\"itemListElement\":[{\"@type\":\"ListItem\",\"position\":1,\"name\":\"Accueil\",\"item\":\"http:\\\/\\\/omdmhyd.org\\\/\"},{\"@type\":\"ListItem\",\"position\":2,\"name\":\"Missions\"}]},{\"@type\":\"WebSite\",\"@id\":\"http:\\\/\\\/omdmhyd.org\\\/#website\",\"url\":\"http:\\\/\\\/omdmhyd.org\\\/\",\"name\":\"ORGANISATION OMDMHYD\",\"description\":\"La d\u00e9fense des droits Bantous..\",\"publisher\":{\"@id\":\"http:\\\/\\\/omdmhyd.org\\\/#organization\"},\"potentialAction\":[{\"@type\":\"SearchAction\",\"target\":{\"@type\":\"EntryPoint\",\"urlTemplate\":\"http:\\\/\\\/omdmhyd.org\\\/?s={search_term_string}\"},\"query-input\":{\"@type\":\"PropertyValueSpecification\",\"valueRequired\":true,\"valueName\":\"search_term_string\"}}],\"inLanguage\":\"fr-FR\"},{\"@type\":\"Organization\",\"@id\":\"http:\\\/\\\/omdmhyd.org\\\/#organization\",\"name\":\"Organisation Mondiale de la D\u00e9fense des Droits et M\u00e9moires des H\u00e9breux Yisra\u00e9lites D\u00e9port\u00e9s et leur Descendants\",\"url\":\"http:\\\/\\\/omdmhyd.org\\\/\",\"logo\":{\"@type\":\"ImageObject\",\"inLanguage\":\"fr-FR\",\"@id\":\"http:\\\/\\\/omdmhyd.org\\\/#\\\/schema\\\/logo\\\/image\\\/\",\"url\":\"https:\\\/\\\/omdmhyd.org\\\/wp-content\\\/uploads\\\/2023\\\/02\\\/cropped-LOGO-OMDMHYD-140x140-1.jpg\",\"contentUrl\":\"https:\\\/\\\/omdmhyd.org\\\/wp-content\\\/uploads\\\/2023\\\/02\\\/cropped-LOGO-OMDMHYD-140x140-1.jpg\",\"width\":240,\"height\":240,\"caption\":\"Organisation Mondiale de la D\u00e9fense des Droits et M\u00e9moires des H\u00e9breux Yisra\u00e9lites D\u00e9port\u00e9s et leur Descendants\"},\"image\":{\"@id\":\"http:\\\/\\\/omdmhyd.org\\\/#\\\/schema\\\/logo\\\/image\\\/\"},\"sameAs\":[\"https:\\\/\\\/www.facebook.com\\\/omdmhyd\",\"https:\\\/\\\/x.com\\\/omdmhyd_ong\",\"https:\\\/\\\/t.me\\\/omdmhyd\",\"http:\\\/\\\/85.187.151.147\\\/-omdmhyd\",\"https:\\\/\\\/afritubes.com\\\/@OrganisationOMDMHYD\"]}]}<\/script>\n<!-- \/ Yoast SEO plugin. -->","yoast_head_json":{"title":"Missions | Omdmhyd Accueil","description":"Elle concourt au droit, \u00e0 la libert\u00e9 des H\u00e9breux Yisra\u00e9lites (Bantous d\u2019Yisol\u00e9l\u00e9) dispers\u00e9s et d\u00e9port\u00e9s parmi les nations occidentales","robots":{"index":"index","follow":"follow","max-snippet":"max-snippet:-1","max-image-preview":"max-image-preview:large","max-video-preview":"max-video-preview:-1"},"canonical":"http:\/\/omdmhyd.org\/index.php\/missions\/","og_locale":"fr_FR","og_type":"article","og_title":"La mission de l'organisation OMDMHYD","og_description":"Elle concourt au fonctionnement de la libert\u00e9 des H\u00e9breux Yisra\u00e9lites (Bantous d\u2019Yisol\u00e9l\u00e9) dispers\u00e9s et d\u00e9port\u00e9s parmi les nations occidentales lors de la traite n\u00e9gri\u00e8re par Ordonnance royale de Louis XIV ou \u00c9dit royal de mars 1685 touchant la police des \u00eeles de l'Am\u00e9rique fran\u00e7aise, puis aux \u00e9dits similaires de 1723 sur les Mascareignes et de 1724 sur la Louisiane, et enfin, \u00e0 partir du milieu du XVIII si\u00e8cle et de tous ceux, colonis\u00e9s sur le continent africain conform\u00e9ment \u00e0 la conf\u00e9rence de Berlin du 15 novembre 1884 au 26 f\u00e9vrier 1885 et des dispositions g\u00e9n\u00e9rales de la charte de l'imp\u00e9rialisme comprenant les articles 1 \u00e0 28 du C.I.","og_url":"http:\/\/omdmhyd.org\/index.php\/missions\/","og_site_name":"Omdmhyd Accueil","article_publisher":"https:\/\/www.facebook.com\/omdmhyd","article_modified_time":"2023-02-14T12:01:02+00:00","og_image":[{"width":500,"height":500,"url":"http:\/\/omdmhyd.org\/wp-content\/uploads\/2023\/02\/LOGO-TRANS-500x500-1.png","type":"image\/png"}],"twitter_card":"summary_large_image","twitter_title":"La mission de l'organisation OMDMHYD","twitter_description":"Elle concourt au fonctionnement de la libert\u00e9 des H\u00e9breux Yisra\u00e9lites (Bantous d\u2019Yisol\u00e9l\u00e9) dispers\u00e9s et d\u00e9port\u00e9s parmi les nations occidentales lors de la traite n\u00e9gri\u00e8re par Ordonnance royale de Louis XIV ou \u00c9dit royal de mars 1685 touchant la police des \u00eeles de l'Am\u00e9rique fran\u00e7aise, puis aux \u00e9dits similaires de 1723 sur les Mascareignes et de 1724 sur la Louisiane, et enfin, \u00e0 partir du milieu du XVIII si\u00e8cle et de tous ceux, colonis\u00e9s sur le continent africain conform\u00e9ment \u00e0 la conf\u00e9rence de Berlin du 15 novembre 1884 au 26 f\u00e9vrier 1885 et des dispositions g\u00e9n\u00e9rales de la charte de l'imp\u00e9rialisme comprenant les articles 1 \u00e0 28 du C.I.","twitter_image":"https:\/\/omdmhyd.org\/wp-content\/uploads\/2023\/02\/LOGO-TRANS-500x500-1.png","twitter_site":"@omdmhyd_ong","twitter_misc":{"Dur\u00e9e de lecture estim\u00e9e":"3 minutes"},"schema":{"@context":"https:\/\/schema.org","@graph":[{"@type":"WebPage","@id":"http:\/\/omdmhyd.org\/index.php\/missions\/","url":"http:\/\/omdmhyd.org\/index.php\/missions\/","name":"Missions | Omdmhyd Accueil","isPartOf":{"@id":"http:\/\/omdmhyd.org\/#website"},"primaryImageOfPage":{"@id":"http:\/\/omdmhyd.org\/index.php\/missions\/#primaryimage"},"image":{"@id":"http:\/\/omdmhyd.org\/index.php\/missions\/#primaryimage"},"thumbnailUrl":"http:\/\/omdmhyd.org\/wp-content\/uploads\/2023\/02\/logo-Omdmhyd-0001-1024x855.png","datePublished":"2023-02-02T20:29:33+00:00","dateModified":"2023-02-14T12:01:02+00:00","description":"Elle concourt au droit, \u00e0 la libert\u00e9 des H\u00e9breux Yisra\u00e9lites (Bantous d\u2019Yisol\u00e9l\u00e9) dispers\u00e9s et d\u00e9port\u00e9s parmi les nations occidentales","breadcrumb":{"@id":"http:\/\/omdmhyd.org\/index.php\/missions\/#breadcrumb"},"inLanguage":"fr-FR","potentialAction":[{"@type":"ReadAction","target":["http:\/\/omdmhyd.org\/index.php\/missions\/"]}]},{"@type":"ImageObject","inLanguage":"fr-FR","@id":"http:\/\/omdmhyd.org\/index.php\/missions\/#primaryimage","url":"https:\/\/omdmhyd.org\/wp-content\/uploads\/2023\/02\/logo-Omdmhyd-0001.png","contentUrl":"https:\/\/omdmhyd.org\/wp-content\/uploads\/2023\/02\/logo-Omdmhyd-0001.png","width":4323,"height":3611},{"@type":"BreadcrumbList","@id":"http:\/\/omdmhyd.org\/index.php\/missions\/#breadcrumb","itemListElement":[{"@type":"ListItem","position":1,"name":"Accueil","item":"http:\/\/omdmhyd.org\/"},{"@type":"ListItem","position":2,"name":"Missions"}]},{"@type":"WebSite","@id":"http:\/\/omdmhyd.org\/#website","url":"http:\/\/omdmhyd.org\/","name":"ORGANISATION OMDMHYD","description":"La d\u00e9fense des droits Bantous..","publisher":{"@id":"http:\/\/omdmhyd.org\/#organization"},"potentialAction":[{"@type":"SearchAction","target":{"@type":"EntryPoint","urlTemplate":"http:\/\/omdmhyd.org\/?s={search_term_string}"},"query-input":{"@type":"PropertyValueSpecification","valueRequired":true,"valueName":"search_term_string"}}],"inLanguage":"fr-FR"},{"@type":"Organization","@id":"http:\/\/omdmhyd.org\/#organization","name":"Organisation Mondiale de la D\u00e9fense des Droits et M\u00e9moires des H\u00e9breux Yisra\u00e9lites D\u00e9port\u00e9s et leur Descendants","url":"http:\/\/omdmhyd.org\/","logo":{"@type":"ImageObject","inLanguage":"fr-FR","@id":"http:\/\/omdmhyd.org\/#\/schema\/logo\/image\/","url":"https:\/\/omdmhyd.org\/wp-content\/uploads\/2023\/02\/cropped-LOGO-OMDMHYD-140x140-1.jpg","contentUrl":"https:\/\/omdmhyd.org\/wp-content\/uploads\/2023\/02\/cropped-LOGO-OMDMHYD-140x140-1.jpg","width":240,"height":240,"caption":"Organisation Mondiale de la D\u00e9fense des Droits et M\u00e9moires des H\u00e9breux Yisra\u00e9lites D\u00e9port\u00e9s et leur Descendants"},"image":{"@id":"http:\/\/omdmhyd.org\/#\/schema\/logo\/image\/"},"sameAs":["https:\/\/www.facebook.com\/omdmhyd","https:\/\/x.com\/omdmhyd_ong","https:\/\/t.me\/omdmhyd","http:\/\/85.187.151.147\/-omdmhyd","https:\/\/afritubes.com\/@OrganisationOMDMHYD"]}]}},"_links":{"self":[{"href":"https:\/\/omdmhyd.org\/index.php\/wp-json\/wp\/v2\/pages\/286","targetHints":{"allow":["GET"]}}],"collection":[{"href":"https:\/\/omdmhyd.org\/index.php\/wp-json\/wp\/v2\/pages"}],"about":[{"href":"https:\/\/omdmhyd.org\/index.php\/wp-json\/wp\/v2\/types\/page"}],"author":[{"embeddable":true,"href":"https:\/\/omdmhyd.org\/index.php\/wp-json\/wp\/v2\/users\/1"}],"replies":[{"embeddable":true,"href":"https:\/\/omdmhyd.org\/index.php\/wp-json\/wp\/v2\/comments?post=286"}],"version-history":[{"count":4,"href":"https:\/\/omdmhyd.org\/index.php\/wp-json\/wp\/v2\/pages\/286\/revisions"}],"predecessor-version":[{"id":913,"href":"https:\/\/omdmhyd.org\/index.php\/wp-json\/wp\/v2\/pages\/286\/revisions\/913"}],"wp:attachment":[{"href":"https:\/\/omdmhyd.org\/index.php\/wp-json\/wp\/v2\/media?parent=286"}],"curies":[{"name":"wp","href":"https:\/\/api.w.org\/{rel}","templated":true}]}}