{"id":278,"date":"2023-02-02T21:27:27","date_gmt":"2023-02-02T20:27:27","guid":{"rendered":"http:\/\/omdmhyd.org\/?page_id=278"},"modified":"2024-04-15T01:05:58","modified_gmt":"2024-04-14T23:05:58","slug":"radio-omdmhyd-971","status":"publish","type":"page","link":"https:\/\/omdmhyd.org\/index.php\/radio-omdmhyd-971\/","title":{"rendered":"Radio OMDMHYD 971"},"content":{"rendered":"<div style=\"min-height: 285px;; \" class=\"ub_image_slider swiper-container wp-block-ub-image-slider\" id=\"ub_image_slider_fe1a3698-ed54-4776-ba96-4bbf7ba8ceba\" data-swiper-data='{\"speed\":300,\"spaceBetween\":20,\"slidesPerView\":1,\"loop\":true,\"pagination\":{\"el\": \".swiper-pagination\" , \"type\": \"bullets\", \"clickable\":true},\"navigation\": {\"nextEl\": \".swiper-button-next\", \"prevEl\": \".swiper-button-prev\"}, \"keyboard\": { \"enabled\": true }, \"effect\": \"slide\",\"simulateTouch\":false}'>\n            <div class=\"swiper-wrapper\"><figure class=\"swiper-slide\">\n                <img decoding=\"async\" src=\"http:\/\/omdmhyd.org\/wp-content\/uploads\/2023\/02\/RadioAutoLive9.0-1224X296.png\" alt=\"\" style=\"height: 250px;; \">\n                <figcaption class=\"ub_image_slider_image_caption\"><\/figcaption>\n            <\/figure><\/div>\n            <div class=\"swiper-pagination\"><\/div>\n            <div class=\"swiper-button-prev\"><\/div> <div class=\"swiper-button-next\"><\/div>\n        <\/div>\n\n\n<div style=\"text-align: center;\"><span style=\"font-size: larger;\"><strong><span style=\"font-family: Arial;\">LECTEUR DE SECOURS&nbsp;<\/span><\/strong><\/span><br>\n<a href=\"http:\/\/omdmhyd.org\/?radio_player=1&amp;preview\" target=\"_top\" rel=\"noopener\"><img decoding=\"async\" src=\"\/\/img.webme.com\/pic\/r\/rv7radio\/Net.png\" style=\"text-align: start;\" width=\"60\" alt=\"\"><\/a><a href=\"http:\/\/omdmhyd.org\/?radio_player=1&amp;preview\" target=\"_top\" rel=\"noopener\"><img decoding=\"async\" src=\"\/\/img.webme.com\/pic\/r\/rv7radio\/OnAir-02.gif\" width=\"60\" alt=\"\"><\/a><br>\n<span style=\"font-size: larger;\">CLIQUEZ&nbsp; ICI<\/span><\/div>\n<br>\n\n\n\n<div style=\"text-align: right;\"><span style=\"font-size: larger;\"><strong><span style=\"font-family: Arial;\">&nbsp; &nbsp; &nbsp; &nbsp; &nbsp; &nbsp;<\/span><\/strong><\/span><\/div>\n<br>\n<div style=\"text-align: right;\"><a href=\"https:\/\/t.me\/omdmhyd\" target=\"_blank\" rel=\"noopener\"><img loading=\"lazy\" decoding=\"async\" src=\"\/\/img.webme.com\/pic\/r\/rv7radio\/\u2014Pngtree\u2014cartoon purple neon light effect_6316724.png\" width=\"180\" height=\"120\" title=\"Acc\u00e8s Telegram\" longdesc=\"https:\/\/www.ma-page.fr\/Connexion au Canal OMDMHYD\" alt=\"\"><\/a><a href=\"https:\/\/t.me\/omdmhyd\" target=\"_blank\" rel=\"noopener\"><img loading=\"lazy\" decoding=\"async\" src=\"\/\/img.webme.com\/pic\/r\/rv7radio\/CanalTelegram.png\" width=\"120\" height=\"98\" title=\"Acc\u00e8s Telegram\" longdesc=\"https:\/\/www.ma-page.fr\/Connexion au Canal OMDMHYD\" alt=\"\"><\/a><\/div>\n\n\n\n<pre class=\"wp-block-code\"><code><strong>Vous \u00eates au nombre de<\/strong> <img decoding=\"async\" title=\"People Online\" border=\"0\" height=\"52\" width=\"90\n \" src=\"http:\/\/whos.amung.us\/widget\/dzsg93pq\/ORGANISATION OMDMHYD  Online, ORGANISATION OMDMHYD  em Directo net ao vivo gratis.\" alt=\"\"> <\/code><\/pre>\n","protected":false},"excerpt":{"rendered":"<p>LECTEUR DE SECOURS&nbsp; CLIQUEZ&nbsp; ICI &nbsp; &nbsp; &nbsp; &nbsp; &nbsp; &nbsp; Vous \u00eates au nombre de<\/p>\n","protected":false},"author":1,"featured_media":1531,"parent":0,"menu_order":0,"comment_status":"closed","ping_status":"closed","template":"page-template\/custom-home-page.php","meta":{"saved_in_kubio":false,"telegram_tosend":false,"telegram_tosend_message":"","telegram_tosend_target":0,"sfsi_plus_gutenberg_text_before_share":"","sfsi_plus_gutenberg_show_text_before_share":"","sfsi_plus_gutenberg_icon_type":"","sfsi_plus_gutenberg_icon_alignemt":"","sfsi_plus_gutenburg_max_per_row":"","_themeisle_gutenberg_block_has_review":false,"footnotes":""},"class_list":["post-278","page","type-page","status-publish","has-post-thumbnail","hentry"],"kubio_ai_page_context":{"short_desc":"","purpose":"general"},"featured_image_src":"https:\/\/omdmhyd.org\/wp-content\/uploads\/2023\/02\/RadioAutoLive9.0-Profil.png","yoast_head":"<!-- This site is optimized with the Yoast SEO plugin v27.4 - https:\/\/yoast.com\/product\/yoast-seo-wordpress\/ -->\n<title>Radio OMDMHYD 971 | Omdmhyd Accueil<\/title>\n<meta name=\"description\" content=\"La station radio est un support \u00e0 l&#039;organisation OMDMHYD, ceci afin de promouvoir l&#039;histoire de nos anc\u00eatres H\u00e9breux Yisra\u00e9lites Bantous\" \/>\n<meta name=\"robots\" content=\"index, follow, max-snippet:-1, max-image-preview:large, max-video-preview:-1\" \/>\n<link rel=\"canonical\" href=\"https:\/\/omdmhyd.org\/index.php\/radio-omdmhyd-971\/\" \/>\n<meta property=\"og:locale\" content=\"fr_FR\" \/>\n<meta property=\"og:type\" content=\"article\" \/>\n<meta property=\"og:title\" content=\"Radio OMDMHYD 971\" \/>\n<meta property=\"og:description\" content=\"La station radio est un support \u00e0 l&#039;organisation OMDMHYD, ceci afin de promouvoir l&#039;histoire de nos anc\u00eatres H\u00e9breux Yisra\u00e9lites Bantous\" \/>\n<meta property=\"og:url\" content=\"https:\/\/omdmhyd.org\/index.php\/radio-omdmhyd-971\/\" \/>\n<meta property=\"og:site_name\" content=\"Omdmhyd Accueil\" \/>\n<meta property=\"article:publisher\" content=\"https:\/\/www.facebook.com\/omdmhyd\" \/>\n<meta property=\"article:modified_time\" content=\"2024-04-14T23:05:58+00:00\" \/>\n<meta property=\"og:image\" content=\"https:\/\/omdmhyd.org\/wp-content\/uploads\/2023\/02\/RadioAutoLive9.0-Profil.png\" \/>\n\t<meta property=\"og:image:width\" content=\"840\" \/>\n\t<meta property=\"og:image:height\" content=\"621\" \/>\n\t<meta property=\"og:image:type\" content=\"image\/png\" \/>\n<meta name=\"twitter:card\" content=\"summary_large_image\" \/>\n<meta name=\"twitter:title\" content=\"Radio OMDMHYD 971\" \/>\n<meta name=\"twitter:description\" content=\"La station radio est un support \u00e0 l&#039;organisation OMDMHYD, ceci afin de promouvoir l&#039;histoire de nos anc\u00eatres H\u00e9breux Yisra\u00e9lites Bantous\" \/>\n<meta name=\"twitter:image\" content=\"https:\/\/omdmhyd.org\/wp-content\/uploads\/2023\/02\/RadioAutoLive9.0-Profil.png\" \/>\n<meta name=\"twitter:site\" content=\"@omdmhyd_ong\" \/>\n<meta name=\"twitter:label1\" content=\"Dur\u00e9e de lecture estim\u00e9e\" \/>\n\t<meta name=\"twitter:data1\" content=\"2 minutes\" \/>\n<script type=\"application\/ld+json\" class=\"yoast-schema-graph\">{\"@context\":\"https:\\\/\\\/schema.org\",\"@graph\":[{\"@type\":\"WebPage\",\"@id\":\"https:\\\/\\\/omdmhyd.org\\\/index.php\\\/radio-omdmhyd-971\\\/\",\"url\":\"https:\\\/\\\/omdmhyd.org\\\/index.php\\\/radio-omdmhyd-971\\\/\",\"name\":\"Radio OMDMHYD 971 | Omdmhyd Accueil\",\"isPartOf\":{\"@id\":\"http:\\\/\\\/omdmhyd.org\\\/#website\"},\"primaryImageOfPage\":{\"@id\":\"https:\\\/\\\/omdmhyd.org\\\/index.php\\\/radio-omdmhyd-971\\\/#primaryimage\"},\"image\":{\"@id\":\"https:\\\/\\\/omdmhyd.org\\\/index.php\\\/radio-omdmhyd-971\\\/#primaryimage\"},\"thumbnailUrl\":\"https:\\\/\\\/omdmhyd.org\\\/wp-content\\\/uploads\\\/2023\\\/02\\\/RadioAutoLive9.0-Profil.png\",\"datePublished\":\"2023-02-02T20:27:27+00:00\",\"dateModified\":\"2024-04-14T23:05:58+00:00\",\"description\":\"La station radio est un support \u00e0 l'organisation OMDMHYD, ceci afin de promouvoir l'histoire de nos anc\u00eatres H\u00e9breux Yisra\u00e9lites Bantous\",\"breadcrumb\":{\"@id\":\"https:\\\/\\\/omdmhyd.org\\\/index.php\\\/radio-omdmhyd-971\\\/#breadcrumb\"},\"inLanguage\":\"fr-FR\",\"potentialAction\":[{\"@type\":\"ReadAction\",\"target\":[\"https:\\\/\\\/omdmhyd.org\\\/index.php\\\/radio-omdmhyd-971\\\/\"]}]},{\"@type\":\"ImageObject\",\"inLanguage\":\"fr-FR\",\"@id\":\"https:\\\/\\\/omdmhyd.org\\\/index.php\\\/radio-omdmhyd-971\\\/#primaryimage\",\"url\":\"https:\\\/\\\/omdmhyd.org\\\/wp-content\\\/uploads\\\/2023\\\/02\\\/RadioAutoLive9.0-Profil.png\",\"contentUrl\":\"https:\\\/\\\/omdmhyd.org\\\/wp-content\\\/uploads\\\/2023\\\/02\\\/RadioAutoLive9.0-Profil.png\",\"width\":840,\"height\":621},{\"@type\":\"BreadcrumbList\",\"@id\":\"https:\\\/\\\/omdmhyd.org\\\/index.php\\\/radio-omdmhyd-971\\\/#breadcrumb\",\"itemListElement\":[{\"@type\":\"ListItem\",\"position\":1,\"name\":\"Accueil\",\"item\":\"http:\\\/\\\/omdmhyd.org\\\/\"},{\"@type\":\"ListItem\",\"position\":2,\"name\":\"Radio OMDMHYD 971\"}]},{\"@type\":\"WebSite\",\"@id\":\"http:\\\/\\\/omdmhyd.org\\\/#website\",\"url\":\"http:\\\/\\\/omdmhyd.org\\\/\",\"name\":\"ORGANISATION OMDMHYD\",\"description\":\"La d\u00e9fense des droits Bantous..\",\"publisher\":{\"@id\":\"http:\\\/\\\/omdmhyd.org\\\/#organization\"},\"potentialAction\":[{\"@type\":\"SearchAction\",\"target\":{\"@type\":\"EntryPoint\",\"urlTemplate\":\"http:\\\/\\\/omdmhyd.org\\\/?s={search_term_string}\"},\"query-input\":{\"@type\":\"PropertyValueSpecification\",\"valueRequired\":true,\"valueName\":\"search_term_string\"}}],\"inLanguage\":\"fr-FR\"},{\"@type\":\"Organization\",\"@id\":\"http:\\\/\\\/omdmhyd.org\\\/#organization\",\"name\":\"Organisation Mondiale de la D\u00e9fense des Droits et M\u00e9moires des H\u00e9breux Yisra\u00e9lites D\u00e9port\u00e9s et leur Descendants\",\"url\":\"http:\\\/\\\/omdmhyd.org\\\/\",\"logo\":{\"@type\":\"ImageObject\",\"inLanguage\":\"fr-FR\",\"@id\":\"http:\\\/\\\/omdmhyd.org\\\/#\\\/schema\\\/logo\\\/image\\\/\",\"url\":\"https:\\\/\\\/omdmhyd.org\\\/wp-content\\\/uploads\\\/2023\\\/02\\\/cropped-LOGO-OMDMHYD-140x140-1.jpg\",\"contentUrl\":\"https:\\\/\\\/omdmhyd.org\\\/wp-content\\\/uploads\\\/2023\\\/02\\\/cropped-LOGO-OMDMHYD-140x140-1.jpg\",\"width\":240,\"height\":240,\"caption\":\"Organisation Mondiale de la D\u00e9fense des Droits et M\u00e9moires des H\u00e9breux Yisra\u00e9lites D\u00e9port\u00e9s et leur Descendants\"},\"image\":{\"@id\":\"http:\\\/\\\/omdmhyd.org\\\/#\\\/schema\\\/logo\\\/image\\\/\"},\"sameAs\":[\"https:\\\/\\\/www.facebook.com\\\/omdmhyd\",\"https:\\\/\\\/x.com\\\/omdmhyd_ong\",\"https:\\\/\\\/t.me\\\/omdmhyd\",\"http:\\\/\\\/85.187.151.147\\\/-omdmhyd\",\"https:\\\/\\\/afritubes.com\\\/@OrganisationOMDMHYD\"]}]}<\/script>\n<!-- \/ Yoast SEO plugin. -->","yoast_head_json":{"title":"Radio OMDMHYD 971 | Omdmhyd Accueil","description":"La station radio est un support \u00e0 l'organisation OMDMHYD, ceci afin de promouvoir l'histoire de nos anc\u00eatres H\u00e9breux Yisra\u00e9lites Bantous","robots":{"index":"index","follow":"follow","max-snippet":"max-snippet:-1","max-image-preview":"max-image-preview:large","max-video-preview":"max-video-preview:-1"},"canonical":"https:\/\/omdmhyd.org\/index.php\/radio-omdmhyd-971\/","og_locale":"fr_FR","og_type":"article","og_title":"Radio OMDMHYD 971","og_description":"La station radio est un support \u00e0 l'organisation OMDMHYD, ceci afin de promouvoir l'histoire de nos anc\u00eatres H\u00e9breux Yisra\u00e9lites Bantous","og_url":"https:\/\/omdmhyd.org\/index.php\/radio-omdmhyd-971\/","og_site_name":"Omdmhyd Accueil","article_publisher":"https:\/\/www.facebook.com\/omdmhyd","article_modified_time":"2024-04-14T23:05:58+00:00","og_image":[{"width":840,"height":621,"url":"https:\/\/omdmhyd.org\/wp-content\/uploads\/2023\/02\/RadioAutoLive9.0-Profil.png","type":"image\/png"}],"twitter_card":"summary_large_image","twitter_title":"Radio OMDMHYD 971","twitter_description":"La station radio est un support \u00e0 l'organisation OMDMHYD, ceci afin de promouvoir l'histoire de nos anc\u00eatres H\u00e9breux Yisra\u00e9lites Bantous","twitter_image":"https:\/\/omdmhyd.org\/wp-content\/uploads\/2023\/02\/RadioAutoLive9.0-Profil.png","twitter_site":"@omdmhyd_ong","twitter_misc":{"Dur\u00e9e de lecture estim\u00e9e":"2 minutes"},"schema":{"@context":"https:\/\/schema.org","@graph":[{"@type":"WebPage","@id":"https:\/\/omdmhyd.org\/index.php\/radio-omdmhyd-971\/","url":"https:\/\/omdmhyd.org\/index.php\/radio-omdmhyd-971\/","name":"Radio OMDMHYD 971 | Omdmhyd Accueil","isPartOf":{"@id":"http:\/\/omdmhyd.org\/#website"},"primaryImageOfPage":{"@id":"https:\/\/omdmhyd.org\/index.php\/radio-omdmhyd-971\/#primaryimage"},"image":{"@id":"https:\/\/omdmhyd.org\/index.php\/radio-omdmhyd-971\/#primaryimage"},"thumbnailUrl":"https:\/\/omdmhyd.org\/wp-content\/uploads\/2023\/02\/RadioAutoLive9.0-Profil.png","datePublished":"2023-02-02T20:27:27+00:00","dateModified":"2024-04-14T23:05:58+00:00","description":"La station radio est un support \u00e0 l'organisation OMDMHYD, ceci afin de promouvoir l'histoire de nos anc\u00eatres H\u00e9breux Yisra\u00e9lites Bantous","breadcrumb":{"@id":"https:\/\/omdmhyd.org\/index.php\/radio-omdmhyd-971\/#breadcrumb"},"inLanguage":"fr-FR","potentialAction":[{"@type":"ReadAction","target":["https:\/\/omdmhyd.org\/index.php\/radio-omdmhyd-971\/"]}]},{"@type":"ImageObject","inLanguage":"fr-FR","@id":"https:\/\/omdmhyd.org\/index.php\/radio-omdmhyd-971\/#primaryimage","url":"https:\/\/omdmhyd.org\/wp-content\/uploads\/2023\/02\/RadioAutoLive9.0-Profil.png","contentUrl":"https:\/\/omdmhyd.org\/wp-content\/uploads\/2023\/02\/RadioAutoLive9.0-Profil.png","width":840,"height":621},{"@type":"BreadcrumbList","@id":"https:\/\/omdmhyd.org\/index.php\/radio-omdmhyd-971\/#breadcrumb","itemListElement":[{"@type":"ListItem","position":1,"name":"Accueil","item":"http:\/\/omdmhyd.org\/"},{"@type":"ListItem","position":2,"name":"Radio OMDMHYD 971"}]},{"@type":"WebSite","@id":"http:\/\/omdmhyd.org\/#website","url":"http:\/\/omdmhyd.org\/","name":"ORGANISATION OMDMHYD","description":"La d\u00e9fense des droits Bantous..","publisher":{"@id":"http:\/\/omdmhyd.org\/#organization"},"potentialAction":[{"@type":"SearchAction","target":{"@type":"EntryPoint","urlTemplate":"http:\/\/omdmhyd.org\/?s={search_term_string}"},"query-input":{"@type":"PropertyValueSpecification","valueRequired":true,"valueName":"search_term_string"}}],"inLanguage":"fr-FR"},{"@type":"Organization","@id":"http:\/\/omdmhyd.org\/#organization","name":"Organisation Mondiale de la D\u00e9fense des Droits et M\u00e9moires des H\u00e9breux Yisra\u00e9lites D\u00e9port\u00e9s et leur Descendants","url":"http:\/\/omdmhyd.org\/","logo":{"@type":"ImageObject","inLanguage":"fr-FR","@id":"http:\/\/omdmhyd.org\/#\/schema\/logo\/image\/","url":"https:\/\/omdmhyd.org\/wp-content\/uploads\/2023\/02\/cropped-LOGO-OMDMHYD-140x140-1.jpg","contentUrl":"https:\/\/omdmhyd.org\/wp-content\/uploads\/2023\/02\/cropped-LOGO-OMDMHYD-140x140-1.jpg","width":240,"height":240,"caption":"Organisation Mondiale de la D\u00e9fense des Droits et M\u00e9moires des H\u00e9breux Yisra\u00e9lites D\u00e9port\u00e9s et leur Descendants"},"image":{"@id":"http:\/\/omdmhyd.org\/#\/schema\/logo\/image\/"},"sameAs":["https:\/\/www.facebook.com\/omdmhyd","https:\/\/x.com\/omdmhyd_ong","https:\/\/t.me\/omdmhyd","http:\/\/85.187.151.147\/-omdmhyd","https:\/\/afritubes.com\/@OrganisationOMDMHYD"]}]}},"_links":{"self":[{"href":"https:\/\/omdmhyd.org\/index.php\/wp-json\/wp\/v2\/pages\/278","targetHints":{"allow":["GET"]}}],"collection":[{"href":"https:\/\/omdmhyd.org\/index.php\/wp-json\/wp\/v2\/pages"}],"about":[{"href":"https:\/\/omdmhyd.org\/index.php\/wp-json\/wp\/v2\/types\/page"}],"author":[{"embeddable":true,"href":"https:\/\/omdmhyd.org\/index.php\/wp-json\/wp\/v2\/users\/1"}],"replies":[{"embeddable":true,"href":"https:\/\/omdmhyd.org\/index.php\/wp-json\/wp\/v2\/comments?post=278"}],"version-history":[{"count":18,"href":"https:\/\/omdmhyd.org\/index.php\/wp-json\/wp\/v2\/pages\/278\/revisions"}],"predecessor-version":[{"id":3294,"href":"https:\/\/omdmhyd.org\/index.php\/wp-json\/wp\/v2\/pages\/278\/revisions\/3294"}],"wp:featuredmedia":[{"embeddable":true,"href":"https:\/\/omdmhyd.org\/index.php\/wp-json\/wp\/v2\/media\/1531"}],"wp:attachment":[{"href":"https:\/\/omdmhyd.org\/index.php\/wp-json\/wp\/v2\/media?parent=278"}],"curies":[{"name":"wp","href":"https:\/\/api.w.org\/{rel}","templated":true}]}}