{"id":2589,"date":"2023-08-14T23:56:27","date_gmt":"2023-08-14T21:56:27","guid":{"rendered":"http:\/\/omdmhyd.org\/?page_id=2589"},"modified":"2023-11-24T04:42:29","modified_gmt":"2023-11-24T03:42:29","slug":"les-livres-des-apocryphes","status":"publish","type":"page","link":"https:\/\/omdmhyd.org\/index.php\/les-livres-des-apocryphes\/","title":{"rendered":"Les livres des Apocryphes"},"content":{"rendered":"<div style=\"min-height: 285px;; \" class=\"ub_image_slider swiper-container wp-block-ub-image-slider\" id=\"ub_image_slider_1ba22303-90b8-4a2e-a3f7-c734e949056b\" data-swiper-data='{\"speed\":300,\"spaceBetween\":20,\"slidesPerView\":1,\"loop\":true,\"pagination\":{\"el\": \".swiper-pagination\" , \"type\": \"bullets\", \"clickable\":true},\"navigation\": {\"nextEl\": \".swiper-button-next\", \"prevEl\": \".swiper-button-prev\"}, \"keyboard\": { \"enabled\": true }, \"effect\": \"slide\",\"simulateTouch\":false}'>\n            <div class=\"swiper-wrapper\"><figure class=\"swiper-slide\">\n                <img decoding=\"async\" src=\"http:\/\/omdmhyd.org\/wp-content\/uploads\/2023\/02\/Banderole-1224x350-1.jpg\" alt=\"\" style=\"height: 250px;; \">\n                <figcaption class=\"ub_image_slider_image_caption\"><\/figcaption>\n            <\/figure><\/div>\n            <div class=\"swiper-pagination\"><\/div>\n            <div class=\"swiper-button-prev\"><\/div> <div class=\"swiper-button-next\"><\/div>\n        <\/div>\n\n\n<div style=\"text-align:center;\"><div style=\"margin:8px 0px 4px;\"><a href=\"https:\/\/www.calameo.com\/books\/007442341bd1cb123cfdf\" target=\"_blank\" rel=\"noopener\">Livre Du Combat D&#39;adam Et Eve<\/a><\/div><iframe loading=\"lazy\" src=\"\/\/v.calameo.com\/?bkcode=007442341bd1cb123cfdf&#038;mode=mini&#038;clickto=embed&#038;autoflip=4\" width=\"780\" height=\"600\" frameborder=\"0\" scrolling=\"no\" allowtransparency allowfullscreen style=\"margin:0 auto;\"><\/iframe>\n\n\n\n<iframe loading=\"lazy\" src=\"\/\/v.calameo.com\/library\/?type=account&#038;id=7442341&#038;rows=1&#038;sortBy=title&#038;theme=stone&#038;bgColor=&#038;thumbSize=large&#038;showTitle=true&#038;showShadow=true&#038;showGloss=true&#038;showInfo=account&#038;linkTo=embed\" width=\"100%\" height=\"240\" frameborder=\"0\" allowfullscreen allowtransparency><\/iframe>\n\n\n\n<p><\/p>\n\n\n\n<p><\/p>\n\n\n\n<p><\/p>\n\n\n\n<pre class=\"wp-block-code\"><code><strong>Vous \u00eates au nombre de<\/strong> <img decoding=\"async\" title=\"People Online\" border=\"0\" height=\"52\" width=\"90\n \" src=\"http:\/\/whos.amung.us\/widget\/dzsg93pq\/RV7 MIX  Online, ORGANISATION OMDMHYD  em Directo net ao vivo gratis.\" alt=\"\"> <\/code><\/pre>\n","protected":false},"excerpt":{"rendered":"<p>Livre Du Combat D&#39;adam Et Eve Vous \u00eates au nombre de<\/p>\n","protected":false},"author":1,"featured_media":0,"parent":0,"menu_order":0,"comment_status":"closed","ping_status":"closed","template":"","meta":{"saved_in_kubio":false,"telegram_tosend":false,"telegram_tosend_message":"","telegram_tosend_target":0,"sfsi_plus_gutenberg_text_before_share":"","sfsi_plus_gutenberg_show_text_before_share":"","sfsi_plus_gutenberg_icon_type":"","sfsi_plus_gutenberg_icon_alignemt":"","sfsi_plus_gutenburg_max_per_row":"","_themeisle_gutenberg_block_has_review":false,"footnotes":""},"class_list":["post-2589","page","type-page","status-publish","hentry"],"kubio_ai_page_context":{"short_desc":"","purpose":"general"},"featured_image_src":null,"yoast_head":"<!-- This site is optimized with the Yoast SEO plugin v27.4 - https:\/\/yoast.com\/product\/yoast-seo-wordpress\/ -->\n<title>Les livres des Apocryphes | Omdmhyd Accueil<\/title>\n<meta name=\"description\" content=\"On qualifie d\u2019apocryphe un \u00e9crit dont on n\u2019a pu certifier l\u2019origine et, sa d\u00e9couvertesurvenant apr\u00e8s la publication des canons biblique, coranique et \u00e9vang\u00e9lique, sonauthenticit\u00e9 n\u2019ayant fait l\u2019objet d\u2019aucun consensus.\" \/>\n<meta name=\"robots\" content=\"index, follow, max-snippet:-1, max-image-preview:large, max-video-preview:-1\" \/>\n<link rel=\"canonical\" href=\"https:\/\/omdmhyd.org\/index.php\/les-livres-des-apocryphes\/\" \/>\n<meta property=\"og:locale\" content=\"fr_FR\" \/>\n<meta property=\"og:type\" content=\"article\" \/>\n<meta property=\"og:title\" content=\"Le Myst\u00e8res cach\u00e9s | Les livres des Apocryphes\" \/>\n<meta property=\"og:description\" content=\"On qualifie d\u2019apocryphe un \u00e9crit dont on n\u2019a pu certifier l\u2019origine et, sa d\u00e9couverte survenant apr\u00e8s la publication des canons biblique, coranique et \u00e9vang\u00e9lique, son authenticit\u00e9 n\u2019ayant fait l\u2019objet d\u2019aucun consensus.\" \/>\n<meta property=\"og:url\" content=\"https:\/\/omdmhyd.org\/index.php\/les-livres-des-apocryphes\/\" \/>\n<meta property=\"og:site_name\" content=\"Omdmhyd Accueil\" \/>\n<meta property=\"article:publisher\" content=\"https:\/\/www.facebook.com\/omdmhyd\" \/>\n<meta property=\"article:modified_time\" content=\"2023-11-24T03:42:29+00:00\" \/>\n<meta property=\"og:image\" content=\"https:\/\/omdmhyd.org\/wp-content\/uploads\/2023\/11\/LIVRE-DES-APOCRYPHES-1920x1920-1.webp\" \/>\n\t<meta property=\"og:image:width\" content=\"1920\" \/>\n\t<meta property=\"og:image:height\" content=\"1920\" \/>\n\t<meta property=\"og:image:type\" content=\"image\/webp\" \/>\n<meta name=\"twitter:card\" content=\"summary_large_image\" \/>\n<meta name=\"twitter:title\" content=\"Le Myst\u00e8res cach\u00e9s | Les livres des Apocryphes\" \/>\n<meta name=\"twitter:description\" content=\"On qualifie d\u2019apocryphe un \u00e9crit dont on n\u2019a pu certifier l\u2019origine et, sa d\u00e9couverte survenant apr\u00e8s la publication des canons biblique, coranique et \u00e9vang\u00e9lique, son authenticit\u00e9 n\u2019ayant fait l\u2019objet d\u2019aucun consensus.\" \/>\n<meta name=\"twitter:image\" content=\"https:\/\/omdmhyd.org\/wp-content\/uploads\/2023\/11\/LIVRE-DES-APOCRYPHES-1920x1920-1.webp\" \/>\n<meta name=\"twitter:site\" content=\"@omdmhyd_ong\" \/>\n<meta name=\"twitter:label1\" content=\"Dur\u00e9e de lecture estim\u00e9e\" \/>\n\t<meta name=\"twitter:data1\" content=\"1 minute\" \/>\n<script type=\"application\/ld+json\" class=\"yoast-schema-graph\">{\"@context\":\"https:\\\/\\\/schema.org\",\"@graph\":[{\"@type\":\"WebPage\",\"@id\":\"https:\\\/\\\/omdmhyd.org\\\/index.php\\\/les-livres-des-apocryphes\\\/\",\"url\":\"https:\\\/\\\/omdmhyd.org\\\/index.php\\\/les-livres-des-apocryphes\\\/\",\"name\":\"Les livres des Apocryphes | Omdmhyd Accueil\",\"isPartOf\":{\"@id\":\"http:\\\/\\\/omdmhyd.org\\\/#website\"},\"datePublished\":\"2023-08-14T21:56:27+00:00\",\"dateModified\":\"2023-11-24T03:42:29+00:00\",\"description\":\"On qualifie d\u2019apocryphe un \u00e9crit dont on n\u2019a pu certifier l\u2019origine et, sa d\u00e9couvertesurvenant apr\u00e8s la publication des canons biblique, coranique et \u00e9vang\u00e9lique, sonauthenticit\u00e9 n\u2019ayant fait l\u2019objet d\u2019aucun consensus.\",\"breadcrumb\":{\"@id\":\"https:\\\/\\\/omdmhyd.org\\\/index.php\\\/les-livres-des-apocryphes\\\/#breadcrumb\"},\"inLanguage\":\"fr-FR\",\"potentialAction\":[{\"@type\":\"ReadAction\",\"target\":[\"https:\\\/\\\/omdmhyd.org\\\/index.php\\\/les-livres-des-apocryphes\\\/\"]}]},{\"@type\":\"BreadcrumbList\",\"@id\":\"https:\\\/\\\/omdmhyd.org\\\/index.php\\\/les-livres-des-apocryphes\\\/#breadcrumb\",\"itemListElement\":[{\"@type\":\"ListItem\",\"position\":1,\"name\":\"Accueil\",\"item\":\"http:\\\/\\\/omdmhyd.org\\\/\"},{\"@type\":\"ListItem\",\"position\":2,\"name\":\"Les livres des Apocryphes\"}]},{\"@type\":\"WebSite\",\"@id\":\"http:\\\/\\\/omdmhyd.org\\\/#website\",\"url\":\"http:\\\/\\\/omdmhyd.org\\\/\",\"name\":\"ORGANISATION OMDMHYD\",\"description\":\"La d\u00e9fense des droits Bantous..\",\"publisher\":{\"@id\":\"http:\\\/\\\/omdmhyd.org\\\/#organization\"},\"potentialAction\":[{\"@type\":\"SearchAction\",\"target\":{\"@type\":\"EntryPoint\",\"urlTemplate\":\"http:\\\/\\\/omdmhyd.org\\\/?s={search_term_string}\"},\"query-input\":{\"@type\":\"PropertyValueSpecification\",\"valueRequired\":true,\"valueName\":\"search_term_string\"}}],\"inLanguage\":\"fr-FR\"},{\"@type\":\"Organization\",\"@id\":\"http:\\\/\\\/omdmhyd.org\\\/#organization\",\"name\":\"Organisation Mondiale de la D\u00e9fense des Droits et M\u00e9moires des H\u00e9breux Yisra\u00e9lites D\u00e9port\u00e9s et leur Descendants\",\"url\":\"http:\\\/\\\/omdmhyd.org\\\/\",\"logo\":{\"@type\":\"ImageObject\",\"inLanguage\":\"fr-FR\",\"@id\":\"http:\\\/\\\/omdmhyd.org\\\/#\\\/schema\\\/logo\\\/image\\\/\",\"url\":\"https:\\\/\\\/omdmhyd.org\\\/wp-content\\\/uploads\\\/2023\\\/02\\\/cropped-LOGO-OMDMHYD-140x140-1.jpg\",\"contentUrl\":\"https:\\\/\\\/omdmhyd.org\\\/wp-content\\\/uploads\\\/2023\\\/02\\\/cropped-LOGO-OMDMHYD-140x140-1.jpg\",\"width\":240,\"height\":240,\"caption\":\"Organisation Mondiale de la D\u00e9fense des Droits et M\u00e9moires des H\u00e9breux Yisra\u00e9lites D\u00e9port\u00e9s et leur Descendants\"},\"image\":{\"@id\":\"http:\\\/\\\/omdmhyd.org\\\/#\\\/schema\\\/logo\\\/image\\\/\"},\"sameAs\":[\"https:\\\/\\\/www.facebook.com\\\/omdmhyd\",\"https:\\\/\\\/x.com\\\/omdmhyd_ong\",\"https:\\\/\\\/t.me\\\/omdmhyd\",\"http:\\\/\\\/85.187.151.147\\\/-omdmhyd\",\"https:\\\/\\\/afritubes.com\\\/@OrganisationOMDMHYD\"]}]}<\/script>\n<!-- \/ Yoast SEO plugin. -->","yoast_head_json":{"title":"Les livres des Apocryphes | Omdmhyd Accueil","description":"On qualifie d\u2019apocryphe un \u00e9crit dont on n\u2019a pu certifier l\u2019origine et, sa d\u00e9couvertesurvenant apr\u00e8s la publication des canons biblique, coranique et \u00e9vang\u00e9lique, sonauthenticit\u00e9 n\u2019ayant fait l\u2019objet d\u2019aucun consensus.","robots":{"index":"index","follow":"follow","max-snippet":"max-snippet:-1","max-image-preview":"max-image-preview:large","max-video-preview":"max-video-preview:-1"},"canonical":"https:\/\/omdmhyd.org\/index.php\/les-livres-des-apocryphes\/","og_locale":"fr_FR","og_type":"article","og_title":"Le Myst\u00e8res cach\u00e9s | Les livres des Apocryphes","og_description":"On qualifie d\u2019apocryphe un \u00e9crit dont on n\u2019a pu certifier l\u2019origine et, sa d\u00e9couverte survenant apr\u00e8s la publication des canons biblique, coranique et \u00e9vang\u00e9lique, son authenticit\u00e9 n\u2019ayant fait l\u2019objet d\u2019aucun consensus.","og_url":"https:\/\/omdmhyd.org\/index.php\/les-livres-des-apocryphes\/","og_site_name":"Omdmhyd Accueil","article_publisher":"https:\/\/www.facebook.com\/omdmhyd","article_modified_time":"2023-11-24T03:42:29+00:00","og_image":[{"width":1920,"height":1920,"url":"https:\/\/omdmhyd.org\/wp-content\/uploads\/2023\/11\/LIVRE-DES-APOCRYPHES-1920x1920-1.webp","type":"image\/webp"}],"twitter_card":"summary_large_image","twitter_title":"Le Myst\u00e8res cach\u00e9s | Les livres des Apocryphes","twitter_description":"On qualifie d\u2019apocryphe un \u00e9crit dont on n\u2019a pu certifier l\u2019origine et, sa d\u00e9couverte survenant apr\u00e8s la publication des canons biblique, coranique et \u00e9vang\u00e9lique, son authenticit\u00e9 n\u2019ayant fait l\u2019objet d\u2019aucun consensus.","twitter_image":"https:\/\/omdmhyd.org\/wp-content\/uploads\/2023\/11\/LIVRE-DES-APOCRYPHES-1920x1920-1.webp","twitter_site":"@omdmhyd_ong","twitter_misc":{"Dur\u00e9e de lecture estim\u00e9e":"1 minute"},"schema":{"@context":"https:\/\/schema.org","@graph":[{"@type":"WebPage","@id":"https:\/\/omdmhyd.org\/index.php\/les-livres-des-apocryphes\/","url":"https:\/\/omdmhyd.org\/index.php\/les-livres-des-apocryphes\/","name":"Les livres des Apocryphes | Omdmhyd Accueil","isPartOf":{"@id":"http:\/\/omdmhyd.org\/#website"},"datePublished":"2023-08-14T21:56:27+00:00","dateModified":"2023-11-24T03:42:29+00:00","description":"On qualifie d\u2019apocryphe un \u00e9crit dont on n\u2019a pu certifier l\u2019origine et, sa d\u00e9couvertesurvenant apr\u00e8s la publication des canons biblique, coranique et \u00e9vang\u00e9lique, sonauthenticit\u00e9 n\u2019ayant fait l\u2019objet d\u2019aucun consensus.","breadcrumb":{"@id":"https:\/\/omdmhyd.org\/index.php\/les-livres-des-apocryphes\/#breadcrumb"},"inLanguage":"fr-FR","potentialAction":[{"@type":"ReadAction","target":["https:\/\/omdmhyd.org\/index.php\/les-livres-des-apocryphes\/"]}]},{"@type":"BreadcrumbList","@id":"https:\/\/omdmhyd.org\/index.php\/les-livres-des-apocryphes\/#breadcrumb","itemListElement":[{"@type":"ListItem","position":1,"name":"Accueil","item":"http:\/\/omdmhyd.org\/"},{"@type":"ListItem","position":2,"name":"Les livres des Apocryphes"}]},{"@type":"WebSite","@id":"http:\/\/omdmhyd.org\/#website","url":"http:\/\/omdmhyd.org\/","name":"ORGANISATION OMDMHYD","description":"La d\u00e9fense des droits Bantous..","publisher":{"@id":"http:\/\/omdmhyd.org\/#organization"},"potentialAction":[{"@type":"SearchAction","target":{"@type":"EntryPoint","urlTemplate":"http:\/\/omdmhyd.org\/?s={search_term_string}"},"query-input":{"@type":"PropertyValueSpecification","valueRequired":true,"valueName":"search_term_string"}}],"inLanguage":"fr-FR"},{"@type":"Organization","@id":"http:\/\/omdmhyd.org\/#organization","name":"Organisation Mondiale de la D\u00e9fense des Droits et M\u00e9moires des H\u00e9breux Yisra\u00e9lites D\u00e9port\u00e9s et leur Descendants","url":"http:\/\/omdmhyd.org\/","logo":{"@type":"ImageObject","inLanguage":"fr-FR","@id":"http:\/\/omdmhyd.org\/#\/schema\/logo\/image\/","url":"https:\/\/omdmhyd.org\/wp-content\/uploads\/2023\/02\/cropped-LOGO-OMDMHYD-140x140-1.jpg","contentUrl":"https:\/\/omdmhyd.org\/wp-content\/uploads\/2023\/02\/cropped-LOGO-OMDMHYD-140x140-1.jpg","width":240,"height":240,"caption":"Organisation Mondiale de la D\u00e9fense des Droits et M\u00e9moires des H\u00e9breux Yisra\u00e9lites D\u00e9port\u00e9s et leur Descendants"},"image":{"@id":"http:\/\/omdmhyd.org\/#\/schema\/logo\/image\/"},"sameAs":["https:\/\/www.facebook.com\/omdmhyd","https:\/\/x.com\/omdmhyd_ong","https:\/\/t.me\/omdmhyd","http:\/\/85.187.151.147\/-omdmhyd","https:\/\/afritubes.com\/@OrganisationOMDMHYD"]}]}},"_links":{"self":[{"href":"https:\/\/omdmhyd.org\/index.php\/wp-json\/wp\/v2\/pages\/2589","targetHints":{"allow":["GET"]}}],"collection":[{"href":"https:\/\/omdmhyd.org\/index.php\/wp-json\/wp\/v2\/pages"}],"about":[{"href":"https:\/\/omdmhyd.org\/index.php\/wp-json\/wp\/v2\/types\/page"}],"author":[{"embeddable":true,"href":"https:\/\/omdmhyd.org\/index.php\/wp-json\/wp\/v2\/users\/1"}],"replies":[{"embeddable":true,"href":"https:\/\/omdmhyd.org\/index.php\/wp-json\/wp\/v2\/comments?post=2589"}],"version-history":[{"count":12,"href":"https:\/\/omdmhyd.org\/index.php\/wp-json\/wp\/v2\/pages\/2589\/revisions"}],"predecessor-version":[{"id":3021,"href":"https:\/\/omdmhyd.org\/index.php\/wp-json\/wp\/v2\/pages\/2589\/revisions\/3021"}],"wp:attachment":[{"href":"https:\/\/omdmhyd.org\/index.php\/wp-json\/wp\/v2\/media?parent=2589"}],"curies":[{"name":"wp","href":"https:\/\/api.w.org\/{rel}","templated":true}]}}