{"id":2486,"date":"2023-08-13T18:57:45","date_gmt":"2023-08-13T16:57:45","guid":{"rendered":"http:\/\/omdmhyd.org\/?page_id=2486"},"modified":"2023-08-13T18:57:48","modified_gmt":"2023-08-13T16:57:48","slug":"la-lepre-blanche","status":"publish","type":"page","link":"https:\/\/omdmhyd.org\/index.php\/la-lepre-blanche\/","title":{"rendered":"La l\u00e8pre blanche"},"content":{"rendered":"\n<p>La Koma parle d&rsquo;une maladie qui atteignait les isra\u00e9lites sur leur corps et qui se voyait au loin sur le patient. Elle \u00e9tait consid\u00e9r\u00e9e comme une mal\u00e9diction \u00e0 cause d&rsquo;un p\u00e9ch\u00e9 (ce fut le cas de la s\u0153ur a\u00een\u00e9e de Aaron (Lona) et de Mo\u00efse (Masa) qui avait prof\u00e9r\u00e9 de mauvaises paroles \u00e0 l&rsquo;encontre de son plus petit fr\u00e8re), ou une maladie simple qui \u00e9tait soumise \u00e0 l&rsquo;examen minutieux du sacrificateur l\u00e9vite.<\/p>\n\n\n\n<p><\/p>\n\n\n\n<p><strong>Impuret\u00e9 = t\u00e2che blanche<\/strong><\/p>\n\n\n\n<p><\/p>\n\n\n<div class=\"wp-block-image\">\n<figure class=\"aligncenter size-full is-resized\"><img loading=\"lazy\" decoding=\"async\" src=\"http:\/\/omdmhyd.org\/wp-content\/uploads\/2023\/08\/image-32.png\" alt=\"\" class=\"wp-image-2487\" style=\"width:469px;height:394px\" width=\"469\" height=\"394\" srcset=\"https:\/\/omdmhyd.org\/wp-content\/uploads\/2023\/08\/image-32.png 410w, https:\/\/omdmhyd.org\/wp-content\/uploads\/2023\/08\/image-32-300x252.png 300w\" sizes=\"(max-width: 469px) 100vw, 469px\" \/><\/figure>\n<\/div>\n\n\n<p><\/p>\n\n\n\n<p><\/p>\n\n\n<div class=\"wp-block-image\">\n<figure class=\"aligncenter size-full is-resized\"><img loading=\"lazy\" decoding=\"async\" src=\"http:\/\/omdmhyd.org\/wp-content\/uploads\/2023\/08\/image-33.png\" alt=\"\" class=\"wp-image-2488\" style=\"width:402px;height:578px\" width=\"402\" height=\"578\" srcset=\"https:\/\/omdmhyd.org\/wp-content\/uploads\/2023\/08\/image-33.png 490w, https:\/\/omdmhyd.org\/wp-content\/uploads\/2023\/08\/image-33-209x300.png 209w\" sizes=\"(max-width: 402px) 100vw, 402px\" \/><\/figure>\n<\/div>\n\n\n<p><\/p>\n\n\n\n<p><\/p>\n\n\n\n<p><\/p>\n\n\n\n<p><strong>Puret\u00e9 = recouvert tout entier<\/strong> <\/p>\n\n\n\n<p><\/p>\n\n\n<div class=\"wp-block-image\">\n<figure class=\"aligncenter size-full is-resized\"><img loading=\"lazy\" decoding=\"async\" src=\"http:\/\/omdmhyd.org\/wp-content\/uploads\/2023\/08\/image-34.png\" alt=\"\" class=\"wp-image-2489\" style=\"width:465px;height:350px\" width=\"465\" height=\"350\" srcset=\"https:\/\/omdmhyd.org\/wp-content\/uploads\/2023\/08\/image-34.png 399w, https:\/\/omdmhyd.org\/wp-content\/uploads\/2023\/08\/image-34-300x226.png 300w\" sizes=\"(max-width: 465px) 100vw, 465px\" \/><\/figure>\n<\/div>\n\n\n<p><\/p>\n\n\n\n<p><\/p>\n\n\n<div class=\"wp-block-image\">\n<figure class=\"aligncenter size-large\"><img loading=\"lazy\" decoding=\"async\" width=\"1024\" height=\"576\" src=\"http:\/\/omdmhyd.org\/wp-content\/uploads\/2023\/08\/image-35-1024x576.png\" alt=\"\" class=\"wp-image-2490\" srcset=\"https:\/\/omdmhyd.org\/wp-content\/uploads\/2023\/08\/image-35-1024x576.png 1024w, https:\/\/omdmhyd.org\/wp-content\/uploads\/2023\/08\/image-35-300x169.png 300w, https:\/\/omdmhyd.org\/wp-content\/uploads\/2023\/08\/image-35-768x432.png 768w, https:\/\/omdmhyd.org\/wp-content\/uploads\/2023\/08\/image-35-600x338.png 600w, https:\/\/omdmhyd.org\/wp-content\/uploads\/2023\/08\/image-35.png 1200w\" sizes=\"(max-width: 1024px) 100vw, 1024px\" \/><\/figure>\n<\/div>\n\n\n<p><\/p>\n\n\n\n<p>Passages de la Koma :<\/p>\n\n\n\n<p><\/p>\n\n\n\n<p><strong>Exode (Nsemo) 4, v 6-7<\/strong> : L&rsquo;Eternel lui dit encore: Mets ta main dans ton sein. Il mit sa main dans son sein; puis il la retira, <strong>et voici, sa main \u00e9tait couverte de l\u00e8pre, blanche comme la neige.<\/strong>\u00a0<a href=\"https:\/\/saintebible.com\/exodus\/4-7.htm\">7<\/a> L&rsquo;Eternel dit: Remets ta main dans ton sein. Il remit sa main dans son sein; puis il la retira de son sein, et voici, elle \u00e9tait redevenue comme sa chair.<\/p>\n\n\n\n<p><\/p>\n\n\n\n<p><strong>Nombres (Bima Debula) 12, v 10<\/strong> : La nu\u00e9e se retira de dessus la tente. Et <strong>voici, Marie \u00e9tait frapp\u00e9e d&rsquo;une l\u00e8pre, blanche comme la neige<\/strong>. Aaron se tourna vers Marie; et voici, elle avait la l\u00e8pre.<\/p>\n\n\n\n<p><strong>L\u00e9vitique (Vayika) 13, v 25<\/strong> : le sacrificateur l&rsquo;examinera. Si <strong>le poil est devenu blanc<\/strong> dans la tache, et qu&rsquo;elle paraisse plus profonde que la peau, c&rsquo;est la l\u00e8pre, qui a fait \u00e9ruption dans la br\u00fblure; le sacrificateur d\u00e9clarera cet homme impur: c&rsquo;est une plaie de l\u00e8pre.<\/p>\n\n\n\n<p><\/p>\n\n\n\n<p><\/p>\n\n\n\n<p><\/p>\n\n\n\n<div class=\"wp-block-ultimate-social-media-plus-sfsi-plus-share-block sfsi_plus_block_wrapper\">\n\t<span class=\"sfsi_plus_block_text_before_icon\">Partagez s&rsquo;il vous pla\u00eet :<\/span>\n<div class=\"sfsi_plus_block\" data-count=\"5\" data-align=\"left\" data-icon-type=\"round\"><\/div>\n\t<\/div>\n\n\n\n<p><\/p>\n\n\n\n<p><\/p>\n\n\n\n<pre class=\"wp-block-code\"><code><strong>Vous \u00eates au nombre de<\/strong> <img decoding=\"async\" title=\"People Online\" border=\"0\" height=\"52\" width=\"90\n \" src=\"http:\/\/whos.amung.us\/widget\/dzsg93pq\/RV7 MIX  Online, ORGANISATION OMDMHYD  em Directo net ao vivo gratis.\" alt=\"\"> <\/code><\/pre>\n","protected":false},"excerpt":{"rendered":"<p>La Koma parle d&rsquo;une maladie qui atteignait les isra\u00e9lites sur leur corps et qui se voyait au loin sur le patient. Elle \u00e9tait consid\u00e9r\u00e9e comme une mal\u00e9diction \u00e0 cause d&rsquo;un p\u00e9ch\u00e9 (ce fut le cas de la s\u0153ur a\u00een\u00e9e de Aaron (Lona) et de Mo\u00efse (Masa) qui avait prof\u00e9r\u00e9 de mauvaises paroles \u00e0 l&rsquo;encontre de [&hellip;]<\/p>\n","protected":false},"author":1,"featured_media":0,"parent":0,"menu_order":0,"comment_status":"closed","ping_status":"closed","template":"","meta":{"saved_in_kubio":false,"telegram_tosend":false,"telegram_tosend_message":"","telegram_tosend_target":0,"sfsi_plus_gutenberg_text_before_share":"","sfsi_plus_gutenberg_show_text_before_share":"","sfsi_plus_gutenberg_icon_type":"","sfsi_plus_gutenberg_icon_alignemt":"","sfsi_plus_gutenburg_max_per_row":"","_themeisle_gutenberg_block_has_review":false,"footnotes":""},"class_list":["post-2486","page","type-page","status-publish","hentry"],"kubio_ai_page_context":{"short_desc":"","purpose":"general"},"featured_image_src":null,"yoast_head":"<!-- This site is optimized with the Yoast SEO plugin v27.4 - https:\/\/yoast.com\/product\/yoast-seo-wordpress\/ -->\n<title>La l\u00e8pre blanche | Omdmhyd Accueil<\/title>\n<meta name=\"description\" content=\"Une maladie de peau qui atteignait les isra\u00e9lites montrant qu&#039;ils n&#039;\u00e9taient pas du type europ\u00e9en.\" \/>\n<meta name=\"robots\" content=\"index, follow, max-snippet:-1, max-image-preview:large, max-video-preview:-1\" \/>\n<link rel=\"canonical\" href=\"https:\/\/omdmhyd.org\/index.php\/la-lepre-blanche\/\" \/>\n<meta property=\"og:locale\" content=\"fr_FR\" \/>\n<meta property=\"og:type\" content=\"article\" \/>\n<meta property=\"og:title\" content=\"La l\u00e8pre blanche\" \/>\n<meta property=\"og:description\" content=\"Une maladie de peau qui atteignait les isra\u00e9lites montrant qu&#039;ils n&#039;\u00e9taient pas du type europ\u00e9en.\" \/>\n<meta property=\"og:url\" content=\"https:\/\/omdmhyd.org\/index.php\/la-lepre-blanche\/\" \/>\n<meta property=\"og:site_name\" content=\"Omdmhyd Accueil\" \/>\n<meta property=\"article:publisher\" content=\"https:\/\/www.facebook.com\/omdmhyd\" \/>\n<meta property=\"article:modified_time\" content=\"2023-08-13T16:57:48+00:00\" \/>\n<meta property=\"og:image\" content=\"https:\/\/omdmhyd.org\/wp-content\/uploads\/2023\/08\/image-32.png\" \/>\n\t<meta property=\"og:image:width\" content=\"410\" \/>\n\t<meta property=\"og:image:height\" content=\"344\" \/>\n\t<meta property=\"og:image:type\" content=\"image\/png\" \/>\n<meta name=\"twitter:card\" content=\"summary_large_image\" \/>\n<meta name=\"twitter:title\" content=\"La l\u00e8pre blanche\" \/>\n<meta name=\"twitter:description\" content=\"Une maladie de peau qui atteignait les isra\u00e9lites montrant qu&#039;ils n&#039;\u00e9taient pas du type europ\u00e9en.\" \/>\n<meta name=\"twitter:image\" content=\"https:\/\/omdmhyd.org\/wp-content\/uploads\/2023\/08\/image-32.png\" \/>\n<meta name=\"twitter:site\" content=\"@omdmhyd_ong\" \/>\n<meta name=\"twitter:label1\" content=\"Dur\u00e9e de lecture estim\u00e9e\" \/>\n\t<meta name=\"twitter:data1\" content=\"3 minutes\" \/>\n<script type=\"application\/ld+json\" class=\"yoast-schema-graph\">{\"@context\":\"https:\\\/\\\/schema.org\",\"@graph\":[{\"@type\":\"WebPage\",\"@id\":\"https:\\\/\\\/omdmhyd.org\\\/index.php\\\/la-lepre-blanche\\\/\",\"url\":\"https:\\\/\\\/omdmhyd.org\\\/index.php\\\/la-lepre-blanche\\\/\",\"name\":\"La l\u00e8pre blanche | Omdmhyd Accueil\",\"isPartOf\":{\"@id\":\"http:\\\/\\\/omdmhyd.org\\\/#website\"},\"primaryImageOfPage\":{\"@id\":\"https:\\\/\\\/omdmhyd.org\\\/index.php\\\/la-lepre-blanche\\\/#primaryimage\"},\"image\":{\"@id\":\"https:\\\/\\\/omdmhyd.org\\\/index.php\\\/la-lepre-blanche\\\/#primaryimage\"},\"thumbnailUrl\":\"http:\\\/\\\/omdmhyd.org\\\/wp-content\\\/uploads\\\/2023\\\/08\\\/image-32.png\",\"datePublished\":\"2023-08-13T16:57:45+00:00\",\"dateModified\":\"2023-08-13T16:57:48+00:00\",\"description\":\"Une maladie de peau qui atteignait les isra\u00e9lites montrant qu'ils n'\u00e9taient pas du type europ\u00e9en.\",\"breadcrumb\":{\"@id\":\"https:\\\/\\\/omdmhyd.org\\\/index.php\\\/la-lepre-blanche\\\/#breadcrumb\"},\"inLanguage\":\"fr-FR\",\"potentialAction\":[{\"@type\":\"ReadAction\",\"target\":[\"https:\\\/\\\/omdmhyd.org\\\/index.php\\\/la-lepre-blanche\\\/\"]}]},{\"@type\":\"ImageObject\",\"inLanguage\":\"fr-FR\",\"@id\":\"https:\\\/\\\/omdmhyd.org\\\/index.php\\\/la-lepre-blanche\\\/#primaryimage\",\"url\":\"https:\\\/\\\/omdmhyd.org\\\/wp-content\\\/uploads\\\/2023\\\/08\\\/image-32.png\",\"contentUrl\":\"https:\\\/\\\/omdmhyd.org\\\/wp-content\\\/uploads\\\/2023\\\/08\\\/image-32.png\",\"width\":410,\"height\":344},{\"@type\":\"BreadcrumbList\",\"@id\":\"https:\\\/\\\/omdmhyd.org\\\/index.php\\\/la-lepre-blanche\\\/#breadcrumb\",\"itemListElement\":[{\"@type\":\"ListItem\",\"position\":1,\"name\":\"Accueil\",\"item\":\"http:\\\/\\\/omdmhyd.org\\\/\"},{\"@type\":\"ListItem\",\"position\":2,\"name\":\"La l\u00e8pre blanche\"}]},{\"@type\":\"WebSite\",\"@id\":\"http:\\\/\\\/omdmhyd.org\\\/#website\",\"url\":\"http:\\\/\\\/omdmhyd.org\\\/\",\"name\":\"ORGANISATION OMDMHYD\",\"description\":\"La d\u00e9fense des droits Bantous..\",\"publisher\":{\"@id\":\"http:\\\/\\\/omdmhyd.org\\\/#organization\"},\"potentialAction\":[{\"@type\":\"SearchAction\",\"target\":{\"@type\":\"EntryPoint\",\"urlTemplate\":\"http:\\\/\\\/omdmhyd.org\\\/?s={search_term_string}\"},\"query-input\":{\"@type\":\"PropertyValueSpecification\",\"valueRequired\":true,\"valueName\":\"search_term_string\"}}],\"inLanguage\":\"fr-FR\"},{\"@type\":\"Organization\",\"@id\":\"http:\\\/\\\/omdmhyd.org\\\/#organization\",\"name\":\"Organisation Mondiale de la D\u00e9fense des Droits et M\u00e9moires des H\u00e9breux Yisra\u00e9lites D\u00e9port\u00e9s et leur Descendants\",\"url\":\"http:\\\/\\\/omdmhyd.org\\\/\",\"logo\":{\"@type\":\"ImageObject\",\"inLanguage\":\"fr-FR\",\"@id\":\"http:\\\/\\\/omdmhyd.org\\\/#\\\/schema\\\/logo\\\/image\\\/\",\"url\":\"https:\\\/\\\/omdmhyd.org\\\/wp-content\\\/uploads\\\/2023\\\/02\\\/cropped-LOGO-OMDMHYD-140x140-1.jpg\",\"contentUrl\":\"https:\\\/\\\/omdmhyd.org\\\/wp-content\\\/uploads\\\/2023\\\/02\\\/cropped-LOGO-OMDMHYD-140x140-1.jpg\",\"width\":240,\"height\":240,\"caption\":\"Organisation Mondiale de la D\u00e9fense des Droits et M\u00e9moires des H\u00e9breux Yisra\u00e9lites D\u00e9port\u00e9s et leur Descendants\"},\"image\":{\"@id\":\"http:\\\/\\\/omdmhyd.org\\\/#\\\/schema\\\/logo\\\/image\\\/\"},\"sameAs\":[\"https:\\\/\\\/www.facebook.com\\\/omdmhyd\",\"https:\\\/\\\/x.com\\\/omdmhyd_ong\",\"https:\\\/\\\/t.me\\\/omdmhyd\",\"http:\\\/\\\/85.187.151.147\\\/-omdmhyd\",\"https:\\\/\\\/afritubes.com\\\/@OrganisationOMDMHYD\"]}]}<\/script>\n<!-- \/ Yoast SEO plugin. -->","yoast_head_json":{"title":"La l\u00e8pre blanche | Omdmhyd Accueil","description":"Une maladie de peau qui atteignait les isra\u00e9lites montrant qu'ils n'\u00e9taient pas du type europ\u00e9en.","robots":{"index":"index","follow":"follow","max-snippet":"max-snippet:-1","max-image-preview":"max-image-preview:large","max-video-preview":"max-video-preview:-1"},"canonical":"https:\/\/omdmhyd.org\/index.php\/la-lepre-blanche\/","og_locale":"fr_FR","og_type":"article","og_title":"La l\u00e8pre blanche","og_description":"Une maladie de peau qui atteignait les isra\u00e9lites montrant qu'ils n'\u00e9taient pas du type europ\u00e9en.","og_url":"https:\/\/omdmhyd.org\/index.php\/la-lepre-blanche\/","og_site_name":"Omdmhyd Accueil","article_publisher":"https:\/\/www.facebook.com\/omdmhyd","article_modified_time":"2023-08-13T16:57:48+00:00","og_image":[{"width":410,"height":344,"url":"https:\/\/omdmhyd.org\/wp-content\/uploads\/2023\/08\/image-32.png","type":"image\/png"}],"twitter_card":"summary_large_image","twitter_title":"La l\u00e8pre blanche","twitter_description":"Une maladie de peau qui atteignait les isra\u00e9lites montrant qu'ils n'\u00e9taient pas du type europ\u00e9en.","twitter_image":"https:\/\/omdmhyd.org\/wp-content\/uploads\/2023\/08\/image-32.png","twitter_site":"@omdmhyd_ong","twitter_misc":{"Dur\u00e9e de lecture estim\u00e9e":"3 minutes"},"schema":{"@context":"https:\/\/schema.org","@graph":[{"@type":"WebPage","@id":"https:\/\/omdmhyd.org\/index.php\/la-lepre-blanche\/","url":"https:\/\/omdmhyd.org\/index.php\/la-lepre-blanche\/","name":"La l\u00e8pre blanche | Omdmhyd Accueil","isPartOf":{"@id":"http:\/\/omdmhyd.org\/#website"},"primaryImageOfPage":{"@id":"https:\/\/omdmhyd.org\/index.php\/la-lepre-blanche\/#primaryimage"},"image":{"@id":"https:\/\/omdmhyd.org\/index.php\/la-lepre-blanche\/#primaryimage"},"thumbnailUrl":"http:\/\/omdmhyd.org\/wp-content\/uploads\/2023\/08\/image-32.png","datePublished":"2023-08-13T16:57:45+00:00","dateModified":"2023-08-13T16:57:48+00:00","description":"Une maladie de peau qui atteignait les isra\u00e9lites montrant qu'ils n'\u00e9taient pas du type europ\u00e9en.","breadcrumb":{"@id":"https:\/\/omdmhyd.org\/index.php\/la-lepre-blanche\/#breadcrumb"},"inLanguage":"fr-FR","potentialAction":[{"@type":"ReadAction","target":["https:\/\/omdmhyd.org\/index.php\/la-lepre-blanche\/"]}]},{"@type":"ImageObject","inLanguage":"fr-FR","@id":"https:\/\/omdmhyd.org\/index.php\/la-lepre-blanche\/#primaryimage","url":"https:\/\/omdmhyd.org\/wp-content\/uploads\/2023\/08\/image-32.png","contentUrl":"https:\/\/omdmhyd.org\/wp-content\/uploads\/2023\/08\/image-32.png","width":410,"height":344},{"@type":"BreadcrumbList","@id":"https:\/\/omdmhyd.org\/index.php\/la-lepre-blanche\/#breadcrumb","itemListElement":[{"@type":"ListItem","position":1,"name":"Accueil","item":"http:\/\/omdmhyd.org\/"},{"@type":"ListItem","position":2,"name":"La l\u00e8pre blanche"}]},{"@type":"WebSite","@id":"http:\/\/omdmhyd.org\/#website","url":"http:\/\/omdmhyd.org\/","name":"ORGANISATION OMDMHYD","description":"La d\u00e9fense des droits Bantous..","publisher":{"@id":"http:\/\/omdmhyd.org\/#organization"},"potentialAction":[{"@type":"SearchAction","target":{"@type":"EntryPoint","urlTemplate":"http:\/\/omdmhyd.org\/?s={search_term_string}"},"query-input":{"@type":"PropertyValueSpecification","valueRequired":true,"valueName":"search_term_string"}}],"inLanguage":"fr-FR"},{"@type":"Organization","@id":"http:\/\/omdmhyd.org\/#organization","name":"Organisation Mondiale de la D\u00e9fense des Droits et M\u00e9moires des H\u00e9breux Yisra\u00e9lites D\u00e9port\u00e9s et leur Descendants","url":"http:\/\/omdmhyd.org\/","logo":{"@type":"ImageObject","inLanguage":"fr-FR","@id":"http:\/\/omdmhyd.org\/#\/schema\/logo\/image\/","url":"https:\/\/omdmhyd.org\/wp-content\/uploads\/2023\/02\/cropped-LOGO-OMDMHYD-140x140-1.jpg","contentUrl":"https:\/\/omdmhyd.org\/wp-content\/uploads\/2023\/02\/cropped-LOGO-OMDMHYD-140x140-1.jpg","width":240,"height":240,"caption":"Organisation Mondiale de la D\u00e9fense des Droits et M\u00e9moires des H\u00e9breux Yisra\u00e9lites D\u00e9port\u00e9s et leur Descendants"},"image":{"@id":"http:\/\/omdmhyd.org\/#\/schema\/logo\/image\/"},"sameAs":["https:\/\/www.facebook.com\/omdmhyd","https:\/\/x.com\/omdmhyd_ong","https:\/\/t.me\/omdmhyd","http:\/\/85.187.151.147\/-omdmhyd","https:\/\/afritubes.com\/@OrganisationOMDMHYD"]}]}},"_links":{"self":[{"href":"https:\/\/omdmhyd.org\/index.php\/wp-json\/wp\/v2\/pages\/2486","targetHints":{"allow":["GET"]}}],"collection":[{"href":"https:\/\/omdmhyd.org\/index.php\/wp-json\/wp\/v2\/pages"}],"about":[{"href":"https:\/\/omdmhyd.org\/index.php\/wp-json\/wp\/v2\/types\/page"}],"author":[{"embeddable":true,"href":"https:\/\/omdmhyd.org\/index.php\/wp-json\/wp\/v2\/users\/1"}],"replies":[{"embeddable":true,"href":"https:\/\/omdmhyd.org\/index.php\/wp-json\/wp\/v2\/comments?post=2486"}],"version-history":[{"count":1,"href":"https:\/\/omdmhyd.org\/index.php\/wp-json\/wp\/v2\/pages\/2486\/revisions"}],"predecessor-version":[{"id":2491,"href":"https:\/\/omdmhyd.org\/index.php\/wp-json\/wp\/v2\/pages\/2486\/revisions\/2491"}],"wp:attachment":[{"href":"https:\/\/omdmhyd.org\/index.php\/wp-json\/wp\/v2\/media?parent=2486"}],"curies":[{"name":"wp","href":"https:\/\/api.w.org\/{rel}","templated":true}]}}