{"id":2441,"date":"2023-08-13T16:23:04","date_gmt":"2023-08-13T14:23:04","guid":{"rendered":"http:\/\/omdmhyd.org\/?page_id=2441"},"modified":"2025-09-15T17:30:27","modified_gmt":"2025-09-15T15:30:27","slug":"identite-capillaire-israelites","status":"publish","type":"page","link":"https:\/\/omdmhyd.org\/index.php\/identite-capillaire-israelites\/","title":{"rendered":"Identit\u00e9 capillaire Isra\u00e9lites"},"content":{"rendered":"\n<p><\/p>\n\n\n\n<p><strong>2 Samuel 14, v 26<\/strong> : Lorsqu&rsquo;il se rasait la t\u00eate, -c&rsquo;\u00e9tait chaque ann\u00e9e qu&rsquo;il se la rasait, parce que sa chevelure lui pesait, &#8211; le poids des cheveux de sa t\u00eate \u00e9tait de deux cents sicles, poids du roi.<br><strong>Esa\u00efe 3, v 24<\/strong> : Au lieu de parfum, il y aura de l&rsquo;infection; Au lieu de ceinture, une corde; Au lieu de cheveux boucl\u00e9s, une t\u00eate chauve; Au lieu d&rsquo;un large manteau, un sac \u00e9troit; Une marque fl\u00e9trissante, au lieu de beaut\u00e9.<\/p>\n\n\n\n<p><\/p>\n\n\n\n<p><\/p>\n\n\n<div class=\"wp-block-image\">\n<figure class=\"aligncenter size-full is-resized\"><img loading=\"lazy\" decoding=\"async\" width=\"224\" height=\"225\" src=\"http:\/\/omdmhyd.org\/wp-content\/uploads\/2023\/08\/image.png\" alt=\"\" class=\"wp-image-2442\" style=\"aspect-ratio:0.9966832504145937;width:925px;height:auto\" srcset=\"https:\/\/omdmhyd.org\/wp-content\/uploads\/2023\/08\/image.png 224w, https:\/\/omdmhyd.org\/wp-content\/uploads\/2023\/08\/image-150x150.png 150w, https:\/\/omdmhyd.org\/wp-content\/uploads\/2023\/08\/image-100x100.png 100w\" sizes=\"(max-width: 224px) 100vw, 224px\" \/><\/figure>\n<\/div>\n\n\n\n\n\n\n\n\n<p><\/p>\n\n\n\n<p><\/p>\n\n\n<div class=\"wp-block-image\">\n<figure class=\"aligncenter size-full is-resized\"><img loading=\"lazy\" decoding=\"async\" width=\"480\" height=\"360\" src=\"http:\/\/omdmhyd.org\/wp-content\/uploads\/2023\/08\/image-1.png\" alt=\"\" class=\"wp-image-2443\" style=\"width:599px;height:449px\" srcset=\"https:\/\/omdmhyd.org\/wp-content\/uploads\/2023\/08\/image-1.png 480w, https:\/\/omdmhyd.org\/wp-content\/uploads\/2023\/08\/image-1-300x225.png 300w\" sizes=\"(max-width: 480px) 100vw, 480px\" \/><\/figure>\n<\/div>\n\n\n<p><\/p>\n\n\n<div class=\"wp-block-image\">\n<figure class=\"aligncenter size-full is-resized\"><img loading=\"lazy\" decoding=\"async\" width=\"512\" height=\"338\" src=\"http:\/\/omdmhyd.org\/wp-content\/uploads\/2023\/08\/image-2.png\" alt=\"\" class=\"wp-image-2444\" style=\"width:679px;height:448px\" srcset=\"https:\/\/omdmhyd.org\/wp-content\/uploads\/2023\/08\/image-2.png 512w, https:\/\/omdmhyd.org\/wp-content\/uploads\/2023\/08\/image-2-300x198.png 300w\" sizes=\"(max-width: 512px) 100vw, 512px\" \/><\/figure>\n<\/div>\n\n\n<p><\/p>\n\n\n<div class=\"wp-block-image\">\n<figure class=\"aligncenter size-full is-resized\"><img loading=\"lazy\" decoding=\"async\" width=\"477\" height=\"251\" src=\"http:\/\/omdmhyd.org\/wp-content\/uploads\/2023\/08\/image-3.png\" alt=\"\" class=\"wp-image-2445\" style=\"width:850px;height:447px\" srcset=\"https:\/\/omdmhyd.org\/wp-content\/uploads\/2023\/08\/image-3.png 477w, https:\/\/omdmhyd.org\/wp-content\/uploads\/2023\/08\/image-3-300x158.png 300w\" sizes=\"(max-width: 477px) 100vw, 477px\" \/><\/figure>\n<\/div>\n\n\n<p><\/p>\n\n\n<div class=\"wp-block-image\">\n<figure class=\"aligncenter size-full is-resized\"><img loading=\"lazy\" decoding=\"async\" width=\"564\" height=\"564\" src=\"http:\/\/omdmhyd.org\/wp-content\/uploads\/2023\/08\/image-4.png\" alt=\"\" class=\"wp-image-2446\" style=\"width:636px;height:636px\" srcset=\"https:\/\/omdmhyd.org\/wp-content\/uploads\/2023\/08\/image-4.png 564w, https:\/\/omdmhyd.org\/wp-content\/uploads\/2023\/08\/image-4-300x300.png 300w, https:\/\/omdmhyd.org\/wp-content\/uploads\/2023\/08\/image-4-150x150.png 150w, https:\/\/omdmhyd.org\/wp-content\/uploads\/2023\/08\/image-4-100x100.png 100w\" sizes=\"(max-width: 564px) 100vw, 564px\" \/><\/figure>\n<\/div>\n\n\n<p><\/p>\n\n\n\n<p><\/p>\n\n\n<div class=\"wp-block-image\">\n<figure class=\"aligncenter size-full is-resized\"><img loading=\"lazy\" decoding=\"async\" width=\"531\" height=\"800\" src=\"http:\/\/omdmhyd.org\/wp-content\/uploads\/2023\/08\/image-5.png\" alt=\"\" class=\"wp-image-2447\" style=\"width:554px;height:835px\" srcset=\"https:\/\/omdmhyd.org\/wp-content\/uploads\/2023\/08\/image-5.png 531w, https:\/\/omdmhyd.org\/wp-content\/uploads\/2023\/08\/image-5-199x300.png 199w\" sizes=\"(max-width: 531px) 100vw, 531px\" \/><\/figure>\n<\/div>\n\n\n<p><\/p>\n\n\n<div class=\"wp-block-image\">\n<figure class=\"aligncenter size-full is-resized\"><img loading=\"lazy\" decoding=\"async\" width=\"236\" height=\"376\" src=\"http:\/\/omdmhyd.org\/wp-content\/uploads\/2023\/08\/image-6.png\" alt=\"\" class=\"wp-image-2448\" style=\"width:492px;height:784px\" srcset=\"https:\/\/omdmhyd.org\/wp-content\/uploads\/2023\/08\/image-6.png 236w, https:\/\/omdmhyd.org\/wp-content\/uploads\/2023\/08\/image-6-188x300.png 188w\" sizes=\"(max-width: 236px) 100vw, 236px\" \/><\/figure>\n<\/div>\n\n\n<p><\/p>\n\n\n<div class=\"wp-block-image\">\n<figure class=\"aligncenter size-full\"><img loading=\"lazy\" decoding=\"async\" width=\"564\" height=\"564\" src=\"http:\/\/omdmhyd.org\/wp-content\/uploads\/2023\/10\/identite-capillaire.webp\" alt=\"\" class=\"wp-image-2888\" srcset=\"https:\/\/omdmhyd.org\/wp-content\/uploads\/2023\/10\/identite-capillaire.webp 564w, https:\/\/omdmhyd.org\/wp-content\/uploads\/2023\/10\/identite-capillaire-300x300.webp 300w, https:\/\/omdmhyd.org\/wp-content\/uploads\/2023\/10\/identite-capillaire-150x150.webp 150w, https:\/\/omdmhyd.org\/wp-content\/uploads\/2023\/10\/identite-capillaire-100x100.webp 100w\" sizes=\"(max-width: 564px) 100vw, 564px\" \/><\/figure>\n<\/div>\n\n\n<p>En conclusion : les Ecritures parlent de texture laineuse comme les moutons, le latin emploie le mot \u00ab\u00a0crispanti\u00a0\u00bb qui veut dire \u00ab\u00a0cr\u00e9pu\u00a0\u00bb ou \u00ab\u00a0boucl\u00e9\u00a0\u00bb de mani\u00e8re naturelle. <\/p>\n\n\n\n<p>la question que l&rsquo;on pourrait se poser c&rsquo;est : Pourquoi les femmes isra\u00e9lites ont une chevelure courte, ou parfois des pertes de cheveux ou alop\u00e9cie ?<\/p>\n\n\n\n<p><strong>Esa\u00efe 3, v 16-24<\/strong> : L&rsquo;Eternel dit : Parce que les filles de Sion sont orgueilleuses, Et qu&rsquo;elles marchent le cou tendu Et les regards effront\u00e9s, Parce qu&rsquo;elles vont \u00e0 petits pas, Et qu&rsquo;elles font r\u00e9sonner les boucles de leurs pieds, <a href=\"https:\/\/saintebible.com\/isaiah\/3-17.htm\">17<\/a> Le Seigneur <strong>rendra chauve le sommet de la t\u00eate des filles de Sion<\/strong>, L&rsquo;Eternel d\u00e9couvrira leur nudit\u00e9. <a href=\"https:\/\/saintebible.com\/isaiah\/3-18.htm\">18<\/a> En ce jour, le Seigneur \u00f4tera les boucles qui servent d&rsquo;ornement \u00e0 leurs pieds, Et les filets et les croissants; <a href=\"https:\/\/saintebible.com\/isaiah\/3-19.htm\">19<\/a> Les pendants d&rsquo;oreilles, les bracelets et les voiles; <a href=\"https:\/\/saintebible.com\/isaiah\/3-20.htm\">20<\/a> Les diad\u00e8mes, les cha\u00eenettes des pieds et les ceintures, Les bo\u00eetes de senteur et les amulettes ; <a href=\"https:\/\/saintebible.com\/isaiah\/3-21.htm\">21<\/a> Les bagues et les anneaux du nez; <a href=\"https:\/\/saintebible.com\/isaiah\/3-22.htm\">22<\/a> Les v\u00eatements pr\u00e9cieux et les larges tuniques, Les manteaux et les gibeci\u00e8res; <a href=\"https:\/\/saintebible.com\/isaiah\/3-23.htm\">23<\/a> Les miroirs et les chemises fines, Les turbans et les surtout l\u00e9gers. <a href=\"https:\/\/saintebible.com\/isaiah\/3-24.htm\">24<\/a> Au lieu de parfum, il y aura de l&rsquo;infection; Au lieu de ceinture, une corde; <strong>Au lieu de cheveux boucl\u00e9s, une t\u00eate chauve<\/strong>; Au lieu d&rsquo;un large manteau, un sac \u00e9troit; Une marque fl\u00e9trissante, au lieu de beaut\u00e9. <\/p>\n\n\n\n<p><\/p>\n\n\n\n<p>Il s&rsquo;agit d&rsquo;une mal\u00e9diction que Kongo a envoy\u00e9e sur les femmes isra\u00e9lites \u00e0 cause de leur comportement d\u00e9sagr\u00e9able vis-\u00e0-vis de leurs cong\u00e9n\u00e8res. Et aujourd&rsquo;hui, elles en souffrent encore.<\/p>\n\n\n\n<p><\/p>\n\n\n\n<p><\/p>\n\n\n\n<div class=\"wp-block-ultimate-social-media-plus-sfsi-plus-share-block sfsi_plus_block_wrapper\">\n\t<span class=\"sfsi_plus_block_text_before_icon\">Partagez s&rsquo;il vous pla\u00eet<\/span>\n<div class=\"sfsi_plus_block\" data-count=\"5\" data-align=\"left\" data-icon-type=\"round\"><\/div>\n\t<\/div>\n\n\n\n<p><\/p>\n\n\n\n<p><\/p>\n\n\n\n<pre class=\"wp-block-code\"><code><strong>Vous \u00eates au nombre de<\/strong> <img decoding=\"async\" title=\"People Online\" border=\"0\" height=\"52\" width=\"90\n \" src=\"http:\/\/whos.amung.us\/widget\/dzsg93pq\/RV7 MIX  Online, ORGANISATION OMDMHYD  em Directo net ao vivo gratis.\" alt=\"\"> <\/code><\/pre>\n","protected":false},"excerpt":{"rendered":"<p>2 Samuel 14, v 26 : Lorsqu&rsquo;il se rasait la t\u00eate, -c&rsquo;\u00e9tait chaque ann\u00e9e qu&rsquo;il se la rasait, parce que sa chevelure lui pesait, &#8211; le poids des cheveux de sa t\u00eate \u00e9tait de deux cents sicles, poids du roi.Esa\u00efe 3, v 24 : Au lieu de parfum, il y aura de l&rsquo;infection; Au lieu [&hellip;]<\/p>\n","protected":false},"author":1,"featured_media":0,"parent":0,"menu_order":0,"comment_status":"closed","ping_status":"closed","template":"","meta":{"saved_in_kubio":false,"telegram_tosend":false,"telegram_tosend_message":"","telegram_tosend_target":0,"sfsi_plus_gutenberg_text_before_share":"","sfsi_plus_gutenberg_show_text_before_share":"","sfsi_plus_gutenberg_icon_type":"","sfsi_plus_gutenberg_icon_alignemt":"","sfsi_plus_gutenburg_max_per_row":"","_themeisle_gutenberg_block_has_review":false,"footnotes":""},"class_list":["post-2441","page","type-page","status-publish","hentry"],"kubio_ai_page_context":{"short_desc":"","purpose":"general"},"featured_image_src":null,"yoast_head":"<!-- This site is optimized with the Yoast SEO plugin v27.4 - https:\/\/yoast.com\/product\/yoast-seo-wordpress\/ -->\n<title>L&#039;identit\u00e9 capillaire des Isra\u00e9lites<\/title>\n<meta name=\"description\" content=\"Identit\u00e9 capillaire des Isra\u00e9lites selon les Ecritures.\" \/>\n<meta name=\"robots\" content=\"index, follow, max-snippet:-1, max-image-preview:large, max-video-preview:-1\" \/>\n<link rel=\"canonical\" href=\"http:\/\/omdmhyd.org\/index.php\/identite-capillaire-israelites\/\" \/>\n<meta property=\"og:locale\" content=\"fr_FR\" \/>\n<meta property=\"og:type\" content=\"article\" \/>\n<meta property=\"og:title\" content=\"L&#039;identit\u00e9 capillaire des Isra\u00e9lites\" \/>\n<meta property=\"og:description\" content=\"L&#039;identit\u00e9 capillaire des Isra\u00e9lites au travers des Ecritures.\" \/>\n<meta property=\"og:url\" content=\"http:\/\/omdmhyd.org\/index.php\/identite-capillaire-israelites\/\" \/>\n<meta property=\"og:site_name\" content=\"Omdmhyd Accueil\" \/>\n<meta property=\"article:publisher\" content=\"https:\/\/www.facebook.com\/omdmhyd\" \/>\n<meta property=\"article:modified_time\" content=\"2025-09-15T15:30:27+00:00\" \/>\n<meta property=\"og:image\" content=\"http:\/\/omdmhyd.org\/wp-content\/uploads\/2023\/08\/image.png\" \/>\n\t<meta property=\"og:image:width\" content=\"224\" \/>\n\t<meta property=\"og:image:height\" content=\"225\" \/>\n\t<meta property=\"og:image:type\" content=\"image\/png\" \/>\n<meta name=\"twitter:card\" content=\"summary_large_image\" \/>\n<meta name=\"twitter:title\" content=\"L&#039;identit\u00e9 capillaire des Isra\u00e9lites\" \/>\n<meta name=\"twitter:description\" content=\"L&#039;identit\u00e9 capillaire des Isra\u00e9lites au travers des Ecritures\" \/>\n<meta name=\"twitter:image\" content=\"https:\/\/omdmhyd.org\/wp-content\/uploads\/2023\/08\/image.png\" \/>\n<meta name=\"twitter:site\" content=\"@omdmhyd_ong\" \/>\n<meta name=\"twitter:label1\" content=\"Dur\u00e9e de lecture estim\u00e9e\" \/>\n\t<meta name=\"twitter:data1\" content=\"4 minutes\" \/>\n<script type=\"application\/ld+json\" class=\"yoast-schema-graph\">{\"@context\":\"https:\\\/\\\/schema.org\",\"@graph\":[{\"@type\":\"WebPage\",\"@id\":\"http:\\\/\\\/omdmhyd.org\\\/index.php\\\/identite-capillaire-israelites\\\/\",\"url\":\"http:\\\/\\\/omdmhyd.org\\\/index.php\\\/identite-capillaire-israelites\\\/\",\"name\":\"L'identit\u00e9 capillaire des Isra\u00e9lites\",\"isPartOf\":{\"@id\":\"http:\\\/\\\/omdmhyd.org\\\/#website\"},\"primaryImageOfPage\":{\"@id\":\"http:\\\/\\\/omdmhyd.org\\\/index.php\\\/identite-capillaire-israelites\\\/#primaryimage\"},\"image\":{\"@id\":\"http:\\\/\\\/omdmhyd.org\\\/index.php\\\/identite-capillaire-israelites\\\/#primaryimage\"},\"thumbnailUrl\":\"http:\\\/\\\/omdmhyd.org\\\/wp-content\\\/uploads\\\/2023\\\/08\\\/image.png\",\"datePublished\":\"2023-08-13T14:23:04+00:00\",\"dateModified\":\"2025-09-15T15:30:27+00:00\",\"description\":\"Identit\u00e9 capillaire des Isra\u00e9lites selon les Ecritures.\",\"breadcrumb\":{\"@id\":\"http:\\\/\\\/omdmhyd.org\\\/index.php\\\/identite-capillaire-israelites\\\/#breadcrumb\"},\"inLanguage\":\"fr-FR\",\"potentialAction\":[{\"@type\":\"ReadAction\",\"target\":[\"http:\\\/\\\/omdmhyd.org\\\/index.php\\\/identite-capillaire-israelites\\\/\"]}]},{\"@type\":\"ImageObject\",\"inLanguage\":\"fr-FR\",\"@id\":\"http:\\\/\\\/omdmhyd.org\\\/index.php\\\/identite-capillaire-israelites\\\/#primaryimage\",\"url\":\"https:\\\/\\\/omdmhyd.org\\\/wp-content\\\/uploads\\\/2023\\\/08\\\/image.png\",\"contentUrl\":\"https:\\\/\\\/omdmhyd.org\\\/wp-content\\\/uploads\\\/2023\\\/08\\\/image.png\",\"width\":224,\"height\":225},{\"@type\":\"BreadcrumbList\",\"@id\":\"http:\\\/\\\/omdmhyd.org\\\/index.php\\\/identite-capillaire-israelites\\\/#breadcrumb\",\"itemListElement\":[{\"@type\":\"ListItem\",\"position\":1,\"name\":\"Accueil\",\"item\":\"http:\\\/\\\/omdmhyd.org\\\/\"},{\"@type\":\"ListItem\",\"position\":2,\"name\":\"Identit\u00e9 capillaire Isra\u00e9lites\"}]},{\"@type\":\"WebSite\",\"@id\":\"http:\\\/\\\/omdmhyd.org\\\/#website\",\"url\":\"http:\\\/\\\/omdmhyd.org\\\/\",\"name\":\"ORGANISATION OMDMHYD\",\"description\":\"La d\u00e9fense des droits Bantous..\",\"publisher\":{\"@id\":\"http:\\\/\\\/omdmhyd.org\\\/#organization\"},\"potentialAction\":[{\"@type\":\"SearchAction\",\"target\":{\"@type\":\"EntryPoint\",\"urlTemplate\":\"http:\\\/\\\/omdmhyd.org\\\/?s={search_term_string}\"},\"query-input\":{\"@type\":\"PropertyValueSpecification\",\"valueRequired\":true,\"valueName\":\"search_term_string\"}}],\"inLanguage\":\"fr-FR\"},{\"@type\":\"Organization\",\"@id\":\"http:\\\/\\\/omdmhyd.org\\\/#organization\",\"name\":\"Organisation Mondiale de la D\u00e9fense des Droits et M\u00e9moires des H\u00e9breux Yisra\u00e9lites D\u00e9port\u00e9s et leur Descendants\",\"url\":\"http:\\\/\\\/omdmhyd.org\\\/\",\"logo\":{\"@type\":\"ImageObject\",\"inLanguage\":\"fr-FR\",\"@id\":\"http:\\\/\\\/omdmhyd.org\\\/#\\\/schema\\\/logo\\\/image\\\/\",\"url\":\"https:\\\/\\\/omdmhyd.org\\\/wp-content\\\/uploads\\\/2023\\\/02\\\/cropped-LOGO-OMDMHYD-140x140-1.jpg\",\"contentUrl\":\"https:\\\/\\\/omdmhyd.org\\\/wp-content\\\/uploads\\\/2023\\\/02\\\/cropped-LOGO-OMDMHYD-140x140-1.jpg\",\"width\":240,\"height\":240,\"caption\":\"Organisation Mondiale de la D\u00e9fense des Droits et M\u00e9moires des H\u00e9breux Yisra\u00e9lites D\u00e9port\u00e9s et leur Descendants\"},\"image\":{\"@id\":\"http:\\\/\\\/omdmhyd.org\\\/#\\\/schema\\\/logo\\\/image\\\/\"},\"sameAs\":[\"https:\\\/\\\/www.facebook.com\\\/omdmhyd\",\"https:\\\/\\\/x.com\\\/omdmhyd_ong\",\"https:\\\/\\\/t.me\\\/omdmhyd\",\"http:\\\/\\\/85.187.151.147\\\/-omdmhyd\",\"https:\\\/\\\/afritubes.com\\\/@OrganisationOMDMHYD\"]}]}<\/script>\n<!-- \/ Yoast SEO plugin. -->","yoast_head_json":{"title":"L'identit\u00e9 capillaire des Isra\u00e9lites","description":"Identit\u00e9 capillaire des Isra\u00e9lites selon les Ecritures.","robots":{"index":"index","follow":"follow","max-snippet":"max-snippet:-1","max-image-preview":"max-image-preview:large","max-video-preview":"max-video-preview:-1"},"canonical":"http:\/\/omdmhyd.org\/index.php\/identite-capillaire-israelites\/","og_locale":"fr_FR","og_type":"article","og_title":"L'identit\u00e9 capillaire des Isra\u00e9lites","og_description":"L'identit\u00e9 capillaire des Isra\u00e9lites au travers des Ecritures.","og_url":"http:\/\/omdmhyd.org\/index.php\/identite-capillaire-israelites\/","og_site_name":"Omdmhyd Accueil","article_publisher":"https:\/\/www.facebook.com\/omdmhyd","article_modified_time":"2025-09-15T15:30:27+00:00","og_image":[{"width":224,"height":225,"url":"http:\/\/omdmhyd.org\/wp-content\/uploads\/2023\/08\/image.png","type":"image\/png"}],"twitter_card":"summary_large_image","twitter_title":"L'identit\u00e9 capillaire des Isra\u00e9lites","twitter_description":"L'identit\u00e9 capillaire des Isra\u00e9lites au travers des Ecritures","twitter_image":"https:\/\/omdmhyd.org\/wp-content\/uploads\/2023\/08\/image.png","twitter_site":"@omdmhyd_ong","twitter_misc":{"Dur\u00e9e de lecture estim\u00e9e":"4 minutes"},"schema":{"@context":"https:\/\/schema.org","@graph":[{"@type":"WebPage","@id":"http:\/\/omdmhyd.org\/index.php\/identite-capillaire-israelites\/","url":"http:\/\/omdmhyd.org\/index.php\/identite-capillaire-israelites\/","name":"L'identit\u00e9 capillaire des Isra\u00e9lites","isPartOf":{"@id":"http:\/\/omdmhyd.org\/#website"},"primaryImageOfPage":{"@id":"http:\/\/omdmhyd.org\/index.php\/identite-capillaire-israelites\/#primaryimage"},"image":{"@id":"http:\/\/omdmhyd.org\/index.php\/identite-capillaire-israelites\/#primaryimage"},"thumbnailUrl":"http:\/\/omdmhyd.org\/wp-content\/uploads\/2023\/08\/image.png","datePublished":"2023-08-13T14:23:04+00:00","dateModified":"2025-09-15T15:30:27+00:00","description":"Identit\u00e9 capillaire des Isra\u00e9lites selon les Ecritures.","breadcrumb":{"@id":"http:\/\/omdmhyd.org\/index.php\/identite-capillaire-israelites\/#breadcrumb"},"inLanguage":"fr-FR","potentialAction":[{"@type":"ReadAction","target":["http:\/\/omdmhyd.org\/index.php\/identite-capillaire-israelites\/"]}]},{"@type":"ImageObject","inLanguage":"fr-FR","@id":"http:\/\/omdmhyd.org\/index.php\/identite-capillaire-israelites\/#primaryimage","url":"https:\/\/omdmhyd.org\/wp-content\/uploads\/2023\/08\/image.png","contentUrl":"https:\/\/omdmhyd.org\/wp-content\/uploads\/2023\/08\/image.png","width":224,"height":225},{"@type":"BreadcrumbList","@id":"http:\/\/omdmhyd.org\/index.php\/identite-capillaire-israelites\/#breadcrumb","itemListElement":[{"@type":"ListItem","position":1,"name":"Accueil","item":"http:\/\/omdmhyd.org\/"},{"@type":"ListItem","position":2,"name":"Identit\u00e9 capillaire Isra\u00e9lites"}]},{"@type":"WebSite","@id":"http:\/\/omdmhyd.org\/#website","url":"http:\/\/omdmhyd.org\/","name":"ORGANISATION OMDMHYD","description":"La d\u00e9fense des droits Bantous..","publisher":{"@id":"http:\/\/omdmhyd.org\/#organization"},"potentialAction":[{"@type":"SearchAction","target":{"@type":"EntryPoint","urlTemplate":"http:\/\/omdmhyd.org\/?s={search_term_string}"},"query-input":{"@type":"PropertyValueSpecification","valueRequired":true,"valueName":"search_term_string"}}],"inLanguage":"fr-FR"},{"@type":"Organization","@id":"http:\/\/omdmhyd.org\/#organization","name":"Organisation Mondiale de la D\u00e9fense des Droits et M\u00e9moires des H\u00e9breux Yisra\u00e9lites D\u00e9port\u00e9s et leur Descendants","url":"http:\/\/omdmhyd.org\/","logo":{"@type":"ImageObject","inLanguage":"fr-FR","@id":"http:\/\/omdmhyd.org\/#\/schema\/logo\/image\/","url":"https:\/\/omdmhyd.org\/wp-content\/uploads\/2023\/02\/cropped-LOGO-OMDMHYD-140x140-1.jpg","contentUrl":"https:\/\/omdmhyd.org\/wp-content\/uploads\/2023\/02\/cropped-LOGO-OMDMHYD-140x140-1.jpg","width":240,"height":240,"caption":"Organisation Mondiale de la D\u00e9fense des Droits et M\u00e9moires des H\u00e9breux Yisra\u00e9lites D\u00e9port\u00e9s et leur Descendants"},"image":{"@id":"http:\/\/omdmhyd.org\/#\/schema\/logo\/image\/"},"sameAs":["https:\/\/www.facebook.com\/omdmhyd","https:\/\/x.com\/omdmhyd_ong","https:\/\/t.me\/omdmhyd","http:\/\/85.187.151.147\/-omdmhyd","https:\/\/afritubes.com\/@OrganisationOMDMHYD"]}]}},"_links":{"self":[{"href":"https:\/\/omdmhyd.org\/index.php\/wp-json\/wp\/v2\/pages\/2441","targetHints":{"allow":["GET"]}}],"collection":[{"href":"https:\/\/omdmhyd.org\/index.php\/wp-json\/wp\/v2\/pages"}],"about":[{"href":"https:\/\/omdmhyd.org\/index.php\/wp-json\/wp\/v2\/types\/page"}],"author":[{"embeddable":true,"href":"https:\/\/omdmhyd.org\/index.php\/wp-json\/wp\/v2\/users\/1"}],"replies":[{"embeddable":true,"href":"https:\/\/omdmhyd.org\/index.php\/wp-json\/wp\/v2\/comments?post=2441"}],"version-history":[{"count":7,"href":"https:\/\/omdmhyd.org\/index.php\/wp-json\/wp\/v2\/pages\/2441\/revisions"}],"predecessor-version":[{"id":4543,"href":"https:\/\/omdmhyd.org\/index.php\/wp-json\/wp\/v2\/pages\/2441\/revisions\/4543"}],"wp:attachment":[{"href":"https:\/\/omdmhyd.org\/index.php\/wp-json\/wp\/v2\/media?parent=2441"}],"curies":[{"name":"wp","href":"https:\/\/api.w.org\/{rel}","templated":true}]}}