{"id":2218,"date":"2023-07-28T08:45:02","date_gmt":"2023-07-28T06:45:02","guid":{"rendered":"http:\/\/omdmhyd.org\/?page_id=2218"},"modified":"2023-08-06T00:44:05","modified_gmt":"2023-08-05T22:44:05","slug":"radio-omdmhyd-afrique","status":"publish","type":"page","link":"https:\/\/omdmhyd.org\/index.php\/radio-omdmhyd-afrique\/","title":{"rendered":"Radio OMDMHYD Afrique"},"content":{"rendered":"<div style=\"min-height: 285px;; \" class=\"ub_image_slider swiper-container wp-block-ub-image-slider\" id=\"ub_image_slider_e51fd089-e193-4af5-b7be-1a4f5b3ce28a\" data-swiper-data='{\"speed\":300,\"spaceBetween\":20,\"slidesPerView\":1,\"loop\":true,\"pagination\":{\"el\": \".swiper-pagination\" , \"type\": \"bullets\", \"clickable\":true},\"navigation\": {\"nextEl\": \".swiper-button-next\", \"prevEl\": \".swiper-button-prev\"}, \"keyboard\": { \"enabled\": true }, \"effect\": \"slide\",\"simulateTouch\":false}'>\n            <div class=\"swiper-wrapper\"><figure class=\"swiper-slide\">\n                <img decoding=\"async\" src=\"http:\/\/omdmhyd.org\/wp-content\/uploads\/2023\/02\/Banderole-1920X451.jpg\" alt=\"\" style=\"height: 250px;; \">\n                <figcaption class=\"ub_image_slider_image_caption\"><\/figcaption>\n            <\/figure><figure class=\"swiper-slide\">\n                <img decoding=\"async\" src=\"http:\/\/omdmhyd.org\/wp-content\/uploads\/2023\/03\/OMD0kg12.png\" alt=\"\" style=\"height: 250px;; \">\n                <figcaption class=\"ub_image_slider_image_caption\"><\/figcaption>\n            <\/figure><\/div>\n            <div class=\"swiper-pagination\"><\/div>\n            <div class=\"swiper-button-prev\"><\/div> <div class=\"swiper-button-next\"><\/div>\n        <\/div>\n\n\n<p><\/p>\n\n\n\n<div align=\"center\"><iframe loading=\"lazy\" src=\"https:\/\/zeno.fm\/player\/radio-omdmhyd-afrique\" width=\"90%\" height=\"500\" frameborder=\"0\" scrolling=\"no\"><\/iframe><a href=\"https:\/\/zeno.fm\/\" target=\"_blank\" style=\"display: block; font-size: 0.9em; line-height: 10px;\" rel=\"noopener\"><\/a><\/div\n\n\n\n<p><\/p>\n\n\n\n<div style=\"text-align: center;\"><span style=\"font-size: larger;\"><strong><span style=\"font-family: Arial;\">LECTEUR DE SECOURS&nbsp;<\/span><\/strong><\/span><br>\n<a href=\"https:\/\/zeno.fm\/player\/radio-omdmhyd-afrique\" target=\"_top\" rel=\"noopener\"><img decoding=\"async\" src=\"\/\/img.webme.com\/pic\/r\/rv7radio\/Net.png\" style=\"text-align: start;\" width=\"60\" alt=\"\"><\/a><a href=\"http:\/\/omdmhyd.org\/index.php\/page-de-secours-radio-omdmhyd-afrique\"><img decoding=\"async\" src=\"\/\/img.webme.com\/pic\/r\/rv7radio\/OnAir-02.gif\" width=\"60\" alt=\"\"><\/a><br>\n<span style=\"font-size: larger;\">CLIQUEZ&nbsp; ICI<\/span><\/div>\n<br>\n\n\n\n<div style=\"text-align: right;\"><span style=\"font-size: larger;\"><strong><span style=\"font-family: Arial;\">&nbsp; &nbsp; &nbsp; &nbsp; &nbsp; &nbsp;<\/span><\/strong><\/span><\/div>\n<br>\n<div style=\"text-align: right;\"><a href=\"https:\/\/t.me\/omdmhyd\" target=\"_blank\" rel=\"noopener\"><img loading=\"lazy\" decoding=\"async\" src=\"\/\/img.webme.com\/pic\/r\/rv7radio\/\u2014Pngtree\u2014cartoon purple neon light effect_6316724.png\" width=\"180\" height=\"120\" title=\"Acc\u00e8s Telegram\" longdesc=\"https:\/\/www.ma-page.fr\/Connexion au Canal OMDMHYD\" alt=\"\"><\/a><a href=\"https:\/\/t.me\/omdmhyd\" target=\"_blank\" rel=\"noopener\"><img loading=\"lazy\" decoding=\"async\" src=\"\/\/img.webme.com\/pic\/r\/rv7radio\/CanalTelegram.png\" width=\"120\" height=\"98\" title=\"Acc\u00e8s Telegram\" longdesc=\"https:\/\/www.ma-page.fr\/Connexion au Canal OMDMHYD\" alt=\"\"><\/a><\/div>\n\n\n\n<pre class=\"wp-block-code\"><code><strong>Vous \u00eates au nombre de<\/strong> <img decoding=\"async\" title=\"People Online\" border=\"0\" height=\"52\" width=\"90\n \" src=\"http:\/\/whos.amung.us\/widget\/dzsg93pq\/ORGANISATION OMDMHYD  Online, ORGANISATION OMDMHYD  em Directo net ao vivo gratis.\" alt=\"\"> <\/code><\/pre>\n\n\n\n<p><\/p>\n","protected":false},"excerpt":{"rendered":"","protected":false},"author":1,"featured_media":0,"parent":0,"menu_order":0,"comment_status":"closed","ping_status":"closed","template":"page-template\/custom-home-page.php","meta":{"saved_in_kubio":false,"telegram_tosend":false,"telegram_tosend_message":"","telegram_tosend_target":0,"sfsi_plus_gutenberg_text_before_share":"","sfsi_plus_gutenberg_show_text_before_share":"","sfsi_plus_gutenberg_icon_type":"","sfsi_plus_gutenberg_icon_alignemt":"","sfsi_plus_gutenburg_max_per_row":"","_themeisle_gutenberg_block_has_review":false,"footnotes":""},"class_list":["post-2218","page","type-page","status-publish","hentry"],"kubio_ai_page_context":{"short_desc":"","purpose":"general"},"featured_image_src":null,"yoast_head":"<!-- This site is optimized with the Yoast SEO plugin v27.4 - https:\/\/yoast.com\/product\/yoast-seo-wordpress\/ -->\n<title>Radio OMDMHYD Afrique | Omdmhyd Accueil<\/title>\n<meta name=\"description\" content=\"L&#039;organisation OMDMHYD est une structure pour d\u00e9fendre les droits des H\u00e9breux Yisra\u00e9lites l\u00e0 o\u00f9 ils\/elles se trouvent.\" \/>\n<meta name=\"robots\" content=\"index, follow, max-snippet:-1, max-image-preview:large, max-video-preview:-1\" \/>\n<link rel=\"canonical\" href=\"https:\/\/omdmhyd.org\/index.php\/radio-omdmhyd-afrique\/\" \/>\n<meta property=\"og:locale\" content=\"fr_FR\" \/>\n<meta property=\"og:type\" content=\"article\" \/>\n<meta property=\"og:title\" content=\"Radio OMDMHYD une station de radio H\u00e9breu Yisra\u00e9lite pour le peuple d&#039;Isolele\" \/>\n<meta property=\"og:description\" content=\"L&#039;organisation OMDMHYD est une structure pour d\u00e9fendre les droits des H\u00e9breux Yisra\u00e9lites l\u00e0 o\u00f9 ils\/elles se trouvent.\" \/>\n<meta property=\"og:url\" content=\"https:\/\/omdmhyd.org\/index.php\/radio-omdmhyd-afrique\/\" \/>\n<meta property=\"og:site_name\" content=\"Omdmhyd Accueil\" \/>\n<meta property=\"article:publisher\" content=\"https:\/\/www.facebook.com\/omdmhyd\" \/>\n<meta property=\"article:modified_time\" content=\"2023-08-05T22:44:05+00:00\" \/>\n<meta property=\"og:image\" content=\"https:\/\/omdmhyd.org\/wp-content\/uploads\/2023\/02\/15035-scaled.jpg\" \/>\n\t<meta property=\"og:image:width\" content=\"2166\" \/>\n\t<meta property=\"og:image:height\" content=\"2560\" \/>\n\t<meta property=\"og:image:type\" content=\"image\/jpeg\" \/>\n<meta name=\"twitter:card\" content=\"summary_large_image\" \/>\n<meta name=\"twitter:title\" content=\"Radio OMDMHYD une station de radio H\u00e9breu Yisra\u00e9lite pour le peuple d&#039;Isolele\" \/>\n<meta name=\"twitter:description\" content=\"L&#039;organisation OMDMHYD est une structure pour d\u00e9fendre les droits des H\u00e9breux Yisra\u00e9lites l\u00e0 o\u00f9 ils\/elles se trouvent.\" \/>\n<meta name=\"twitter:image\" content=\"https:\/\/omdmhyd.org\/wp-content\/uploads\/2023\/02\/15035-scaled.jpg\" \/>\n<meta name=\"twitter:site\" content=\"@omdmhyd_ong\" \/>\n<meta name=\"twitter:label1\" content=\"Dur\u00e9e de lecture estim\u00e9e\" \/>\n\t<meta name=\"twitter:data1\" content=\"1 minute\" \/>\n<script type=\"application\/ld+json\" class=\"yoast-schema-graph\">{\"@context\":\"https:\\\/\\\/schema.org\",\"@graph\":[{\"@type\":\"WebPage\",\"@id\":\"https:\\\/\\\/omdmhyd.org\\\/index.php\\\/radio-omdmhyd-afrique\\\/\",\"url\":\"https:\\\/\\\/omdmhyd.org\\\/index.php\\\/radio-omdmhyd-afrique\\\/\",\"name\":\"Radio OMDMHYD Afrique | Omdmhyd Accueil\",\"isPartOf\":{\"@id\":\"http:\\\/\\\/omdmhyd.org\\\/#website\"},\"datePublished\":\"2023-07-28T06:45:02+00:00\",\"dateModified\":\"2023-08-05T22:44:05+00:00\",\"description\":\"L'organisation OMDMHYD est une structure pour d\u00e9fendre les droits des H\u00e9breux Yisra\u00e9lites l\u00e0 o\u00f9 ils\\\/elles se trouvent.\",\"breadcrumb\":{\"@id\":\"https:\\\/\\\/omdmhyd.org\\\/index.php\\\/radio-omdmhyd-afrique\\\/#breadcrumb\"},\"inLanguage\":\"fr-FR\",\"potentialAction\":[{\"@type\":\"ReadAction\",\"target\":[\"https:\\\/\\\/omdmhyd.org\\\/index.php\\\/radio-omdmhyd-afrique\\\/\"]}]},{\"@type\":\"BreadcrumbList\",\"@id\":\"https:\\\/\\\/omdmhyd.org\\\/index.php\\\/radio-omdmhyd-afrique\\\/#breadcrumb\",\"itemListElement\":[{\"@type\":\"ListItem\",\"position\":1,\"name\":\"Accueil\",\"item\":\"http:\\\/\\\/omdmhyd.org\\\/\"},{\"@type\":\"ListItem\",\"position\":2,\"name\":\"Radio OMDMHYD Afrique\"}]},{\"@type\":\"WebSite\",\"@id\":\"http:\\\/\\\/omdmhyd.org\\\/#website\",\"url\":\"http:\\\/\\\/omdmhyd.org\\\/\",\"name\":\"ORGANISATION OMDMHYD\",\"description\":\"La d\u00e9fense des droits Bantous..\",\"publisher\":{\"@id\":\"http:\\\/\\\/omdmhyd.org\\\/#organization\"},\"potentialAction\":[{\"@type\":\"SearchAction\",\"target\":{\"@type\":\"EntryPoint\",\"urlTemplate\":\"http:\\\/\\\/omdmhyd.org\\\/?s={search_term_string}\"},\"query-input\":{\"@type\":\"PropertyValueSpecification\",\"valueRequired\":true,\"valueName\":\"search_term_string\"}}],\"inLanguage\":\"fr-FR\"},{\"@type\":\"Organization\",\"@id\":\"http:\\\/\\\/omdmhyd.org\\\/#organization\",\"name\":\"Organisation Mondiale de la D\u00e9fense des Droits et M\u00e9moires des H\u00e9breux Yisra\u00e9lites D\u00e9port\u00e9s et leur Descendants\",\"url\":\"http:\\\/\\\/omdmhyd.org\\\/\",\"logo\":{\"@type\":\"ImageObject\",\"inLanguage\":\"fr-FR\",\"@id\":\"http:\\\/\\\/omdmhyd.org\\\/#\\\/schema\\\/logo\\\/image\\\/\",\"url\":\"https:\\\/\\\/omdmhyd.org\\\/wp-content\\\/uploads\\\/2023\\\/02\\\/cropped-LOGO-OMDMHYD-140x140-1.jpg\",\"contentUrl\":\"https:\\\/\\\/omdmhyd.org\\\/wp-content\\\/uploads\\\/2023\\\/02\\\/cropped-LOGO-OMDMHYD-140x140-1.jpg\",\"width\":240,\"height\":240,\"caption\":\"Organisation Mondiale de la D\u00e9fense des Droits et M\u00e9moires des H\u00e9breux Yisra\u00e9lites D\u00e9port\u00e9s et leur Descendants\"},\"image\":{\"@id\":\"http:\\\/\\\/omdmhyd.org\\\/#\\\/schema\\\/logo\\\/image\\\/\"},\"sameAs\":[\"https:\\\/\\\/www.facebook.com\\\/omdmhyd\",\"https:\\\/\\\/x.com\\\/omdmhyd_ong\",\"https:\\\/\\\/t.me\\\/omdmhyd\",\"http:\\\/\\\/85.187.151.147\\\/-omdmhyd\",\"https:\\\/\\\/afritubes.com\\\/@OrganisationOMDMHYD\"]}]}<\/script>\n<!-- \/ Yoast SEO plugin. -->","yoast_head_json":{"title":"Radio OMDMHYD Afrique | Omdmhyd Accueil","description":"L'organisation OMDMHYD est une structure pour d\u00e9fendre les droits des H\u00e9breux Yisra\u00e9lites l\u00e0 o\u00f9 ils\/elles se trouvent.","robots":{"index":"index","follow":"follow","max-snippet":"max-snippet:-1","max-image-preview":"max-image-preview:large","max-video-preview":"max-video-preview:-1"},"canonical":"https:\/\/omdmhyd.org\/index.php\/radio-omdmhyd-afrique\/","og_locale":"fr_FR","og_type":"article","og_title":"Radio OMDMHYD une station de radio H\u00e9breu Yisra\u00e9lite pour le peuple d'Isolele","og_description":"L'organisation OMDMHYD est une structure pour d\u00e9fendre les droits des H\u00e9breux Yisra\u00e9lites l\u00e0 o\u00f9 ils\/elles se trouvent.","og_url":"https:\/\/omdmhyd.org\/index.php\/radio-omdmhyd-afrique\/","og_site_name":"Omdmhyd Accueil","article_publisher":"https:\/\/www.facebook.com\/omdmhyd","article_modified_time":"2023-08-05T22:44:05+00:00","og_image":[{"width":2166,"height":2560,"url":"https:\/\/omdmhyd.org\/wp-content\/uploads\/2023\/02\/15035-scaled.jpg","type":"image\/jpeg"}],"twitter_card":"summary_large_image","twitter_title":"Radio OMDMHYD une station de radio H\u00e9breu Yisra\u00e9lite pour le peuple d'Isolele","twitter_description":"L'organisation OMDMHYD est une structure pour d\u00e9fendre les droits des H\u00e9breux Yisra\u00e9lites l\u00e0 o\u00f9 ils\/elles se trouvent.","twitter_image":"https:\/\/omdmhyd.org\/wp-content\/uploads\/2023\/02\/15035-scaled.jpg","twitter_site":"@omdmhyd_ong","twitter_misc":{"Dur\u00e9e de lecture estim\u00e9e":"1 minute"},"schema":{"@context":"https:\/\/schema.org","@graph":[{"@type":"WebPage","@id":"https:\/\/omdmhyd.org\/index.php\/radio-omdmhyd-afrique\/","url":"https:\/\/omdmhyd.org\/index.php\/radio-omdmhyd-afrique\/","name":"Radio OMDMHYD Afrique | Omdmhyd Accueil","isPartOf":{"@id":"http:\/\/omdmhyd.org\/#website"},"datePublished":"2023-07-28T06:45:02+00:00","dateModified":"2023-08-05T22:44:05+00:00","description":"L'organisation OMDMHYD est une structure pour d\u00e9fendre les droits des H\u00e9breux Yisra\u00e9lites l\u00e0 o\u00f9 ils\/elles se trouvent.","breadcrumb":{"@id":"https:\/\/omdmhyd.org\/index.php\/radio-omdmhyd-afrique\/#breadcrumb"},"inLanguage":"fr-FR","potentialAction":[{"@type":"ReadAction","target":["https:\/\/omdmhyd.org\/index.php\/radio-omdmhyd-afrique\/"]}]},{"@type":"BreadcrumbList","@id":"https:\/\/omdmhyd.org\/index.php\/radio-omdmhyd-afrique\/#breadcrumb","itemListElement":[{"@type":"ListItem","position":1,"name":"Accueil","item":"http:\/\/omdmhyd.org\/"},{"@type":"ListItem","position":2,"name":"Radio OMDMHYD Afrique"}]},{"@type":"WebSite","@id":"http:\/\/omdmhyd.org\/#website","url":"http:\/\/omdmhyd.org\/","name":"ORGANISATION OMDMHYD","description":"La d\u00e9fense des droits Bantous..","publisher":{"@id":"http:\/\/omdmhyd.org\/#organization"},"potentialAction":[{"@type":"SearchAction","target":{"@type":"EntryPoint","urlTemplate":"http:\/\/omdmhyd.org\/?s={search_term_string}"},"query-input":{"@type":"PropertyValueSpecification","valueRequired":true,"valueName":"search_term_string"}}],"inLanguage":"fr-FR"},{"@type":"Organization","@id":"http:\/\/omdmhyd.org\/#organization","name":"Organisation Mondiale de la D\u00e9fense des Droits et M\u00e9moires des H\u00e9breux Yisra\u00e9lites D\u00e9port\u00e9s et leur Descendants","url":"http:\/\/omdmhyd.org\/","logo":{"@type":"ImageObject","inLanguage":"fr-FR","@id":"http:\/\/omdmhyd.org\/#\/schema\/logo\/image\/","url":"https:\/\/omdmhyd.org\/wp-content\/uploads\/2023\/02\/cropped-LOGO-OMDMHYD-140x140-1.jpg","contentUrl":"https:\/\/omdmhyd.org\/wp-content\/uploads\/2023\/02\/cropped-LOGO-OMDMHYD-140x140-1.jpg","width":240,"height":240,"caption":"Organisation Mondiale de la D\u00e9fense des Droits et M\u00e9moires des H\u00e9breux Yisra\u00e9lites D\u00e9port\u00e9s et leur Descendants"},"image":{"@id":"http:\/\/omdmhyd.org\/#\/schema\/logo\/image\/"},"sameAs":["https:\/\/www.facebook.com\/omdmhyd","https:\/\/x.com\/omdmhyd_ong","https:\/\/t.me\/omdmhyd","http:\/\/85.187.151.147\/-omdmhyd","https:\/\/afritubes.com\/@OrganisationOMDMHYD"]}]}},"_links":{"self":[{"href":"https:\/\/omdmhyd.org\/index.php\/wp-json\/wp\/v2\/pages\/2218","targetHints":{"allow":["GET"]}}],"collection":[{"href":"https:\/\/omdmhyd.org\/index.php\/wp-json\/wp\/v2\/pages"}],"about":[{"href":"https:\/\/omdmhyd.org\/index.php\/wp-json\/wp\/v2\/types\/page"}],"author":[{"embeddable":true,"href":"https:\/\/omdmhyd.org\/index.php\/wp-json\/wp\/v2\/users\/1"}],"replies":[{"embeddable":true,"href":"https:\/\/omdmhyd.org\/index.php\/wp-json\/wp\/v2\/comments?post=2218"}],"version-history":[{"count":12,"href":"https:\/\/omdmhyd.org\/index.php\/wp-json\/wp\/v2\/pages\/2218\/revisions"}],"predecessor-version":[{"id":2273,"href":"https:\/\/omdmhyd.org\/index.php\/wp-json\/wp\/v2\/pages\/2218\/revisions\/2273"}],"wp:attachment":[{"href":"https:\/\/omdmhyd.org\/index.php\/wp-json\/wp\/v2\/media?parent=2218"}],"curies":[{"name":"wp","href":"https:\/\/api.w.org\/{rel}","templated":true}]}}