{"id":210,"date":"2023-02-02T07:21:29","date_gmt":"2023-02-02T06:21:29","guid":{"rendered":"http:\/\/omdmhyd.org\/?page_id=210"},"modified":"2023-07-28T12:24:44","modified_gmt":"2023-07-28T10:24:44","slug":"contact","status":"publish","type":"page","link":"https:\/\/omdmhyd.org\/index.php\/contact\/","title":{"rendered":"Contact"},"content":{"rendered":"<div class=\"wp-block-image is-style-default\">\n<figure class=\"aligncenter size-large is-resized\"><img loading=\"lazy\" decoding=\"async\" src=\"https:\/\/img2.freepng.fr\/20180331\/fww\/kisspng-email-computer-icons-logo-clip-art-contact-5abf097b1e7b75.2530773915224692431249.jpg\" alt=\"\" width=\"116\" height=\"137\"\/><\/figure>\n<\/div>\n\n\n<p><\/p>\n\n\n\n<p><strong>Pour toute question sur notre projet ou nos futures missions, envoyez-nous un message ci-dessous.<\/strong><\/p>\n\n\n\n<p><\/p>\n\n\n\n<p><strong>Offres pour les B\u00e9n\u00e9voles<br><\/strong>L&rsquo;organisation OMDMHYD Guadeloupe et de Martinique , cherche des b\u00e9n\u00e9voles pour nos d\u00e9partements.<\/p>\n\n\n\n<p>Pour postuler, envoyez nous vos C.V par E-mail \u00e0 l&rsquo;adresse suivante<\/p>\n\n\n\n<p><\/p>\n\n\n\n<ul class=\"wp-block-list\">\n<li><strong>pour la Guadeloupe :<\/strong> omdmhyd.guadeloupe@gmail.com<\/li>\n\n\n\n<li><strong>pour la Martinique :<\/strong> omdmhyd.martinique@gmail.com          <\/li>\n<\/ul>\n\n\n\n<p><\/p>\n\n\n\n<p><strong><em>L&rsquo;\u00e9quipe l&rsquo;organisation OMDMHYD vous remercie d&rsquo;avance<\/em>  <\/strong><\/p>\n\n\n\n<div class=\"wp-block-contact-form-7-contact-form-selector\">\n<div class=\"wpcf7 no-js\" id=\"wpcf7-f220-o1\" lang=\"fr-FR\" dir=\"ltr\" data-wpcf7-id=\"220\">\n<div class=\"screen-reader-response\"><p role=\"status\" aria-live=\"polite\" aria-atomic=\"true\"><\/p> <ul><\/ul><\/div>\n<form action=\"\/index.php\/wp-json\/wp\/v2\/pages\/210#wpcf7-f220-o1\" method=\"post\" class=\"wpcf7-form init\" aria-label=\"Formulaire de contact\" novalidate=\"novalidate\" data-status=\"init\">\n<fieldset class=\"hidden-fields-container\"><input type=\"hidden\" name=\"_wpcf7\" value=\"220\" \/><input type=\"hidden\" name=\"_wpcf7_version\" value=\"6.1.5\" \/><input type=\"hidden\" name=\"_wpcf7_locale\" value=\"fr_FR\" \/><input type=\"hidden\" name=\"_wpcf7_unit_tag\" value=\"wpcf7-f220-o1\" \/><input type=\"hidden\" name=\"_wpcf7_container_post\" value=\"0\" \/><input type=\"hidden\" name=\"_wpcf7_posted_data_hash\" value=\"\" \/>\n<\/fieldset>\n<p><label> Votre nom<br \/>\n<span class=\"wpcf7-form-control-wrap\" data-name=\"your-name\"><input size=\"40\" maxlength=\"400\" class=\"wpcf7-form-control wpcf7-text wpcf7-validates-as-required\" autocomplete=\"name\" aria-required=\"true\" aria-invalid=\"false\" value=\"\" type=\"text\" name=\"your-name\" \/><\/span> <\/label>\n<\/p>\n<p><label> Votre e-mail<br \/>\n<span class=\"wpcf7-form-control-wrap\" data-name=\"your-email\"><input size=\"40\" maxlength=\"400\" class=\"wpcf7-form-control wpcf7-email wpcf7-validates-as-required wpcf7-text wpcf7-validates-as-email\" autocomplete=\"email\" aria-required=\"true\" aria-invalid=\"false\" value=\"\" type=\"email\" name=\"your-email\" \/><\/span> <\/label>\n<\/p>\n<p><label> Objet<br \/>\n<span class=\"wpcf7-form-control-wrap\" data-name=\"your-subject\"><input size=\"40\" maxlength=\"400\" class=\"wpcf7-form-control wpcf7-text wpcf7-validates-as-required\" aria-required=\"true\" aria-invalid=\"false\" value=\"\" type=\"text\" name=\"your-subject\" \/><\/span> <\/label>\n<\/p>\n<p><label> Votre message (facultatif)<br \/>\n<span class=\"wpcf7-form-control-wrap\" data-name=\"your-message\"><textarea cols=\"40\" rows=\"10\" maxlength=\"2000\" class=\"wpcf7-form-control wpcf7-textarea\" aria-invalid=\"false\" name=\"your-message\"><\/textarea><\/span> <\/label>\n<\/p>\n<p><input class=\"wpcf7-form-control wpcf7-submit has-spinner\" type=\"submit\" value=\"Envoyer\" \/>\n<\/p><div class=\"wpcf7-response-output\" aria-hidden=\"true\"><\/div>\n<\/form>\n<\/div>\n<\/div>\n\n\n\n<p><\/p>\n\n\n\n<p><\/p>\n\n\n<div style=\"min-height: 285px;; \" class=\"ub_image_slider swiper-container wp-block-ub-image-slider\" id=\"ub_image_slider_929c8793-2a28-4d94-8942-17005c86ba6a\" data-swiper-data='{\"speed\":300,\"spaceBetween\":20,\"slidesPerView\":1,\"loop\":true,\"pagination\":{\"el\": \".swiper-pagination\" , \"type\": \"bullets\", \"clickable\":true},\"navigation\": {\"nextEl\": \".swiper-button-next\", \"prevEl\": \".swiper-button-prev\"}, \"keyboard\": { \"enabled\": true }, \"effect\": \"slide\",\"simulateTouch\":false}'>\n            <div class=\"swiper-wrapper\"><figure class=\"swiper-slide\">\n                <img decoding=\"async\" src=\"http:\/\/omdmhyd.org\/wp-content\/uploads\/2023\/02\/Banderole-1200x80-1.jpg\" alt=\"\" style=\"height: 250px;; \">\n                <figcaption class=\"ub_image_slider_image_caption\"><\/figcaption>\n            <\/figure><\/div>\n            <div class=\"swiper-pagination\"><\/div>\n            <div class=\"swiper-button-prev\"><\/div> <div class=\"swiper-button-next\"><\/div>\n        <\/div>\n\n\n<pre class=\"wp-block-code\"><code><strong>Vous \u00eates au nombre de<\/strong> <img decoding=\"async\" title=\"People Online\" border=\"0\" height=\"52\" width=\"90\n \" src=\"http:\/\/whos.amung.us\/widget\/dzsg93pq\/ORGANISATION OMDMHYD  Online, ORGANISATION OMDMHYD  em Directo net ao vivo gratis.\" alt=\"\"> <\/code><\/pre>\n","protected":false},"excerpt":{"rendered":"<p>Pour toute question sur notre projet ou nos futures missions, envoyez-nous un message ci-dessous. Offres pour les B\u00e9n\u00e9volesL&rsquo;organisation OMDMHYD Guadeloupe et de Martinique , cherche des b\u00e9n\u00e9voles pour nos d\u00e9partements. Pour postuler, envoyez nous vos C.V par E-mail \u00e0 l&rsquo;adresse suivante L&rsquo;\u00e9quipe l&rsquo;organisation OMDMHYD vous remercie d&rsquo;avance Vous \u00eates au nombre de<\/p>\n","protected":false},"author":1,"featured_media":0,"parent":0,"menu_order":0,"comment_status":"closed","ping_status":"closed","template":"page-template\/custom-home-page.php","meta":{"saved_in_kubio":false,"telegram_tosend":false,"telegram_tosend_message":"","telegram_tosend_target":0,"sfsi_plus_gutenberg_text_before_share":"","sfsi_plus_gutenberg_show_text_before_share":"","sfsi_plus_gutenberg_icon_type":"","sfsi_plus_gutenberg_icon_alignemt":"","sfsi_plus_gutenburg_max_per_row":"","_themeisle_gutenberg_block_has_review":false,"footnotes":""},"class_list":["post-210","page","type-page","status-publish","hentry"],"kubio_ai_page_context":{"short_desc":"","purpose":"general"},"featured_image_src":null,"yoast_head":"<!-- This site is optimized with the Yoast SEO plugin v27.4 - https:\/\/yoast.com\/product\/yoast-seo-wordpress\/ -->\n<title>Contact | Omdmhyd Accueil<\/title>\n<meta name=\"robots\" content=\"index, follow, max-snippet:-1, max-image-preview:large, max-video-preview:-1\" \/>\n<link rel=\"canonical\" href=\"https:\/\/omdmhyd.org\/index.php\/contact\/\" \/>\n<meta property=\"og:locale\" content=\"fr_FR\" \/>\n<meta property=\"og:type\" content=\"article\" \/>\n<meta property=\"og:title\" content=\"Contact | Omdmhyd Accueil\" \/>\n<meta property=\"og:description\" content=\"Pour toute question sur notre projet ou nos futures missions, envoyez-nous un message ci-dessous. Offres pour les B\u00e9n\u00e9volesL&rsquo;organisation OMDMHYD Guadeloupe et de Martinique , cherche des b\u00e9n\u00e9voles pour nos d\u00e9partements. Pour postuler, envoyez nous vos C.V par E-mail \u00e0 l&rsquo;adresse suivante L&rsquo;\u00e9quipe l&rsquo;organisation OMDMHYD vous remercie d&rsquo;avance Vous \u00eates au nombre de\" \/>\n<meta property=\"og:url\" content=\"https:\/\/omdmhyd.org\/index.php\/contact\/\" \/>\n<meta property=\"og:site_name\" content=\"Omdmhyd Accueil\" \/>\n<meta property=\"article:publisher\" content=\"https:\/\/www.facebook.com\/omdmhyd\" \/>\n<meta property=\"article:modified_time\" content=\"2023-07-28T10:24:44+00:00\" \/>\n<meta property=\"og:image\" content=\"https:\/\/img2.freepng.fr\/20180331\/fww\/kisspng-email-computer-icons-logo-clip-art-contact-5abf097b1e7b75.2530773915224692431249.jpg\" \/>\n<meta name=\"twitter:card\" content=\"summary_large_image\" \/>\n<meta name=\"twitter:site\" content=\"@omdmhyd_ong\" \/>\n<meta name=\"twitter:label1\" content=\"Dur\u00e9e de lecture estim\u00e9e\" \/>\n\t<meta name=\"twitter:data1\" content=\"1 minute\" \/>\n<script type=\"application\/ld+json\" class=\"yoast-schema-graph\">{\"@context\":\"https:\\\/\\\/schema.org\",\"@graph\":[{\"@type\":\"WebPage\",\"@id\":\"https:\\\/\\\/omdmhyd.org\\\/index.php\\\/contact\\\/\",\"url\":\"https:\\\/\\\/omdmhyd.org\\\/index.php\\\/contact\\\/\",\"name\":\"Contact | Omdmhyd Accueil\",\"isPartOf\":{\"@id\":\"http:\\\/\\\/omdmhyd.org\\\/#website\"},\"primaryImageOfPage\":{\"@id\":\"https:\\\/\\\/omdmhyd.org\\\/index.php\\\/contact\\\/#primaryimage\"},\"image\":{\"@id\":\"https:\\\/\\\/omdmhyd.org\\\/index.php\\\/contact\\\/#primaryimage\"},\"thumbnailUrl\":\"https:\\\/\\\/img2.freepng.fr\\\/20180331\\\/fww\\\/kisspng-email-computer-icons-logo-clip-art-contact-5abf097b1e7b75.2530773915224692431249.jpg\",\"datePublished\":\"2023-02-02T06:21:29+00:00\",\"dateModified\":\"2023-07-28T10:24:44+00:00\",\"breadcrumb\":{\"@id\":\"https:\\\/\\\/omdmhyd.org\\\/index.php\\\/contact\\\/#breadcrumb\"},\"inLanguage\":\"fr-FR\",\"potentialAction\":[{\"@type\":\"ReadAction\",\"target\":[\"https:\\\/\\\/omdmhyd.org\\\/index.php\\\/contact\\\/\"]}]},{\"@type\":\"ImageObject\",\"inLanguage\":\"fr-FR\",\"@id\":\"https:\\\/\\\/omdmhyd.org\\\/index.php\\\/contact\\\/#primaryimage\",\"url\":\"https:\\\/\\\/img2.freepng.fr\\\/20180331\\\/fww\\\/kisspng-email-computer-icons-logo-clip-art-contact-5abf097b1e7b75.2530773915224692431249.jpg\",\"contentUrl\":\"https:\\\/\\\/img2.freepng.fr\\\/20180331\\\/fww\\\/kisspng-email-computer-icons-logo-clip-art-contact-5abf097b1e7b75.2530773915224692431249.jpg\"},{\"@type\":\"BreadcrumbList\",\"@id\":\"https:\\\/\\\/omdmhyd.org\\\/index.php\\\/contact\\\/#breadcrumb\",\"itemListElement\":[{\"@type\":\"ListItem\",\"position\":1,\"name\":\"Accueil\",\"item\":\"http:\\\/\\\/omdmhyd.org\\\/\"},{\"@type\":\"ListItem\",\"position\":2,\"name\":\"Contact\"}]},{\"@type\":\"WebSite\",\"@id\":\"http:\\\/\\\/omdmhyd.org\\\/#website\",\"url\":\"http:\\\/\\\/omdmhyd.org\\\/\",\"name\":\"ORGANISATION OMDMHYD\",\"description\":\"La d\u00e9fense des droits Bantous..\",\"publisher\":{\"@id\":\"http:\\\/\\\/omdmhyd.org\\\/#organization\"},\"potentialAction\":[{\"@type\":\"SearchAction\",\"target\":{\"@type\":\"EntryPoint\",\"urlTemplate\":\"http:\\\/\\\/omdmhyd.org\\\/?s={search_term_string}\"},\"query-input\":{\"@type\":\"PropertyValueSpecification\",\"valueRequired\":true,\"valueName\":\"search_term_string\"}}],\"inLanguage\":\"fr-FR\"},{\"@type\":\"Organization\",\"@id\":\"http:\\\/\\\/omdmhyd.org\\\/#organization\",\"name\":\"Organisation Mondiale de la D\u00e9fense des Droits et M\u00e9moires des H\u00e9breux Yisra\u00e9lites D\u00e9port\u00e9s et leur Descendants\",\"url\":\"http:\\\/\\\/omdmhyd.org\\\/\",\"logo\":{\"@type\":\"ImageObject\",\"inLanguage\":\"fr-FR\",\"@id\":\"http:\\\/\\\/omdmhyd.org\\\/#\\\/schema\\\/logo\\\/image\\\/\",\"url\":\"https:\\\/\\\/omdmhyd.org\\\/wp-content\\\/uploads\\\/2023\\\/02\\\/cropped-LOGO-OMDMHYD-140x140-1.jpg\",\"contentUrl\":\"https:\\\/\\\/omdmhyd.org\\\/wp-content\\\/uploads\\\/2023\\\/02\\\/cropped-LOGO-OMDMHYD-140x140-1.jpg\",\"width\":240,\"height\":240,\"caption\":\"Organisation Mondiale de la D\u00e9fense des Droits et M\u00e9moires des H\u00e9breux Yisra\u00e9lites D\u00e9port\u00e9s et leur Descendants\"},\"image\":{\"@id\":\"http:\\\/\\\/omdmhyd.org\\\/#\\\/schema\\\/logo\\\/image\\\/\"},\"sameAs\":[\"https:\\\/\\\/www.facebook.com\\\/omdmhyd\",\"https:\\\/\\\/x.com\\\/omdmhyd_ong\",\"https:\\\/\\\/t.me\\\/omdmhyd\",\"http:\\\/\\\/85.187.151.147\\\/-omdmhyd\",\"https:\\\/\\\/afritubes.com\\\/@OrganisationOMDMHYD\"]}]}<\/script>\n<!-- \/ Yoast SEO plugin. -->","yoast_head_json":{"title":"Contact | Omdmhyd Accueil","robots":{"index":"index","follow":"follow","max-snippet":"max-snippet:-1","max-image-preview":"max-image-preview:large","max-video-preview":"max-video-preview:-1"},"canonical":"https:\/\/omdmhyd.org\/index.php\/contact\/","og_locale":"fr_FR","og_type":"article","og_title":"Contact | Omdmhyd Accueil","og_description":"Pour toute question sur notre projet ou nos futures missions, envoyez-nous un message ci-dessous. Offres pour les B\u00e9n\u00e9volesL&rsquo;organisation OMDMHYD Guadeloupe et de Martinique , cherche des b\u00e9n\u00e9voles pour nos d\u00e9partements. Pour postuler, envoyez nous vos C.V par E-mail \u00e0 l&rsquo;adresse suivante L&rsquo;\u00e9quipe l&rsquo;organisation OMDMHYD vous remercie d&rsquo;avance Vous \u00eates au nombre de","og_url":"https:\/\/omdmhyd.org\/index.php\/contact\/","og_site_name":"Omdmhyd Accueil","article_publisher":"https:\/\/www.facebook.com\/omdmhyd","article_modified_time":"2023-07-28T10:24:44+00:00","og_image":[{"url":"https:\/\/img2.freepng.fr\/20180331\/fww\/kisspng-email-computer-icons-logo-clip-art-contact-5abf097b1e7b75.2530773915224692431249.jpg","type":"","width":"","height":""}],"twitter_card":"summary_large_image","twitter_site":"@omdmhyd_ong","twitter_misc":{"Dur\u00e9e de lecture estim\u00e9e":"1 minute"},"schema":{"@context":"https:\/\/schema.org","@graph":[{"@type":"WebPage","@id":"https:\/\/omdmhyd.org\/index.php\/contact\/","url":"https:\/\/omdmhyd.org\/index.php\/contact\/","name":"Contact | Omdmhyd Accueil","isPartOf":{"@id":"http:\/\/omdmhyd.org\/#website"},"primaryImageOfPage":{"@id":"https:\/\/omdmhyd.org\/index.php\/contact\/#primaryimage"},"image":{"@id":"https:\/\/omdmhyd.org\/index.php\/contact\/#primaryimage"},"thumbnailUrl":"https:\/\/img2.freepng.fr\/20180331\/fww\/kisspng-email-computer-icons-logo-clip-art-contact-5abf097b1e7b75.2530773915224692431249.jpg","datePublished":"2023-02-02T06:21:29+00:00","dateModified":"2023-07-28T10:24:44+00:00","breadcrumb":{"@id":"https:\/\/omdmhyd.org\/index.php\/contact\/#breadcrumb"},"inLanguage":"fr-FR","potentialAction":[{"@type":"ReadAction","target":["https:\/\/omdmhyd.org\/index.php\/contact\/"]}]},{"@type":"ImageObject","inLanguage":"fr-FR","@id":"https:\/\/omdmhyd.org\/index.php\/contact\/#primaryimage","url":"https:\/\/img2.freepng.fr\/20180331\/fww\/kisspng-email-computer-icons-logo-clip-art-contact-5abf097b1e7b75.2530773915224692431249.jpg","contentUrl":"https:\/\/img2.freepng.fr\/20180331\/fww\/kisspng-email-computer-icons-logo-clip-art-contact-5abf097b1e7b75.2530773915224692431249.jpg"},{"@type":"BreadcrumbList","@id":"https:\/\/omdmhyd.org\/index.php\/contact\/#breadcrumb","itemListElement":[{"@type":"ListItem","position":1,"name":"Accueil","item":"http:\/\/omdmhyd.org\/"},{"@type":"ListItem","position":2,"name":"Contact"}]},{"@type":"WebSite","@id":"http:\/\/omdmhyd.org\/#website","url":"http:\/\/omdmhyd.org\/","name":"ORGANISATION OMDMHYD","description":"La d\u00e9fense des droits Bantous..","publisher":{"@id":"http:\/\/omdmhyd.org\/#organization"},"potentialAction":[{"@type":"SearchAction","target":{"@type":"EntryPoint","urlTemplate":"http:\/\/omdmhyd.org\/?s={search_term_string}"},"query-input":{"@type":"PropertyValueSpecification","valueRequired":true,"valueName":"search_term_string"}}],"inLanguage":"fr-FR"},{"@type":"Organization","@id":"http:\/\/omdmhyd.org\/#organization","name":"Organisation Mondiale de la D\u00e9fense des Droits et M\u00e9moires des H\u00e9breux Yisra\u00e9lites D\u00e9port\u00e9s et leur Descendants","url":"http:\/\/omdmhyd.org\/","logo":{"@type":"ImageObject","inLanguage":"fr-FR","@id":"http:\/\/omdmhyd.org\/#\/schema\/logo\/image\/","url":"https:\/\/omdmhyd.org\/wp-content\/uploads\/2023\/02\/cropped-LOGO-OMDMHYD-140x140-1.jpg","contentUrl":"https:\/\/omdmhyd.org\/wp-content\/uploads\/2023\/02\/cropped-LOGO-OMDMHYD-140x140-1.jpg","width":240,"height":240,"caption":"Organisation Mondiale de la D\u00e9fense des Droits et M\u00e9moires des H\u00e9breux Yisra\u00e9lites D\u00e9port\u00e9s et leur Descendants"},"image":{"@id":"http:\/\/omdmhyd.org\/#\/schema\/logo\/image\/"},"sameAs":["https:\/\/www.facebook.com\/omdmhyd","https:\/\/x.com\/omdmhyd_ong","https:\/\/t.me\/omdmhyd","http:\/\/85.187.151.147\/-omdmhyd","https:\/\/afritubes.com\/@OrganisationOMDMHYD"]}]}},"_links":{"self":[{"href":"https:\/\/omdmhyd.org\/index.php\/wp-json\/wp\/v2\/pages\/210","targetHints":{"allow":["GET"]}}],"collection":[{"href":"https:\/\/omdmhyd.org\/index.php\/wp-json\/wp\/v2\/pages"}],"about":[{"href":"https:\/\/omdmhyd.org\/index.php\/wp-json\/wp\/v2\/types\/page"}],"author":[{"embeddable":true,"href":"https:\/\/omdmhyd.org\/index.php\/wp-json\/wp\/v2\/users\/1"}],"replies":[{"embeddable":true,"href":"https:\/\/omdmhyd.org\/index.php\/wp-json\/wp\/v2\/comments?post=210"}],"version-history":[{"count":8,"href":"https:\/\/omdmhyd.org\/index.php\/wp-json\/wp\/v2\/pages\/210\/revisions"}],"predecessor-version":[{"id":2228,"href":"https:\/\/omdmhyd.org\/index.php\/wp-json\/wp\/v2\/pages\/210\/revisions\/2228"}],"wp:attachment":[{"href":"https:\/\/omdmhyd.org\/index.php\/wp-json\/wp\/v2\/media?parent=210"}],"curies":[{"name":"wp","href":"https:\/\/api.w.org\/{rel}","templated":true}]}}