{"id":1597,"date":"2023-02-16T13:20:07","date_gmt":"2023-02-16T12:20:07","guid":{"rendered":"http:\/\/omdmhyd.org\/?page_id=1597"},"modified":"2023-08-05T23:59:21","modified_gmt":"2023-08-05T21:59:21","slug":"omdmhyd-guadeloupe","status":"publish","type":"page","link":"https:\/\/omdmhyd.org\/index.php\/omdmhyd-guadeloupe\/","title":{"rendered":"OMDMHYD Guadeloupe"},"content":{"rendered":"<div style=\"min-height: 285px;; \" class=\"ub_image_slider swiper-container wp-block-ub-image-slider\" id=\"ub_image_slider_b736fa63-0fe8-48c8-8ea0-7484d79f596b\" data-swiper-data='{\"speed\":300,\"spaceBetween\":20,\"slidesPerView\":1,\"loop\":true,\"pagination\":{\"el\": \".swiper-pagination\" , \"type\": \"bullets\", \"clickable\":true},\"navigation\": {\"nextEl\": \".swiper-button-next\", \"prevEl\": \".swiper-button-prev\"}, \"keyboard\": { \"enabled\": true }, \"effect\": \"slide\",\"simulateTouch\":false}'>\n            <div class=\"swiper-wrapper\"><figure class=\"swiper-slide\">\n                <img decoding=\"async\" src=\"http:\/\/omdmhyd.org\/wp-content\/uploads\/2023\/02\/Banderole-1224x350-1.jpg\" alt=\"\" style=\"height: 250px;; \">\n                <figcaption class=\"ub_image_slider_image_caption\"><\/figcaption>\n            <\/figure><\/div>\n            <div class=\"swiper-pagination\"><\/div>\n            <div class=\"swiper-button-prev\"><\/div> <div class=\"swiper-button-next\"><\/div>\n        <\/div>\n\n\n<pre class=\"wp-block-code\"><code><strong>Vous \u00eates au nombre de<\/strong> <img decoding=\"async\" title=\"People Online\" border=\"0\" height=\"52\" width=\"90\n \" src=\"http:\/\/whos.amung.us\/widget\/dzsg93pq\/ORGANISATION OMDMHYD  Online, ORGANISATION OMDMHYD  em Directo net ao vivo gratis.\" alt=\"\"> <\/code><\/pre>\n","protected":false},"excerpt":{"rendered":"<p>Vous \u00eates au nombre de<\/p>\n","protected":false},"author":1,"featured_media":88,"parent":0,"menu_order":0,"comment_status":"closed","ping_status":"closed","template":"page-template\/custom-home-page.php","meta":{"saved_in_kubio":false,"telegram_tosend":false,"telegram_tosend_message":"","telegram_tosend_target":0,"sfsi_plus_gutenberg_text_before_share":"","sfsi_plus_gutenberg_show_text_before_share":"","sfsi_plus_gutenberg_icon_type":"","sfsi_plus_gutenberg_icon_alignemt":"","sfsi_plus_gutenburg_max_per_row":"","_themeisle_gutenberg_block_has_review":false,"footnotes":""},"class_list":["post-1597","page","type-page","status-publish","has-post-thumbnail","hentry"],"kubio_ai_page_context":{"short_desc":"","purpose":"general"},"featured_image_src":"https:\/\/omdmhyd.org\/wp-content\/uploads\/2023\/02\/OmdmhydProfil.jpg","yoast_head":"<!-- This site is optimized with the Yoast SEO plugin v27.4 - https:\/\/yoast.com\/product\/yoast-seo-wordpress\/ -->\n<title>OMDMHYD Guadeloupe | Omdmhyd Accueil<\/title>\n<meta name=\"description\" content=\"L&#039;organisation OMDMHYD GUADELOUPE est en coordination avec toutes les autres organisations, elle repr\u00e9sente l&#039;entit\u00e9 le droit de la d\u00e9fense des H\u00e9breux Yisra\u00e9lites Bantous dispers\u00e9s.\" \/>\n<meta name=\"robots\" content=\"index, follow, max-snippet:-1, max-image-preview:large, max-video-preview:-1\" \/>\n<link rel=\"canonical\" href=\"https:\/\/omdmhyd.org\/index.php\/omdmhyd-guadeloupe\/\" \/>\n<meta property=\"og:locale\" content=\"fr_FR\" \/>\n<meta property=\"og:type\" content=\"article\" \/>\n<meta property=\"og:title\" content=\"OMDMHYD GUADELOUPE\" \/>\n<meta property=\"og:description\" content=\"L&#039;organisation OMDMHYD GUADELOUPE est en coordination avec toutes les autres organisations, elle repr\u00e9sente l&#039;entit\u00e9 le droit de la d\u00e9fense des H\u00e9breux Yisra\u00e9lites Bantous dispers\u00e9s.\" \/>\n<meta property=\"og:url\" content=\"https:\/\/omdmhyd.org\/index.php\/omdmhyd-guadeloupe\/\" \/>\n<meta property=\"og:site_name\" content=\"Omdmhyd Accueil\" \/>\n<meta property=\"article:publisher\" content=\"https:\/\/www.facebook.com\/omdmhyd\" \/>\n<meta property=\"article:modified_time\" content=\"2023-08-05T21:59:21+00:00\" \/>\n<meta property=\"og:image\" content=\"https:\/\/omdmhyd.org\/wp-content\/uploads\/2023\/02\/OmdmhydProfil.jpg\" \/>\n\t<meta property=\"og:image:width\" content=\"510\" \/>\n\t<meta property=\"og:image:height\" content=\"458\" \/>\n\t<meta property=\"og:image:type\" content=\"image\/jpeg\" \/>\n<meta name=\"twitter:card\" content=\"summary_large_image\" \/>\n<meta name=\"twitter:title\" content=\"OMDMHYD GUADELOUPE\" \/>\n<meta name=\"twitter:description\" content=\"L&#039;organisation OMDMHYD GUADELOUPE est en coordination avec toutes les autres organisations, elle repr\u00e9sente l&#039;entit\u00e9 le droit de la d\u00e9fense des H\u00e9breux Yisra\u00e9lites Bantous dispers\u00e9s.\" \/>\n<meta name=\"twitter:image\" content=\"https:\/\/omdmhyd.org\/wp-content\/uploads\/2023\/02\/OmdmhydProfil.jpg\" \/>\n<meta name=\"twitter:site\" content=\"@omdmhyd_ong\" \/>\n<meta name=\"twitter:label1\" content=\"Dur\u00e9e de lecture estim\u00e9e\" \/>\n\t<meta name=\"twitter:data1\" content=\"1 minute\" \/>\n<script type=\"application\/ld+json\" class=\"yoast-schema-graph\">{\"@context\":\"https:\\\/\\\/schema.org\",\"@graph\":[{\"@type\":\"WebPage\",\"@id\":\"https:\\\/\\\/omdmhyd.org\\\/index.php\\\/omdmhyd-guadeloupe\\\/\",\"url\":\"https:\\\/\\\/omdmhyd.org\\\/index.php\\\/omdmhyd-guadeloupe\\\/\",\"name\":\"OMDMHYD Guadeloupe | Omdmhyd Accueil\",\"isPartOf\":{\"@id\":\"http:\\\/\\\/omdmhyd.org\\\/#website\"},\"primaryImageOfPage\":{\"@id\":\"https:\\\/\\\/omdmhyd.org\\\/index.php\\\/omdmhyd-guadeloupe\\\/#primaryimage\"},\"image\":{\"@id\":\"https:\\\/\\\/omdmhyd.org\\\/index.php\\\/omdmhyd-guadeloupe\\\/#primaryimage\"},\"thumbnailUrl\":\"https:\\\/\\\/omdmhyd.org\\\/wp-content\\\/uploads\\\/2023\\\/02\\\/OmdmhydProfil.jpg\",\"datePublished\":\"2023-02-16T12:20:07+00:00\",\"dateModified\":\"2023-08-05T21:59:21+00:00\",\"description\":\"L'organisation OMDMHYD GUADELOUPE est en coordination avec toutes les autres organisations, elle repr\u00e9sente l'entit\u00e9 le droit de la d\u00e9fense des H\u00e9breux Yisra\u00e9lites Bantous dispers\u00e9s.\",\"breadcrumb\":{\"@id\":\"https:\\\/\\\/omdmhyd.org\\\/index.php\\\/omdmhyd-guadeloupe\\\/#breadcrumb\"},\"inLanguage\":\"fr-FR\",\"potentialAction\":[{\"@type\":\"ReadAction\",\"target\":[\"https:\\\/\\\/omdmhyd.org\\\/index.php\\\/omdmhyd-guadeloupe\\\/\"]}]},{\"@type\":\"ImageObject\",\"inLanguage\":\"fr-FR\",\"@id\":\"https:\\\/\\\/omdmhyd.org\\\/index.php\\\/omdmhyd-guadeloupe\\\/#primaryimage\",\"url\":\"https:\\\/\\\/omdmhyd.org\\\/wp-content\\\/uploads\\\/2023\\\/02\\\/OmdmhydProfil.jpg\",\"contentUrl\":\"https:\\\/\\\/omdmhyd.org\\\/wp-content\\\/uploads\\\/2023\\\/02\\\/OmdmhydProfil.jpg\",\"width\":510,\"height\":458},{\"@type\":\"BreadcrumbList\",\"@id\":\"https:\\\/\\\/omdmhyd.org\\\/index.php\\\/omdmhyd-guadeloupe\\\/#breadcrumb\",\"itemListElement\":[{\"@type\":\"ListItem\",\"position\":1,\"name\":\"Accueil\",\"item\":\"http:\\\/\\\/omdmhyd.org\\\/\"},{\"@type\":\"ListItem\",\"position\":2,\"name\":\"OMDMHYD Guadeloupe\"}]},{\"@type\":\"WebSite\",\"@id\":\"http:\\\/\\\/omdmhyd.org\\\/#website\",\"url\":\"http:\\\/\\\/omdmhyd.org\\\/\",\"name\":\"ORGANISATION OMDMHYD\",\"description\":\"La d\u00e9fense des droits Bantous..\",\"publisher\":{\"@id\":\"http:\\\/\\\/omdmhyd.org\\\/#organization\"},\"potentialAction\":[{\"@type\":\"SearchAction\",\"target\":{\"@type\":\"EntryPoint\",\"urlTemplate\":\"http:\\\/\\\/omdmhyd.org\\\/?s={search_term_string}\"},\"query-input\":{\"@type\":\"PropertyValueSpecification\",\"valueRequired\":true,\"valueName\":\"search_term_string\"}}],\"inLanguage\":\"fr-FR\"},{\"@type\":\"Organization\",\"@id\":\"http:\\\/\\\/omdmhyd.org\\\/#organization\",\"name\":\"Organisation Mondiale de la D\u00e9fense des Droits et M\u00e9moires des H\u00e9breux Yisra\u00e9lites D\u00e9port\u00e9s et leur Descendants\",\"url\":\"http:\\\/\\\/omdmhyd.org\\\/\",\"logo\":{\"@type\":\"ImageObject\",\"inLanguage\":\"fr-FR\",\"@id\":\"http:\\\/\\\/omdmhyd.org\\\/#\\\/schema\\\/logo\\\/image\\\/\",\"url\":\"https:\\\/\\\/omdmhyd.org\\\/wp-content\\\/uploads\\\/2023\\\/02\\\/cropped-LOGO-OMDMHYD-140x140-1.jpg\",\"contentUrl\":\"https:\\\/\\\/omdmhyd.org\\\/wp-content\\\/uploads\\\/2023\\\/02\\\/cropped-LOGO-OMDMHYD-140x140-1.jpg\",\"width\":240,\"height\":240,\"caption\":\"Organisation Mondiale de la D\u00e9fense des Droits et M\u00e9moires des H\u00e9breux Yisra\u00e9lites D\u00e9port\u00e9s et leur Descendants\"},\"image\":{\"@id\":\"http:\\\/\\\/omdmhyd.org\\\/#\\\/schema\\\/logo\\\/image\\\/\"},\"sameAs\":[\"https:\\\/\\\/www.facebook.com\\\/omdmhyd\",\"https:\\\/\\\/x.com\\\/omdmhyd_ong\",\"https:\\\/\\\/t.me\\\/omdmhyd\",\"http:\\\/\\\/85.187.151.147\\\/-omdmhyd\",\"https:\\\/\\\/afritubes.com\\\/@OrganisationOMDMHYD\"]}]}<\/script>\n<!-- \/ Yoast SEO plugin. -->","yoast_head_json":{"title":"OMDMHYD Guadeloupe | Omdmhyd Accueil","description":"L'organisation OMDMHYD GUADELOUPE est en coordination avec toutes les autres organisations, elle repr\u00e9sente l'entit\u00e9 le droit de la d\u00e9fense des H\u00e9breux Yisra\u00e9lites Bantous dispers\u00e9s.","robots":{"index":"index","follow":"follow","max-snippet":"max-snippet:-1","max-image-preview":"max-image-preview:large","max-video-preview":"max-video-preview:-1"},"canonical":"https:\/\/omdmhyd.org\/index.php\/omdmhyd-guadeloupe\/","og_locale":"fr_FR","og_type":"article","og_title":"OMDMHYD GUADELOUPE","og_description":"L'organisation OMDMHYD GUADELOUPE est en coordination avec toutes les autres organisations, elle repr\u00e9sente l'entit\u00e9 le droit de la d\u00e9fense des H\u00e9breux Yisra\u00e9lites Bantous dispers\u00e9s.","og_url":"https:\/\/omdmhyd.org\/index.php\/omdmhyd-guadeloupe\/","og_site_name":"Omdmhyd Accueil","article_publisher":"https:\/\/www.facebook.com\/omdmhyd","article_modified_time":"2023-08-05T21:59:21+00:00","og_image":[{"width":510,"height":458,"url":"https:\/\/omdmhyd.org\/wp-content\/uploads\/2023\/02\/OmdmhydProfil.jpg","type":"image\/jpeg"}],"twitter_card":"summary_large_image","twitter_title":"OMDMHYD GUADELOUPE","twitter_description":"L'organisation OMDMHYD GUADELOUPE est en coordination avec toutes les autres organisations, elle repr\u00e9sente l'entit\u00e9 le droit de la d\u00e9fense des H\u00e9breux Yisra\u00e9lites Bantous dispers\u00e9s.","twitter_image":"https:\/\/omdmhyd.org\/wp-content\/uploads\/2023\/02\/OmdmhydProfil.jpg","twitter_site":"@omdmhyd_ong","twitter_misc":{"Dur\u00e9e de lecture estim\u00e9e":"1 minute"},"schema":{"@context":"https:\/\/schema.org","@graph":[{"@type":"WebPage","@id":"https:\/\/omdmhyd.org\/index.php\/omdmhyd-guadeloupe\/","url":"https:\/\/omdmhyd.org\/index.php\/omdmhyd-guadeloupe\/","name":"OMDMHYD Guadeloupe | Omdmhyd Accueil","isPartOf":{"@id":"http:\/\/omdmhyd.org\/#website"},"primaryImageOfPage":{"@id":"https:\/\/omdmhyd.org\/index.php\/omdmhyd-guadeloupe\/#primaryimage"},"image":{"@id":"https:\/\/omdmhyd.org\/index.php\/omdmhyd-guadeloupe\/#primaryimage"},"thumbnailUrl":"https:\/\/omdmhyd.org\/wp-content\/uploads\/2023\/02\/OmdmhydProfil.jpg","datePublished":"2023-02-16T12:20:07+00:00","dateModified":"2023-08-05T21:59:21+00:00","description":"L'organisation OMDMHYD GUADELOUPE est en coordination avec toutes les autres organisations, elle repr\u00e9sente l'entit\u00e9 le droit de la d\u00e9fense des H\u00e9breux Yisra\u00e9lites Bantous dispers\u00e9s.","breadcrumb":{"@id":"https:\/\/omdmhyd.org\/index.php\/omdmhyd-guadeloupe\/#breadcrumb"},"inLanguage":"fr-FR","potentialAction":[{"@type":"ReadAction","target":["https:\/\/omdmhyd.org\/index.php\/omdmhyd-guadeloupe\/"]}]},{"@type":"ImageObject","inLanguage":"fr-FR","@id":"https:\/\/omdmhyd.org\/index.php\/omdmhyd-guadeloupe\/#primaryimage","url":"https:\/\/omdmhyd.org\/wp-content\/uploads\/2023\/02\/OmdmhydProfil.jpg","contentUrl":"https:\/\/omdmhyd.org\/wp-content\/uploads\/2023\/02\/OmdmhydProfil.jpg","width":510,"height":458},{"@type":"BreadcrumbList","@id":"https:\/\/omdmhyd.org\/index.php\/omdmhyd-guadeloupe\/#breadcrumb","itemListElement":[{"@type":"ListItem","position":1,"name":"Accueil","item":"http:\/\/omdmhyd.org\/"},{"@type":"ListItem","position":2,"name":"OMDMHYD Guadeloupe"}]},{"@type":"WebSite","@id":"http:\/\/omdmhyd.org\/#website","url":"http:\/\/omdmhyd.org\/","name":"ORGANISATION OMDMHYD","description":"La d\u00e9fense des droits Bantous..","publisher":{"@id":"http:\/\/omdmhyd.org\/#organization"},"potentialAction":[{"@type":"SearchAction","target":{"@type":"EntryPoint","urlTemplate":"http:\/\/omdmhyd.org\/?s={search_term_string}"},"query-input":{"@type":"PropertyValueSpecification","valueRequired":true,"valueName":"search_term_string"}}],"inLanguage":"fr-FR"},{"@type":"Organization","@id":"http:\/\/omdmhyd.org\/#organization","name":"Organisation Mondiale de la D\u00e9fense des Droits et M\u00e9moires des H\u00e9breux Yisra\u00e9lites D\u00e9port\u00e9s et leur Descendants","url":"http:\/\/omdmhyd.org\/","logo":{"@type":"ImageObject","inLanguage":"fr-FR","@id":"http:\/\/omdmhyd.org\/#\/schema\/logo\/image\/","url":"https:\/\/omdmhyd.org\/wp-content\/uploads\/2023\/02\/cropped-LOGO-OMDMHYD-140x140-1.jpg","contentUrl":"https:\/\/omdmhyd.org\/wp-content\/uploads\/2023\/02\/cropped-LOGO-OMDMHYD-140x140-1.jpg","width":240,"height":240,"caption":"Organisation Mondiale de la D\u00e9fense des Droits et M\u00e9moires des H\u00e9breux Yisra\u00e9lites D\u00e9port\u00e9s et leur Descendants"},"image":{"@id":"http:\/\/omdmhyd.org\/#\/schema\/logo\/image\/"},"sameAs":["https:\/\/www.facebook.com\/omdmhyd","https:\/\/x.com\/omdmhyd_ong","https:\/\/t.me\/omdmhyd","http:\/\/85.187.151.147\/-omdmhyd","https:\/\/afritubes.com\/@OrganisationOMDMHYD"]}]}},"_links":{"self":[{"href":"https:\/\/omdmhyd.org\/index.php\/wp-json\/wp\/v2\/pages\/1597","targetHints":{"allow":["GET"]}}],"collection":[{"href":"https:\/\/omdmhyd.org\/index.php\/wp-json\/wp\/v2\/pages"}],"about":[{"href":"https:\/\/omdmhyd.org\/index.php\/wp-json\/wp\/v2\/types\/page"}],"author":[{"embeddable":true,"href":"https:\/\/omdmhyd.org\/index.php\/wp-json\/wp\/v2\/users\/1"}],"replies":[{"embeddable":true,"href":"https:\/\/omdmhyd.org\/index.php\/wp-json\/wp\/v2\/comments?post=1597"}],"version-history":[{"count":3,"href":"https:\/\/omdmhyd.org\/index.php\/wp-json\/wp\/v2\/pages\/1597\/revisions"}],"predecessor-version":[{"id":1604,"href":"https:\/\/omdmhyd.org\/index.php\/wp-json\/wp\/v2\/pages\/1597\/revisions\/1604"}],"wp:featuredmedia":[{"embeddable":true,"href":"https:\/\/omdmhyd.org\/index.php\/wp-json\/wp\/v2\/media\/88"}],"wp:attachment":[{"href":"https:\/\/omdmhyd.org\/index.php\/wp-json\/wp\/v2\/media?parent=1597"}],"curies":[{"name":"wp","href":"https:\/\/api.w.org\/{rel}","templated":true}]}}