{"id":290,"date":"2023-02-02T21:30:02","date_gmt":"2023-02-02T20:30:02","guid":{"rendered":"http:\/\/omdmhyd.org\/?page_id=290"},"modified":"2024-04-03T16:40:58","modified_gmt":"2024-04-03T14:40:58","slug":"medias","status":"publish","type":"page","link":"http:\/\/omdmhyd.org\/index.php\/medias\/","title":{"rendered":"Medias"},"content":{"rendered":"\n<p><\/p>\n\n\n<form role=\"search\" method=\"get\" action=\"http:\/\/omdmhyd.org\/\" class=\"wp-block-search__button-outside wp-block-search__text-button aligncenter wp-block-search style--widget-box style-local--widget-box wp-block-kubio-core-search__widget-box\"    ><label class=\"wp-block-search__label\" for=\"wp-block-search__input-1\" >Rechercher une radio en tapant [ RADIO ] dans la barre de recherche et ensuite choisissez votre station.<\/label><div class=\"wp-block-search__inside-wrapper\" ><input class=\"wp-block-search__input\" id=\"wp-block-search__input-1\" placeholder=\"\" value=\"\" type=\"search\" name=\"s\" required \/><button aria-label=\"Rechercher\" class=\"wp-block-search__button wp-element-button\" type=\"submit\" >Rechercher<\/button><\/div><\/form>\n\n\n<p>Les station radios qui sont sur notre site web de l&rsquo;organisation OMDMHYD :<\/p>\n\n\n\n<p>DRAPEAUX PAYS                                                       &#8211;        ACC\u00c8S A LA STATION<\/p>\n\n\n\n<table width=\"200\" border=\"1\" cellpadding=\"1\" cellspacing=\"1\">\n    <tbody>\n        <tr>\n            <td>\n            <div style=\"text-align: justify;\"><span style=\"font-size: larger;\"><strong><span style=\"font-family: Arial;\"><br \/>\n            <br \/>\n            <\/span><\/strong><\/span>DRAPEAUX PAYS&nbsp; &nbsp; &nbsp; &nbsp; &nbsp; &nbsp; &nbsp; &nbsp; &nbsp; &nbsp; &nbsp; &nbsp; &nbsp; &nbsp; &nbsp; &nbsp; &nbsp; ACC&Egrave;S&nbsp;<span style=\"font-size: larger;\"><strong><span style=\"font-family: Arial;\"><br \/>\n            AFRIQUE&nbsp;<\/span><\/strong><\/span><\/div>\n            <div style=\"text-align: justify;\"><br \/>\n            <img loading=\"lazy\" decoding=\"async\" src=\"\/\/i0.wp.com\/datacenter-magazine.fr\/wp-content\/uploads\/2022\/02\/Afrique-sat.png?resize=480%2C360&#038;ssl=1\" width=\"120\" height=\"88\" alt=\"\" \/>&nbsp; &nbsp; &nbsp; &nbsp; &nbsp; &nbsp; &nbsp; &nbsp; &nbsp; &nbsp; &nbsp; &nbsp; &nbsp; &nbsp; <a href=\"http:\/\/omdmhyd.org\/index.php\/radio-omdmhyd-afrique\" target=\"_self\" rel=\"noopener\"><img loading=\"lazy\" decoding=\"async\" src=\"https:\/\/img.webme.com\/pic\/r\/rv7radio\/video-play-icon-11398.png\" width=\"120\" height=\"120\" alt=\"\" \/><\/a>&nbsp;<\/div>\n            <table width=\"360\" border=\"1\" align=\"left\" cellpadding=\"1\" cellspacing=\"1\">\n                <tbody>\n                    <tr>\n                        <td><strong>RADIO OMDMHYD AFRIQUE <\/strong>&nbsp;&#8211;  Acc\u00e8s \ud83d\udc46<\/td>\n                    <\/tr>\n                <\/tbody>\n            <\/table>\n            <div style=\"text-align: justify;\">&nbsp;<\/div>\n            <\/td>\n        <\/tr>\n    <\/tbody>\n<\/table>\n<div style=\"text-align: justify;\">&nbsp; &nbsp; &nbsp; &nbsp;<\/div>\n\n\n\n<p><\/p>\n\n\n\n<p><\/p>\n\n\n\n<table width=\"200\" border=\"1\" cellpadding=\"1\" cellspacing=\"1\">\n    <tbody>\n        <tr>\n            <td>\n            <div style=\"text-align: justify;\"><span style=\"font-size: larger;\"><strong><span style=\"font-family: Arial;\"><br \/>\n            <br \/>\n            <\/span><\/strong><\/span>DRAPEAUX PAYS&nbsp; &nbsp; &nbsp; &nbsp; &nbsp; &nbsp; &nbsp; &nbsp; &nbsp; &nbsp; &nbsp; &nbsp; &nbsp; &nbsp; &nbsp; &nbsp; &nbsp; ACC&Egrave;S&nbsp;<span style=\"font-size: larger;\"><strong><span style=\"font-family: Arial;\"><br \/>\n            FRANCE&nbsp;<\/span><\/strong><\/span><\/div>\n            <div style=\"text-align: justify;\"><br \/>\n            <img loading=\"lazy\" decoding=\"async\" src=\"\/\/www.herodote.net\/_image\/france.jpg\" width=\"120\" height=\"88\" alt=\"\" \/>&nbsp; &nbsp; &nbsp; &nbsp; &nbsp; &nbsp; &nbsp; &nbsp; &nbsp; &nbsp; &nbsp; &nbsp; &nbsp; &nbsp; <a href=\"http:\/\/omdmhyd.org\/index.php\/radio-omdmhyd-france\" target=\"_self\" rel=\"noopener\"><img loading=\"lazy\" decoding=\"async\" src=\"https:\/\/img.webme.com\/pic\/r\/rv7radio\/video-play-icon-11398.png\" width=\"120\" height=\"120\" alt=\"\" \/><\/a>&nbsp;<\/div>\n            <table width=\"360\" border=\"1\" align=\"left\" cellpadding=\"1\" cellspacing=\"1\">\n                <tbody>\n                    <tr>\n                        <td><strong>RADIO OMDMHYD FRANCE<\/strong>&nbsp;&#8211;  Acc\u00e8s \ud83d\udc46<\/td>\n                    <\/tr>\n                <\/tbody>\n            <\/table>\n            <div style=\"text-align: justify;\">&nbsp;<\/div>\n            <\/td>\n        <\/tr>\n    <\/tbody>\n<\/table>\n<div style=\"text-align: justify;\">&nbsp; &nbsp; &nbsp; &nbsp;<\/div>\n\n\n\n<p><\/p>\n\n\n\n<table width=\"200\" border=\"1\" cellpadding=\"1\" cellspacing=\"1\">\n    <tbody>\n        <tr>\n            <td>\n            <div style=\"text-align: justify;\"><span style=\"font-size: larger;\"><strong><span style=\"font-family: Arial;\"><br \/>\n            <br \/>\n            <\/span><\/strong><\/span>DRAPEAUX PAYS&nbsp; &nbsp; &nbsp; &nbsp; &nbsp; &nbsp; &nbsp; &nbsp; &nbsp; &nbsp; &nbsp; &nbsp; &nbsp; &nbsp; &nbsp; &nbsp; &nbsp; ACC&Egrave;S&nbsp;<span style=\"font-size: larger;\"><strong><span style=\"font-family: Arial;\"><br \/>\n            GUADELOUPE&nbsp;<\/span><\/strong><\/span><\/div>\n            <div style=\"text-align: justify;\"><br \/>\n            <img loading=\"lazy\" decoding=\"async\" src=\"https:\/\/www.flagsonline.fr\/uploads\/2016-6-6\/1200-0\/guadeloupe-nationalist.jpg\" width=\"120\" height=\"88\" alt=\"\" \/>&nbsp; &nbsp; &nbsp; &nbsp; &nbsp; &nbsp; &nbsp; &nbsp; &nbsp; &nbsp; &nbsp; &nbsp; &nbsp; &nbsp; <a href=\"http:\/\/omdmhyd.org\/index.php\/radio-omdmhyd-971\" target=\"_self\" rel=\"noopener\"><img loading=\"lazy\" decoding=\"async\" src=\"https:\/\/img.webme.com\/pic\/r\/rv7radio\/video-play-icon-11398.png\" width=\"120\" height=\"120\" alt=\"\" \/><\/a>&nbsp;<\/div>\n            <table width=\"360\" border=\"1\" align=\"left\" cellpadding=\"1\" cellspacing=\"1\">\n                <tbody>\n                    <tr>\n                        <td><strong>RADIO OMDMHYD GUADELOUPE <\/strong>&nbsp;&#8211;  Acc\u00e8s \ud83d\udc46<\/td>\n                    <\/tr>\n                <\/tbody>\n            <\/table>\n            <div style=\"text-align: justify;\">&nbsp;<\/div>\n            <\/td>\n        <\/tr>\n    <\/tbody>\n<\/table>\n<div style=\"text-align: justify;\">&nbsp; &nbsp; &nbsp; &nbsp;<\/div>\n\n\n\n<p><\/p>\n\n\n\n<table width=\"200\" border=\"1\" cellpadding=\"1\" cellspacing=\"1\">\n    <tbody>\n        <tr>\n            <td>\n            <div style=\"text-align: justify;\"><span style=\"font-size: larger;\"><strong><span style=\"font-family: Arial;\"><br \/>\n            <br \/>\n            <\/span><\/strong><\/span>DRAPEAUX PAYS&nbsp; &nbsp; &nbsp; &nbsp; &nbsp; &nbsp; &nbsp; &nbsp; &nbsp; &nbsp; &nbsp; &nbsp; &nbsp; &nbsp; &nbsp; &nbsp; &nbsp; ACC&Egrave;S&nbsp;<span style=\"font-size: larger;\"><strong><span style=\"font-family: Arial;\"><br \/>\n            HA\u00cfTI&nbsp;<\/span><\/strong><\/span><\/div>\n            <div style=\"text-align: justify;\"><br \/>\n            <img loading=\"lazy\" decoding=\"async\" src=\"\/\/carre-tropical.fr\/cdn\/shop\/products\/Captured_ecran2023-02-09a17.19.35.png?v=1675965819\" width=\"120\" height=\"88\" alt=\"\" \/>&nbsp; &nbsp; &nbsp; &nbsp; &nbsp; &nbsp; &nbsp; &nbsp; &nbsp; &nbsp; &nbsp; &nbsp; &nbsp; &nbsp; <a href=\"http:\/\/omdmhyd.org\/index.php\/radio-omdmhyd-haiti\" target=\"_self\" rel=\"noopener\"><img loading=\"lazy\" decoding=\"async\" src=\"https:\/\/img.webme.com\/pic\/r\/rv7radio\/video-play-icon-11398.png\" width=\"120\" height=\"120\" alt=\"\" \/><\/a>&nbsp;<\/div>\n            <table width=\"360\" border=\"1\" align=\"left\" cellpadding=\"1\" cellspacing=\"1\">\n                <tbody>\n                    <tr>\n                        <td><strong>RADIO OMDMHYD HA\u00cfTI <\/strong>&nbsp;&#8211;  Acc\u00e8s \ud83d\udc46<\/td>\n                    <\/tr>\n                <\/tbody>\n            <\/table>\n            <div style=\"text-align: justify;\">&nbsp;<\/div>\n            <\/td>\n        <\/tr>\n    <\/tbody>\n<\/table>\n<div style=\"text-align: justify;\">&nbsp; &nbsp; &nbsp; &nbsp;<\/div>\n\n\n\n<p><\/p>\n\n\n\n<table width=\"200\" border=\"1\" cellpadding=\"1\" cellspacing=\"1\">\n    <tbody>\n        <tr>\n            <td>\n            <div style=\"text-align: justify;\"><span style=\"font-size: larger;\"><strong><span style=\"font-family: Arial;\"><br \/>\n            <br \/>\n            <\/span><\/strong><\/span>DRAPEAUX PAYS&nbsp; &nbsp; &nbsp; &nbsp; &nbsp; &nbsp; &nbsp; &nbsp; &nbsp; &nbsp; &nbsp; &nbsp; &nbsp; &nbsp; &nbsp; &nbsp; &nbsp; ACC&Egrave;S&nbsp;<span style=\"font-size: larger;\"><strong><span style=\"font-family: Arial;\"><br \/>\n            MARTINIQUE&nbsp;<\/span><\/strong><\/span><\/div>\n            <div style=\"text-align: justify;\"><br \/>\n            <img loading=\"lazy\" decoding=\"async\" src=\"\/\/img.lemde.fr\/2023\/01\/18\/0\/0\/2880\/1920\/1440\/960\/60\/0\/411156e_1674053452198-new-flag-of-martinique.jpg\" width=\"120\" height=\"88\" alt=\"\" \/>&nbsp; &nbsp; &nbsp; &nbsp; &nbsp; &nbsp; &nbsp; &nbsp; &nbsp; &nbsp; &nbsp; &nbsp; &nbsp; &nbsp; <a href=\"http:\/\/omdmhyd.org\/index.php\/radio-omdmhyd-972\" target=\"_self\" rel=\"noopener\"><img loading=\"lazy\" decoding=\"async\" src=\"https:\/\/img.webme.com\/pic\/r\/rv7radio\/video-play-icon-11398.png\" width=\"120\" height=\"120\" alt=\"\" \/><\/a>&nbsp;<\/div>\n            <table width=\"360\" border=\"1\" align=\"left\" cellpadding=\"1\" cellspacing=\"1\">\n                <tbody>\n                    <tr>\n                        <td><strong>RADIO OMDMHYD MARTINIQUE <\/strong>&nbsp;&#8211;  Acc\u00e8s \ud83d\udc46<\/td>\n                    <\/tr>\n                <\/tbody>\n            <\/table>\n            <div style=\"text-align: justify;\">&nbsp;<\/div>\n            <\/td>\n        <\/tr>\n    <\/tbody>\n<\/table>\n<div style=\"text-align: justify;\">&nbsp; &nbsp; &nbsp; &nbsp;<\/div>\n\n\n\n<p><\/p>\n\n\n\n<script src=\"https:\/\/static.elfsight.com\/platform\/platform.js\" data-use-service-core defer><\/script>\n<div class=\"elfsight-app-64651725-0b82-4c88-8031-8f78494f9b54\" data-elfsight-app-lazy><\/div>\n\n\n\n<p><\/p>\n\n\n\n<pre class=\"wp-block-code\"><code><strong>Vous \u00eates au nombre de<\/strong> <img decoding=\"async\" title=\"People Online\" border=\"0\" height=\"52\" width=\"90\n \" src=\"http:\/\/whos.amung.us\/widget\/dzsg93pq\/RV7 MIX  Online, RV7 MIX  em Directo net ao vivo gratis.\" alt=\"\"> <\/code><\/pre>\n\n\n\n<p><\/p>\n","protected":false},"excerpt":{"rendered":"<p>Les station radios qui sont sur notre site web de l&rsquo;organisation OMDMHYD : DRAPEAUX PAYS &#8211; ACC\u00c8S A LA STATION DRAPEAUX PAYS&nbsp; &nbsp; &nbsp; &nbsp; &nbsp; &nbsp; &nbsp; &nbsp; &nbsp; &nbsp; &nbsp; &nbsp; &nbsp; &nbsp; &nbsp; &nbsp; &nbsp; ACC&Egrave;S&nbsp; AFRIQUE&nbsp; &nbsp; &nbsp; &nbsp; &nbsp; &nbsp; &nbsp; &nbsp; &nbsp; &nbsp; &nbsp; &nbsp; &nbsp; &nbsp; &nbsp; &nbsp; [&hellip;]<\/p>\n","protected":false},"author":1,"featured_media":0,"parent":0,"menu_order":0,"comment_status":"closed","ping_status":"closed","template":"page-template\/custom-home-page.php","meta":{"saved_in_kubio":false,"telegram_tosend":false,"telegram_tosend_message":"","telegram_tosend_target":0,"sfsi_plus_gutenberg_text_before_share":"","sfsi_plus_gutenberg_show_text_before_share":"","sfsi_plus_gutenberg_icon_type":"","sfsi_plus_gutenberg_icon_alignemt":"","sfsi_plus_gutenburg_max_per_row":"","_themeisle_gutenberg_block_has_review":false,"footnotes":""},"class_list":["post-290","page","type-page","status-publish","hentry"],"kubio_ai_page_context":{"short_desc":"","purpose":"general"},"featured_image_src":null,"yoast_head":"<!-- This site is optimized with the Yoast SEO plugin v27.4 - https:\/\/yoast.com\/product\/yoast-seo-wordpress\/ -->\n<title>Medias | Omdmhyd Accueil<\/title>\n<meta name=\"robots\" content=\"index, follow, max-snippet:-1, max-image-preview:large, max-video-preview:-1\" \/>\n<link rel=\"canonical\" href=\"https:\/\/omdmhyd.org\/index.php\/medias\/\" \/>\n<meta property=\"og:locale\" content=\"fr_FR\" \/>\n<meta property=\"og:type\" content=\"article\" \/>\n<meta property=\"og:title\" content=\"Medias | Omdmhyd Accueil\" \/>\n<meta property=\"og:description\" content=\"Les station radios qui sont sur notre site web de l&rsquo;organisation OMDMHYD : DRAPEAUX PAYS &#8211; ACC\u00c8S A LA STATION DRAPEAUX PAYS&nbsp; &nbsp; &nbsp; &nbsp; &nbsp; &nbsp; &nbsp; &nbsp; &nbsp; &nbsp; &nbsp; &nbsp; &nbsp; &nbsp; &nbsp; &nbsp; &nbsp; ACC&Egrave;S&nbsp; AFRIQUE&nbsp; &nbsp; &nbsp; &nbsp; &nbsp; &nbsp; &nbsp; &nbsp; &nbsp; &nbsp; &nbsp; &nbsp; &nbsp; &nbsp; &nbsp; &nbsp; [&hellip;]\" \/>\n<meta property=\"og:url\" content=\"https:\/\/omdmhyd.org\/index.php\/medias\/\" \/>\n<meta property=\"og:site_name\" content=\"Omdmhyd Accueil\" \/>\n<meta property=\"article:publisher\" content=\"https:\/\/www.facebook.com\/omdmhyd\" \/>\n<meta property=\"article:modified_time\" content=\"2024-04-03T14:40:58+00:00\" \/>\n<meta property=\"og:image\" content=\"https:\/\/img.webme.com\/pic\/r\/rv7radio\/video-play-icon-11398.png\" \/>\n<meta name=\"twitter:card\" content=\"summary_large_image\" \/>\n<meta name=\"twitter:site\" content=\"@omdmhyd_ong\" \/>\n<meta name=\"twitter:label1\" content=\"Dur\u00e9e de lecture estim\u00e9e\" \/>\n\t<meta name=\"twitter:data1\" content=\"3 minutes\" \/>\n<script type=\"application\/ld+json\" class=\"yoast-schema-graph\">{\"@context\":\"https:\\\/\\\/schema.org\",\"@graph\":[{\"@type\":\"WebPage\",\"@id\":\"https:\\\/\\\/omdmhyd.org\\\/index.php\\\/medias\\\/\",\"url\":\"https:\\\/\\\/omdmhyd.org\\\/index.php\\\/medias\\\/\",\"name\":\"Medias | Omdmhyd Accueil\",\"isPartOf\":{\"@id\":\"http:\\\/\\\/omdmhyd.org\\\/#website\"},\"primaryImageOfPage\":{\"@id\":\"https:\\\/\\\/omdmhyd.org\\\/index.php\\\/medias\\\/#primaryimage\"},\"image\":{\"@id\":\"https:\\\/\\\/omdmhyd.org\\\/index.php\\\/medias\\\/#primaryimage\"},\"thumbnailUrl\":\"https:\\\/\\\/img.webme.com\\\/pic\\\/r\\\/rv7radio\\\/video-play-icon-11398.png\",\"datePublished\":\"2023-02-02T20:30:02+00:00\",\"dateModified\":\"2024-04-03T14:40:58+00:00\",\"breadcrumb\":{\"@id\":\"https:\\\/\\\/omdmhyd.org\\\/index.php\\\/medias\\\/#breadcrumb\"},\"inLanguage\":\"fr-FR\",\"potentialAction\":[{\"@type\":\"ReadAction\",\"target\":[\"https:\\\/\\\/omdmhyd.org\\\/index.php\\\/medias\\\/\"]}]},{\"@type\":\"ImageObject\",\"inLanguage\":\"fr-FR\",\"@id\":\"https:\\\/\\\/omdmhyd.org\\\/index.php\\\/medias\\\/#primaryimage\",\"url\":\"https:\\\/\\\/img.webme.com\\\/pic\\\/r\\\/rv7radio\\\/video-play-icon-11398.png\",\"contentUrl\":\"https:\\\/\\\/img.webme.com\\\/pic\\\/r\\\/rv7radio\\\/video-play-icon-11398.png\"},{\"@type\":\"BreadcrumbList\",\"@id\":\"https:\\\/\\\/omdmhyd.org\\\/index.php\\\/medias\\\/#breadcrumb\",\"itemListElement\":[{\"@type\":\"ListItem\",\"position\":1,\"name\":\"Accueil\",\"item\":\"http:\\\/\\\/omdmhyd.org\\\/\"},{\"@type\":\"ListItem\",\"position\":2,\"name\":\"Medias\"}]},{\"@type\":\"WebSite\",\"@id\":\"http:\\\/\\\/omdmhyd.org\\\/#website\",\"url\":\"http:\\\/\\\/omdmhyd.org\\\/\",\"name\":\"ORGANISATION OMDMHYD\",\"description\":\"La d\u00e9fense des droits Bantous..\",\"publisher\":{\"@id\":\"http:\\\/\\\/omdmhyd.org\\\/#organization\"},\"potentialAction\":[{\"@type\":\"SearchAction\",\"target\":{\"@type\":\"EntryPoint\",\"urlTemplate\":\"http:\\\/\\\/omdmhyd.org\\\/?s={search_term_string}\"},\"query-input\":{\"@type\":\"PropertyValueSpecification\",\"valueRequired\":true,\"valueName\":\"search_term_string\"}}],\"inLanguage\":\"fr-FR\"},{\"@type\":\"Organization\",\"@id\":\"http:\\\/\\\/omdmhyd.org\\\/#organization\",\"name\":\"Organisation Mondiale de la D\u00e9fense des Droits et M\u00e9moires des H\u00e9breux Yisra\u00e9lites D\u00e9port\u00e9s et leur Descendants\",\"url\":\"http:\\\/\\\/omdmhyd.org\\\/\",\"logo\":{\"@type\":\"ImageObject\",\"inLanguage\":\"fr-FR\",\"@id\":\"http:\\\/\\\/omdmhyd.org\\\/#\\\/schema\\\/logo\\\/image\\\/\",\"url\":\"http:\\\/\\\/omdmhyd.org\\\/wp-content\\\/uploads\\\/2023\\\/02\\\/cropped-LOGO-OMDMHYD-140x140-1.jpg\",\"contentUrl\":\"http:\\\/\\\/omdmhyd.org\\\/wp-content\\\/uploads\\\/2023\\\/02\\\/cropped-LOGO-OMDMHYD-140x140-1.jpg\",\"width\":240,\"height\":240,\"caption\":\"Organisation Mondiale de la D\u00e9fense des Droits et M\u00e9moires des H\u00e9breux Yisra\u00e9lites D\u00e9port\u00e9s et leur Descendants\"},\"image\":{\"@id\":\"http:\\\/\\\/omdmhyd.org\\\/#\\\/schema\\\/logo\\\/image\\\/\"},\"sameAs\":[\"https:\\\/\\\/www.facebook.com\\\/omdmhyd\",\"https:\\\/\\\/x.com\\\/omdmhyd_ong\",\"https:\\\/\\\/t.me\\\/omdmhyd\",\"http:\\\/\\\/85.187.151.147\\\/-omdmhyd\",\"https:\\\/\\\/afritubes.com\\\/@OrganisationOMDMHYD\"]}]}<\/script>\n<!-- \/ Yoast SEO plugin. -->","yoast_head_json":{"title":"Medias | Omdmhyd Accueil","robots":{"index":"index","follow":"follow","max-snippet":"max-snippet:-1","max-image-preview":"max-image-preview:large","max-video-preview":"max-video-preview:-1"},"canonical":"https:\/\/omdmhyd.org\/index.php\/medias\/","og_locale":"fr_FR","og_type":"article","og_title":"Medias | Omdmhyd Accueil","og_description":"Les station radios qui sont sur notre site web de l&rsquo;organisation OMDMHYD : DRAPEAUX PAYS &#8211; ACC\u00c8S A LA STATION DRAPEAUX PAYS&nbsp; &nbsp; &nbsp; &nbsp; &nbsp; &nbsp; &nbsp; &nbsp; &nbsp; &nbsp; &nbsp; &nbsp; &nbsp; &nbsp; &nbsp; &nbsp; &nbsp; ACC&Egrave;S&nbsp; AFRIQUE&nbsp; &nbsp; &nbsp; &nbsp; &nbsp; &nbsp; &nbsp; &nbsp; &nbsp; &nbsp; &nbsp; &nbsp; &nbsp; &nbsp; &nbsp; &nbsp; [&hellip;]","og_url":"https:\/\/omdmhyd.org\/index.php\/medias\/","og_site_name":"Omdmhyd Accueil","article_publisher":"https:\/\/www.facebook.com\/omdmhyd","article_modified_time":"2024-04-03T14:40:58+00:00","og_image":[{"url":"https:\/\/img.webme.com\/pic\/r\/rv7radio\/video-play-icon-11398.png","type":"","width":"","height":""}],"twitter_card":"summary_large_image","twitter_site":"@omdmhyd_ong","twitter_misc":{"Dur\u00e9e de lecture estim\u00e9e":"3 minutes"},"schema":{"@context":"https:\/\/schema.org","@graph":[{"@type":"WebPage","@id":"https:\/\/omdmhyd.org\/index.php\/medias\/","url":"https:\/\/omdmhyd.org\/index.php\/medias\/","name":"Medias | Omdmhyd Accueil","isPartOf":{"@id":"http:\/\/omdmhyd.org\/#website"},"primaryImageOfPage":{"@id":"https:\/\/omdmhyd.org\/index.php\/medias\/#primaryimage"},"image":{"@id":"https:\/\/omdmhyd.org\/index.php\/medias\/#primaryimage"},"thumbnailUrl":"https:\/\/img.webme.com\/pic\/r\/rv7radio\/video-play-icon-11398.png","datePublished":"2023-02-02T20:30:02+00:00","dateModified":"2024-04-03T14:40:58+00:00","breadcrumb":{"@id":"https:\/\/omdmhyd.org\/index.php\/medias\/#breadcrumb"},"inLanguage":"fr-FR","potentialAction":[{"@type":"ReadAction","target":["https:\/\/omdmhyd.org\/index.php\/medias\/"]}]},{"@type":"ImageObject","inLanguage":"fr-FR","@id":"https:\/\/omdmhyd.org\/index.php\/medias\/#primaryimage","url":"https:\/\/img.webme.com\/pic\/r\/rv7radio\/video-play-icon-11398.png","contentUrl":"https:\/\/img.webme.com\/pic\/r\/rv7radio\/video-play-icon-11398.png"},{"@type":"BreadcrumbList","@id":"https:\/\/omdmhyd.org\/index.php\/medias\/#breadcrumb","itemListElement":[{"@type":"ListItem","position":1,"name":"Accueil","item":"http:\/\/omdmhyd.org\/"},{"@type":"ListItem","position":2,"name":"Medias"}]},{"@type":"WebSite","@id":"http:\/\/omdmhyd.org\/#website","url":"http:\/\/omdmhyd.org\/","name":"ORGANISATION OMDMHYD","description":"La d\u00e9fense des droits Bantous..","publisher":{"@id":"http:\/\/omdmhyd.org\/#organization"},"potentialAction":[{"@type":"SearchAction","target":{"@type":"EntryPoint","urlTemplate":"http:\/\/omdmhyd.org\/?s={search_term_string}"},"query-input":{"@type":"PropertyValueSpecification","valueRequired":true,"valueName":"search_term_string"}}],"inLanguage":"fr-FR"},{"@type":"Organization","@id":"http:\/\/omdmhyd.org\/#organization","name":"Organisation Mondiale de la D\u00e9fense des Droits et M\u00e9moires des H\u00e9breux Yisra\u00e9lites D\u00e9port\u00e9s et leur Descendants","url":"http:\/\/omdmhyd.org\/","logo":{"@type":"ImageObject","inLanguage":"fr-FR","@id":"http:\/\/omdmhyd.org\/#\/schema\/logo\/image\/","url":"http:\/\/omdmhyd.org\/wp-content\/uploads\/2023\/02\/cropped-LOGO-OMDMHYD-140x140-1.jpg","contentUrl":"http:\/\/omdmhyd.org\/wp-content\/uploads\/2023\/02\/cropped-LOGO-OMDMHYD-140x140-1.jpg","width":240,"height":240,"caption":"Organisation Mondiale de la D\u00e9fense des Droits et M\u00e9moires des H\u00e9breux Yisra\u00e9lites D\u00e9port\u00e9s et leur Descendants"},"image":{"@id":"http:\/\/omdmhyd.org\/#\/schema\/logo\/image\/"},"sameAs":["https:\/\/www.facebook.com\/omdmhyd","https:\/\/x.com\/omdmhyd_ong","https:\/\/t.me\/omdmhyd","http:\/\/85.187.151.147\/-omdmhyd","https:\/\/afritubes.com\/@OrganisationOMDMHYD"]}]}},"_links":{"self":[{"href":"http:\/\/omdmhyd.org\/index.php\/wp-json\/wp\/v2\/pages\/290","targetHints":{"allow":["GET"]}}],"collection":[{"href":"http:\/\/omdmhyd.org\/index.php\/wp-json\/wp\/v2\/pages"}],"about":[{"href":"http:\/\/omdmhyd.org\/index.php\/wp-json\/wp\/v2\/types\/page"}],"author":[{"embeddable":true,"href":"http:\/\/omdmhyd.org\/index.php\/wp-json\/wp\/v2\/users\/1"}],"replies":[{"embeddable":true,"href":"http:\/\/omdmhyd.org\/index.php\/wp-json\/wp\/v2\/comments?post=290"}],"version-history":[{"count":49,"href":"http:\/\/omdmhyd.org\/index.php\/wp-json\/wp\/v2\/pages\/290\/revisions"}],"predecessor-version":[{"id":3267,"href":"http:\/\/omdmhyd.org\/index.php\/wp-json\/wp\/v2\/pages\/290\/revisions\/3267"}],"wp:attachment":[{"href":"http:\/\/omdmhyd.org\/index.php\/wp-json\/wp\/v2\/media?parent=290"}],"curies":[{"name":"wp","href":"https:\/\/api.w.org\/{rel}","templated":true}]}}