{"id":2434,"date":"2023-08-11T03:03:02","date_gmt":"2023-08-11T01:03:02","guid":{"rendered":"http:\/\/omdmhyd.org\/?page_id=2434"},"modified":"2024-04-15T01:07:45","modified_gmt":"2024-04-14T23:07:45","slug":"radio-omdmhyd-972","status":"publish","type":"page","link":"http:\/\/omdmhyd.org\/index.php\/radio-omdmhyd-972\/","title":{"rendered":"Radio Omdmhyd 972"},"content":{"rendered":"<div style=\"min-height: 285px;; \" class=\"ub_image_slider swiper-container wp-block-ub-image-slider\" id=\"ub_image_slider_7d20d806-3e2f-4334-a889-0fe5d1ca371d\" data-swiper-data='{\"speed\":300,\"spaceBetween\":20,\"slidesPerView\":1,\"loop\":true,\"pagination\":{\"el\": \".swiper-pagination\" , \"type\": \"bullets\", \"clickable\":true},\"navigation\": {\"nextEl\": \".swiper-button-next\", \"prevEl\": \".swiper-button-prev\"}, \"keyboard\": { \"enabled\": true }, \"effect\": \"slide\",\"simulateTouch\":false}'>\n            <div class=\"swiper-wrapper\"><figure class=\"swiper-slide\">\n                <img decoding=\"async\" src=\"http:\/\/omdmhyd.org\/wp-content\/uploads\/2023\/02\/RadioAutoLive9.2-1224X296.png\" alt=\"\" style=\"height: 250px;; \">\n                <figcaption class=\"ub_image_slider_image_caption\"><\/figcaption>\n            <\/figure><\/div>\n            <div class=\"swiper-pagination\"><\/div>\n            <div class=\"swiper-button-prev\"><\/div> <div class=\"swiper-button-next\"><\/div>\n        <\/div>\n\n\n<div style=\"text-align: center;\"><span style=\"font-size: larger;\"><strong><span style=\"font-family: Arial;\">LECTEUR DE SECOURS&nbsp;<\/span><\/strong><\/span><br>\n<a href=\"http:\/\/omdmhyd.org\/?radio_player=2&amp;preview\" target=\"_top\" rel=\"noopener\"><img decoding=\"async\" src=\"\/\/img.webme.com\/pic\/r\/rv7radio\/Net.png\" style=\"text-align: start;\" width=\"60\" alt=\"\"><\/a><a href=\"http:\/\/omdmhyd.org\/?radio_player=2&amp;preview\" target=\"_top\" rel=\"noopener\"><img decoding=\"async\" src=\"\/\/img.webme.com\/pic\/r\/rv7radio\/OnAir-02.gif\" width=\"60\" alt=\"\"><\/a><br>\n<span style=\"font-size: larger;\">CLIQUEZ&nbsp; ICI<\/span><\/div>\n<br>\n\n\n\n<div style=\"text-align: right;\"><span style=\"font-size: larger;\"><strong><span style=\"font-family: Arial;\">&nbsp; &nbsp; &nbsp; &nbsp; &nbsp; &nbsp;<\/span><\/strong><\/span><\/div>\n<br>\n<div style=\"text-align: right;\"><a href=\"https:\/\/t.me\/omdmhyd\" target=\"_blank\" rel=\"noopener\"><img loading=\"lazy\" decoding=\"async\" src=\"\/\/img.webme.com\/pic\/r\/rv7radio\/\u2014Pngtree\u2014cartoon purple neon light effect_6316724.png\" width=\"180\" height=\"120\" title=\"Acc\u00e8s Telegram\" longdesc=\"https:\/\/www.ma-page.fr\/Connexion au Canal OMDMHYD\" alt=\"\"><\/a><a href=\"https:\/\/t.me\/omdmhyd\" target=\"_blank\" rel=\"noopener\"><img loading=\"lazy\" decoding=\"async\" src=\"\/\/img.webme.com\/pic\/r\/rv7radio\/CanalTelegram.png\" width=\"120\" height=\"98\" title=\"Acc\u00e8s Telegram\" longdesc=\"https:\/\/www.ma-page.fr\/Connexion au Canal OMDMHYD\" alt=\"\"><\/a><\/div>\n\n\n\n<pre class=\"wp-block-code\"><code><strong>Vous \u00eates au nombre de<\/strong> <img decoding=\"async\" title=\"People Online\" border=\"0\" height=\"52\" width=\"90\n \" src=\"http:\/\/whos.amung.us\/widget\/dzsg93pq\/RV7 MIX  Online, RV7 MIX  em Directo net ao vivo gratis.\" alt=\"\"> <\/code><\/pre>\n","protected":false},"excerpt":{"rendered":"<p>LECTEUR DE SECOURS&nbsp; CLIQUEZ&nbsp; ICI &nbsp; &nbsp; &nbsp; &nbsp; &nbsp; &nbsp; Vous \u00eates au nombre de<\/p>\n","protected":false},"author":1,"featured_media":0,"parent":0,"menu_order":0,"comment_status":"closed","ping_status":"closed","template":"","meta":{"saved_in_kubio":false,"telegram_tosend":false,"telegram_tosend_message":"","telegram_tosend_target":0,"sfsi_plus_gutenberg_text_before_share":"","sfsi_plus_gutenberg_show_text_before_share":"","sfsi_plus_gutenberg_icon_type":"","sfsi_plus_gutenberg_icon_alignemt":"","sfsi_plus_gutenburg_max_per_row":"","_themeisle_gutenberg_block_has_review":false,"footnotes":""},"class_list":["post-2434","page","type-page","status-publish","hentry"],"kubio_ai_page_context":{"short_desc":"","purpose":"general"},"featured_image_src":null,"yoast_head":"<!-- This site is optimized with the Yoast SEO plugin v27.5 - https:\/\/yoast.com\/product\/yoast-seo-wordpress\/ -->\n<title>Radio Omdmhyd 972 | Omdmhyd Accueil<\/title>\n<meta name=\"description\" content=\"La station radio est un support \u00e0 l&#039;organisation OMDMHYD, ceci afin de promouvoir l&#039;histoire de nos anc\u00eatres H\u00e9breux Yisra\u00e9lites Bantous\" \/>\n<meta name=\"robots\" content=\"index, follow, max-snippet:-1, max-image-preview:large, max-video-preview:-1\" \/>\n<link rel=\"canonical\" href=\"http:\/\/omdmhyd.org\/index.php\/radio-omdmhyd-972\/\" \/>\n<meta property=\"og:locale\" content=\"fr_FR\" \/>\n<meta property=\"og:type\" content=\"article\" \/>\n<meta property=\"og:title\" content=\"Radio OMDMHYD 972\" \/>\n<meta property=\"og:description\" content=\"La station radio est un support \u00e0 l&#039;organisation OMDMHYD, ceci afin de promouvoir l&#039;histoire de nos anc\u00eatres H\u00e9breux Yisra\u00e9lites Bantous\" \/>\n<meta property=\"og:url\" content=\"http:\/\/omdmhyd.org\/index.php\/radio-omdmhyd-972\/\" \/>\n<meta property=\"og:site_name\" content=\"Omdmhyd Accueil\" \/>\n<meta property=\"article:publisher\" content=\"https:\/\/www.facebook.com\/omdmhyd\" \/>\n<meta property=\"article:modified_time\" content=\"2024-04-14T23:07:45+00:00\" \/>\n<meta property=\"og:image\" content=\"http:\/\/omdmhyd.org\/wp-content\/uploads\/2023\/02\/RadioAutoLive9.2-Profil.png\" \/>\n\t<meta property=\"og:image:width\" content=\"844\" \/>\n\t<meta property=\"og:image:height\" content=\"611\" \/>\n\t<meta property=\"og:image:type\" content=\"image\/png\" \/>\n<meta name=\"twitter:card\" content=\"summary_large_image\" \/>\n<meta name=\"twitter:title\" content=\"Radio OMDMHYD 972\" \/>\n<meta name=\"twitter:description\" content=\"La station radio est un support \u00e0 l&#039;organisation OMDMHYD, ceci afin de promouvoir l&#039;histoire de nos anc\u00eatres H\u00e9breux Yisra\u00e9lites Bantous\" \/>\n<meta name=\"twitter:image\" content=\"http:\/\/omdmhyd.org\/wp-content\/uploads\/2023\/02\/RadioAutoLive9.2-Profil.png\" \/>\n<meta name=\"twitter:site\" content=\"@omdmhyd_ong\" \/>\n<meta name=\"twitter:label1\" content=\"Dur\u00e9e de lecture estim\u00e9e\" \/>\n\t<meta name=\"twitter:data1\" content=\"1 minute\" \/>\n<script type=\"application\/ld+json\" class=\"yoast-schema-graph\">{\"@context\":\"https:\\\/\\\/schema.org\",\"@graph\":[{\"@type\":\"WebPage\",\"@id\":\"http:\\\/\\\/omdmhyd.org\\\/index.php\\\/radio-omdmhyd-972\\\/\",\"url\":\"http:\\\/\\\/omdmhyd.org\\\/index.php\\\/radio-omdmhyd-972\\\/\",\"name\":\"Radio Omdmhyd 972 | Omdmhyd Accueil\",\"isPartOf\":{\"@id\":\"https:\\\/\\\/omdmhyd.org\\\/#website\"},\"datePublished\":\"2023-08-11T01:03:02+00:00\",\"dateModified\":\"2024-04-14T23:07:45+00:00\",\"description\":\"La station radio est un support \u00e0 l'organisation OMDMHYD, ceci afin de promouvoir l'histoire de nos anc\u00eatres H\u00e9breux Yisra\u00e9lites Bantous\",\"breadcrumb\":{\"@id\":\"http:\\\/\\\/omdmhyd.org\\\/index.php\\\/radio-omdmhyd-972\\\/#breadcrumb\"},\"inLanguage\":\"fr-FR\",\"potentialAction\":[{\"@type\":\"ReadAction\",\"target\":[\"http:\\\/\\\/omdmhyd.org\\\/index.php\\\/radio-omdmhyd-972\\\/\"]}]},{\"@type\":\"BreadcrumbList\",\"@id\":\"http:\\\/\\\/omdmhyd.org\\\/index.php\\\/radio-omdmhyd-972\\\/#breadcrumb\",\"itemListElement\":[{\"@type\":\"ListItem\",\"position\":1,\"name\":\"Accueil\",\"item\":\"https:\\\/\\\/omdmhyd.org\\\/\"},{\"@type\":\"ListItem\",\"position\":2,\"name\":\"Radio Omdmhyd 972\"}]},{\"@type\":\"WebSite\",\"@id\":\"https:\\\/\\\/omdmhyd.org\\\/#website\",\"url\":\"https:\\\/\\\/omdmhyd.org\\\/\",\"name\":\"ORGANISATION OMDMHYD\",\"description\":\"La d\u00e9fense des droits Bantous..\",\"publisher\":{\"@id\":\"https:\\\/\\\/omdmhyd.org\\\/#organization\"},\"potentialAction\":[{\"@type\":\"SearchAction\",\"target\":{\"@type\":\"EntryPoint\",\"urlTemplate\":\"https:\\\/\\\/omdmhyd.org\\\/?s={search_term_string}\"},\"query-input\":{\"@type\":\"PropertyValueSpecification\",\"valueRequired\":true,\"valueName\":\"search_term_string\"}}],\"inLanguage\":\"fr-FR\"},{\"@type\":\"Organization\",\"@id\":\"https:\\\/\\\/omdmhyd.org\\\/#organization\",\"name\":\"Organisation Mondiale de la D\u00e9fense des Droits et M\u00e9moires des H\u00e9breux Yisra\u00e9lites D\u00e9port\u00e9s et leur Descendants\",\"url\":\"https:\\\/\\\/omdmhyd.org\\\/\",\"logo\":{\"@type\":\"ImageObject\",\"inLanguage\":\"fr-FR\",\"@id\":\"https:\\\/\\\/omdmhyd.org\\\/#\\\/schema\\\/logo\\\/image\\\/\",\"url\":\"http:\\\/\\\/omdmhyd.org\\\/wp-content\\\/uploads\\\/2023\\\/02\\\/cropped-LOGO-OMDMHYD-140x140-1.jpg\",\"contentUrl\":\"http:\\\/\\\/omdmhyd.org\\\/wp-content\\\/uploads\\\/2023\\\/02\\\/cropped-LOGO-OMDMHYD-140x140-1.jpg\",\"width\":240,\"height\":240,\"caption\":\"Organisation Mondiale de la D\u00e9fense des Droits et M\u00e9moires des H\u00e9breux Yisra\u00e9lites D\u00e9port\u00e9s et leur Descendants\"},\"image\":{\"@id\":\"https:\\\/\\\/omdmhyd.org\\\/#\\\/schema\\\/logo\\\/image\\\/\"},\"sameAs\":[\"https:\\\/\\\/www.facebook.com\\\/omdmhyd\",\"https:\\\/\\\/x.com\\\/omdmhyd_ong\",\"https:\\\/\\\/t.me\\\/omdmhyd\",\"http:\\\/\\\/85.187.151.147\\\/-omdmhyd\",\"https:\\\/\\\/afritubes.com\\\/@OrganisationOMDMHYD\"]}]}<\/script>\n<!-- \/ Yoast SEO plugin. -->","yoast_head_json":{"title":"Radio Omdmhyd 972 | Omdmhyd Accueil","description":"La station radio est un support \u00e0 l'organisation OMDMHYD, ceci afin de promouvoir l'histoire de nos anc\u00eatres H\u00e9breux Yisra\u00e9lites Bantous","robots":{"index":"index","follow":"follow","max-snippet":"max-snippet:-1","max-image-preview":"max-image-preview:large","max-video-preview":"max-video-preview:-1"},"canonical":"http:\/\/omdmhyd.org\/index.php\/radio-omdmhyd-972\/","og_locale":"fr_FR","og_type":"article","og_title":"Radio OMDMHYD 972","og_description":"La station radio est un support \u00e0 l'organisation OMDMHYD, ceci afin de promouvoir l'histoire de nos anc\u00eatres H\u00e9breux Yisra\u00e9lites Bantous","og_url":"http:\/\/omdmhyd.org\/index.php\/radio-omdmhyd-972\/","og_site_name":"Omdmhyd Accueil","article_publisher":"https:\/\/www.facebook.com\/omdmhyd","article_modified_time":"2024-04-14T23:07:45+00:00","og_image":[{"width":844,"height":611,"url":"http:\/\/omdmhyd.org\/wp-content\/uploads\/2023\/02\/RadioAutoLive9.2-Profil.png","type":"image\/png"}],"twitter_card":"summary_large_image","twitter_title":"Radio OMDMHYD 972","twitter_description":"La station radio est un support \u00e0 l'organisation OMDMHYD, ceci afin de promouvoir l'histoire de nos anc\u00eatres H\u00e9breux Yisra\u00e9lites Bantous","twitter_image":"http:\/\/omdmhyd.org\/wp-content\/uploads\/2023\/02\/RadioAutoLive9.2-Profil.png","twitter_site":"@omdmhyd_ong","twitter_misc":{"Dur\u00e9e de lecture estim\u00e9e":"1 minute"},"schema":{"@context":"https:\/\/schema.org","@graph":[{"@type":"WebPage","@id":"http:\/\/omdmhyd.org\/index.php\/radio-omdmhyd-972\/","url":"http:\/\/omdmhyd.org\/index.php\/radio-omdmhyd-972\/","name":"Radio Omdmhyd 972 | Omdmhyd Accueil","isPartOf":{"@id":"https:\/\/omdmhyd.org\/#website"},"datePublished":"2023-08-11T01:03:02+00:00","dateModified":"2024-04-14T23:07:45+00:00","description":"La station radio est un support \u00e0 l'organisation OMDMHYD, ceci afin de promouvoir l'histoire de nos anc\u00eatres H\u00e9breux Yisra\u00e9lites Bantous","breadcrumb":{"@id":"http:\/\/omdmhyd.org\/index.php\/radio-omdmhyd-972\/#breadcrumb"},"inLanguage":"fr-FR","potentialAction":[{"@type":"ReadAction","target":["http:\/\/omdmhyd.org\/index.php\/radio-omdmhyd-972\/"]}]},{"@type":"BreadcrumbList","@id":"http:\/\/omdmhyd.org\/index.php\/radio-omdmhyd-972\/#breadcrumb","itemListElement":[{"@type":"ListItem","position":1,"name":"Accueil","item":"https:\/\/omdmhyd.org\/"},{"@type":"ListItem","position":2,"name":"Radio Omdmhyd 972"}]},{"@type":"WebSite","@id":"https:\/\/omdmhyd.org\/#website","url":"https:\/\/omdmhyd.org\/","name":"ORGANISATION OMDMHYD","description":"La d\u00e9fense des droits Bantous..","publisher":{"@id":"https:\/\/omdmhyd.org\/#organization"},"potentialAction":[{"@type":"SearchAction","target":{"@type":"EntryPoint","urlTemplate":"https:\/\/omdmhyd.org\/?s={search_term_string}"},"query-input":{"@type":"PropertyValueSpecification","valueRequired":true,"valueName":"search_term_string"}}],"inLanguage":"fr-FR"},{"@type":"Organization","@id":"https:\/\/omdmhyd.org\/#organization","name":"Organisation Mondiale de la D\u00e9fense des Droits et M\u00e9moires des H\u00e9breux Yisra\u00e9lites D\u00e9port\u00e9s et leur Descendants","url":"https:\/\/omdmhyd.org\/","logo":{"@type":"ImageObject","inLanguage":"fr-FR","@id":"https:\/\/omdmhyd.org\/#\/schema\/logo\/image\/","url":"http:\/\/omdmhyd.org\/wp-content\/uploads\/2023\/02\/cropped-LOGO-OMDMHYD-140x140-1.jpg","contentUrl":"http:\/\/omdmhyd.org\/wp-content\/uploads\/2023\/02\/cropped-LOGO-OMDMHYD-140x140-1.jpg","width":240,"height":240,"caption":"Organisation Mondiale de la D\u00e9fense des Droits et M\u00e9moires des H\u00e9breux Yisra\u00e9lites D\u00e9port\u00e9s et leur Descendants"},"image":{"@id":"https:\/\/omdmhyd.org\/#\/schema\/logo\/image\/"},"sameAs":["https:\/\/www.facebook.com\/omdmhyd","https:\/\/x.com\/omdmhyd_ong","https:\/\/t.me\/omdmhyd","http:\/\/85.187.151.147\/-omdmhyd","https:\/\/afritubes.com\/@OrganisationOMDMHYD"]}]}},"_links":{"self":[{"href":"http:\/\/omdmhyd.org\/index.php\/wp-json\/wp\/v2\/pages\/2434","targetHints":{"allow":["GET"]}}],"collection":[{"href":"http:\/\/omdmhyd.org\/index.php\/wp-json\/wp\/v2\/pages"}],"about":[{"href":"http:\/\/omdmhyd.org\/index.php\/wp-json\/wp\/v2\/types\/page"}],"author":[{"embeddable":true,"href":"http:\/\/omdmhyd.org\/index.php\/wp-json\/wp\/v2\/users\/1"}],"replies":[{"embeddable":true,"href":"http:\/\/omdmhyd.org\/index.php\/wp-json\/wp\/v2\/comments?post=2434"}],"version-history":[{"count":3,"href":"http:\/\/omdmhyd.org\/index.php\/wp-json\/wp\/v2\/pages\/2434\/revisions"}],"predecessor-version":[{"id":3295,"href":"http:\/\/omdmhyd.org\/index.php\/wp-json\/wp\/v2\/pages\/2434\/revisions\/3295"}],"wp:attachment":[{"href":"http:\/\/omdmhyd.org\/index.php\/wp-json\/wp\/v2\/media?parent=2434"}],"curies":[{"name":"wp","href":"https:\/\/api.w.org\/{rel}","templated":true}]}}