{"id":2247,"date":"2023-08-11T00:59:47","date_gmt":"2023-08-10T22:59:47","guid":{"rendered":"http:\/\/omdmhyd.org\/?page_id=2247"},"modified":"2023-08-11T01:11:26","modified_gmt":"2023-08-10T23:11:26","slug":"page-de-secours-radio-omdmhyd-france","status":"publish","type":"page","link":"http:\/\/omdmhyd.org\/index.php\/page-de-secours-radio-omdmhyd-france\/","title":{"rendered":""},"content":{"rendered":"<div class=\"radio_player\" data-player-type=\"shortcode\" data-data=\"eyJpZCI6NCwidGl0bGUiOiJQbGF5ZXIgVGl0bGUiLCJzdGlja3kiOmZhbHNlLCJzdGF0dXMiOnRydWUsInNraW4iOiJza2luMSIsInN0YXRpb25zIjpbeyJ0aXRsZSI6IlJBRElPIE9NRE1IWUQgRlJBTkNFIiwic3RyZWFtIjoiaHR0cHM6XC9cL3N0cmVhbS56ZW5vLmZtXC9keXhrd2k2a3V3eHZ2IiwidGh1bWJuYWlsIjoiaHR0cDpcL1wvb21kbWh5ZC5vcmdcL3dwLWNvbnRlbnRcL3VwbG9hZHNcLzIwMjNcLzAyXC9jcm9wcGVkLWxvZ28tT21kbWh5ZC0wMDAxLTIucG5nIiwic291cmNlX3R5cGUiOiJzdHJlYW0ifV0sInBvcHVwX2ljb24iOmZhbHNlLCJwbGF5bGlzdF9pY29uIjpmYWxzZSwiaGlzdG9yeV9pY29uIjpmYWxzZSwidm9sdW1lX2NvbnRyb2wiOnRydWUsInBsYXllcl9zdGF0dXMiOnRydWUsInNob3dfYXJ0aXN0IjpmYWxzZSwic2hvd19hcnR3b3JrIjpmYWxzZSwicGxheWVyX3RleHQiOiJMaXN0ZW4gTGl2ZSIsIndpZHRoIjozNTAsIndpZHRoX21vYmlsZSI6MzIwLCJib3JkZXJfcmFkaXVzIjoxMCwiYmdfY29sb3IiOiJsaW5lYXItZ3JhZGllbnQoLTIyNWRlZywgI0UzRkRGNSAwJSwgI0ZGRTZGQSAxMDAlKSIsImJnX2ltYWdlIjoiaHR0cDpcL1wvb21kbWh5ZC5vcmdcL3dwLWNvbnRlbnRcL3BsdWdpbnNcL3JhZGlvLXBsYXllclwvYXNzZXRzXC9pbWFnZXNcL3BsYXllci1iZy5wbmciLCJiZ190eXBlIjoiY29sb3IiLCJjb2xvcl90eXBlIjoic29saWQiLCJ0ZXh0X2NvbG9yIjoiIn0=\"><\/div>\n\n\n\n<p><\/p>\n\n\n\n<p><\/p>\n\n\n<div style=\"min-height: 285px;; \" class=\"ub_image_slider swiper-container wp-block-ub-image-slider\" id=\"ub_image_slider_798b6466-9791-4c94-bbcf-39b18ea21d71\" data-swiper-data='{\"speed\":300,\"spaceBetween\":20,\"slidesPerView\":1,\"loop\":true,\"pagination\":{\"el\": \".swiper-pagination\" , \"type\": \"bullets\", \"clickable\":true},\"navigation\": {\"nextEl\": \".swiper-button-next\", \"prevEl\": \".swiper-button-prev\"}, \"keyboard\": { \"enabled\": true }, \"effect\": \"slide\",\"simulateTouch\":false}'>\n            <div class=\"swiper-wrapper\"><figure class=\"swiper-slide\">\n                <img decoding=\"async\" src=\"http:\/\/omdmhyd.org\/wp-content\/uploads\/2023\/02\/Banderole-1920X451.jpg\" alt=\"\" style=\"height: 250px;; \">\n                <figcaption class=\"ub_image_slider_image_caption\"><\/figcaption>\n            <\/figure><\/div>\n            <div class=\"swiper-pagination\"><\/div>\n            <div class=\"swiper-button-prev\"><\/div> <div class=\"swiper-button-next\"><\/div>\n        <\/div>","protected":false},"excerpt":{"rendered":"","protected":false},"author":1,"featured_media":0,"parent":0,"menu_order":0,"comment_status":"closed","ping_status":"closed","template":"","meta":{"saved_in_kubio":false,"telegram_tosend":false,"telegram_tosend_message":"","telegram_tosend_target":0,"sfsi_plus_gutenberg_text_before_share":"","sfsi_plus_gutenberg_show_text_before_share":"","sfsi_plus_gutenberg_icon_type":"","sfsi_plus_gutenberg_icon_alignemt":"","sfsi_plus_gutenburg_max_per_row":"","_themeisle_gutenberg_block_has_review":false,"footnotes":""},"class_list":["post-2247","page","type-page","status-publish","hentry"],"kubio_ai_page_context":{"short_desc":"","purpose":"general"},"featured_image_src":null,"yoast_head":"<!-- This site is optimized with the Yoast SEO plugin v27.4 - https:\/\/yoast.com\/product\/yoast-seo-wordpress\/ -->\n<title>| Omdmhyd Accueil<\/title>\n<meta name=\"robots\" content=\"index, follow, max-snippet:-1, max-image-preview:large, max-video-preview:-1\" \/>\n<link rel=\"canonical\" href=\"http:\/\/omdmhyd.org\/index.php\/page-de-secours-radio-omdmhyd-france\/\" \/>\n<meta property=\"og:locale\" content=\"fr_FR\" \/>\n<meta property=\"og:type\" content=\"article\" \/>\n<meta property=\"og:title\" content=\"| Omdmhyd Accueil\" \/>\n<meta property=\"og:url\" content=\"http:\/\/omdmhyd.org\/index.php\/page-de-secours-radio-omdmhyd-france\/\" \/>\n<meta property=\"og:site_name\" content=\"Omdmhyd Accueil\" \/>\n<meta property=\"article:publisher\" content=\"https:\/\/www.facebook.com\/omdmhyd\" \/>\n<meta property=\"article:modified_time\" content=\"2023-08-10T23:11:26+00:00\" \/>\n<meta property=\"og:image\" content=\"http:\/\/omdmhyd.org\/wp-content\/uploads\/2023\/02\/OmdmhydProfil.jpg\" \/>\n\t<meta property=\"og:image:width\" content=\"510\" \/>\n\t<meta property=\"og:image:height\" content=\"458\" \/>\n\t<meta property=\"og:image:type\" content=\"image\/jpeg\" \/>\n<meta name=\"twitter:card\" content=\"summary_large_image\" \/>\n<meta name=\"twitter:site\" content=\"@omdmhyd_ong\" \/>\n<meta name=\"twitter:label1\" content=\"Dur\u00e9e de lecture estim\u00e9e\" \/>\n\t<meta name=\"twitter:data1\" content=\"1 minute\" \/>\n<script type=\"application\/ld+json\" class=\"yoast-schema-graph\">{\"@context\":\"https:\\\/\\\/schema.org\",\"@graph\":[{\"@type\":\"WebPage\",\"@id\":\"http:\\\/\\\/omdmhyd.org\\\/index.php\\\/page-de-secours-radio-omdmhyd-france\\\/\",\"url\":\"http:\\\/\\\/omdmhyd.org\\\/index.php\\\/page-de-secours-radio-omdmhyd-france\\\/\",\"name\":\"| Omdmhyd Accueil\",\"isPartOf\":{\"@id\":\"http:\\\/\\\/omdmhyd.org\\\/#website\"},\"datePublished\":\"2023-08-10T22:59:47+00:00\",\"dateModified\":\"2023-08-10T23:11:26+00:00\",\"inLanguage\":\"fr-FR\",\"potentialAction\":[{\"@type\":\"ReadAction\",\"target\":[\"http:\\\/\\\/omdmhyd.org\\\/index.php\\\/page-de-secours-radio-omdmhyd-france\\\/\"]}]},{\"@type\":\"WebSite\",\"@id\":\"http:\\\/\\\/omdmhyd.org\\\/#website\",\"url\":\"http:\\\/\\\/omdmhyd.org\\\/\",\"name\":\"ORGANISATION OMDMHYD\",\"description\":\"La d\u00e9fense des droits Bantous..\",\"publisher\":{\"@id\":\"http:\\\/\\\/omdmhyd.org\\\/#organization\"},\"potentialAction\":[{\"@type\":\"SearchAction\",\"target\":{\"@type\":\"EntryPoint\",\"urlTemplate\":\"http:\\\/\\\/omdmhyd.org\\\/?s={search_term_string}\"},\"query-input\":{\"@type\":\"PropertyValueSpecification\",\"valueRequired\":true,\"valueName\":\"search_term_string\"}}],\"inLanguage\":\"fr-FR\"},{\"@type\":\"Organization\",\"@id\":\"http:\\\/\\\/omdmhyd.org\\\/#organization\",\"name\":\"Organisation Mondiale de la D\u00e9fense des Droits et M\u00e9moires des H\u00e9breux Yisra\u00e9lites D\u00e9port\u00e9s et leur Descendants\",\"url\":\"http:\\\/\\\/omdmhyd.org\\\/\",\"logo\":{\"@type\":\"ImageObject\",\"inLanguage\":\"fr-FR\",\"@id\":\"http:\\\/\\\/omdmhyd.org\\\/#\\\/schema\\\/logo\\\/image\\\/\",\"url\":\"http:\\\/\\\/omdmhyd.org\\\/wp-content\\\/uploads\\\/2023\\\/02\\\/cropped-LOGO-OMDMHYD-140x140-1.jpg\",\"contentUrl\":\"http:\\\/\\\/omdmhyd.org\\\/wp-content\\\/uploads\\\/2023\\\/02\\\/cropped-LOGO-OMDMHYD-140x140-1.jpg\",\"width\":240,\"height\":240,\"caption\":\"Organisation Mondiale de la D\u00e9fense des Droits et M\u00e9moires des H\u00e9breux Yisra\u00e9lites D\u00e9port\u00e9s et leur Descendants\"},\"image\":{\"@id\":\"http:\\\/\\\/omdmhyd.org\\\/#\\\/schema\\\/logo\\\/image\\\/\"},\"sameAs\":[\"https:\\\/\\\/www.facebook.com\\\/omdmhyd\",\"https:\\\/\\\/x.com\\\/omdmhyd_ong\",\"https:\\\/\\\/t.me\\\/omdmhyd\",\"http:\\\/\\\/85.187.151.147\\\/-omdmhyd\",\"https:\\\/\\\/afritubes.com\\\/@OrganisationOMDMHYD\"]}]}<\/script>\n<!-- \/ Yoast SEO plugin. -->","yoast_head_json":{"title":"| Omdmhyd Accueil","robots":{"index":"index","follow":"follow","max-snippet":"max-snippet:-1","max-image-preview":"max-image-preview:large","max-video-preview":"max-video-preview:-1"},"canonical":"http:\/\/omdmhyd.org\/index.php\/page-de-secours-radio-omdmhyd-france\/","og_locale":"fr_FR","og_type":"article","og_title":"| Omdmhyd Accueil","og_url":"http:\/\/omdmhyd.org\/index.php\/page-de-secours-radio-omdmhyd-france\/","og_site_name":"Omdmhyd Accueil","article_publisher":"https:\/\/www.facebook.com\/omdmhyd","article_modified_time":"2023-08-10T23:11:26+00:00","og_image":[{"width":510,"height":458,"url":"http:\/\/omdmhyd.org\/wp-content\/uploads\/2023\/02\/OmdmhydProfil.jpg","type":"image\/jpeg"}],"twitter_card":"summary_large_image","twitter_site":"@omdmhyd_ong","twitter_misc":{"Dur\u00e9e de lecture estim\u00e9e":"1 minute"},"schema":{"@context":"https:\/\/schema.org","@graph":[{"@type":"WebPage","@id":"http:\/\/omdmhyd.org\/index.php\/page-de-secours-radio-omdmhyd-france\/","url":"http:\/\/omdmhyd.org\/index.php\/page-de-secours-radio-omdmhyd-france\/","name":"| Omdmhyd Accueil","isPartOf":{"@id":"http:\/\/omdmhyd.org\/#website"},"datePublished":"2023-08-10T22:59:47+00:00","dateModified":"2023-08-10T23:11:26+00:00","inLanguage":"fr-FR","potentialAction":[{"@type":"ReadAction","target":["http:\/\/omdmhyd.org\/index.php\/page-de-secours-radio-omdmhyd-france\/"]}]},{"@type":"WebSite","@id":"http:\/\/omdmhyd.org\/#website","url":"http:\/\/omdmhyd.org\/","name":"ORGANISATION OMDMHYD","description":"La d\u00e9fense des droits Bantous..","publisher":{"@id":"http:\/\/omdmhyd.org\/#organization"},"potentialAction":[{"@type":"SearchAction","target":{"@type":"EntryPoint","urlTemplate":"http:\/\/omdmhyd.org\/?s={search_term_string}"},"query-input":{"@type":"PropertyValueSpecification","valueRequired":true,"valueName":"search_term_string"}}],"inLanguage":"fr-FR"},{"@type":"Organization","@id":"http:\/\/omdmhyd.org\/#organization","name":"Organisation Mondiale de la D\u00e9fense des Droits et M\u00e9moires des H\u00e9breux Yisra\u00e9lites D\u00e9port\u00e9s et leur Descendants","url":"http:\/\/omdmhyd.org\/","logo":{"@type":"ImageObject","inLanguage":"fr-FR","@id":"http:\/\/omdmhyd.org\/#\/schema\/logo\/image\/","url":"http:\/\/omdmhyd.org\/wp-content\/uploads\/2023\/02\/cropped-LOGO-OMDMHYD-140x140-1.jpg","contentUrl":"http:\/\/omdmhyd.org\/wp-content\/uploads\/2023\/02\/cropped-LOGO-OMDMHYD-140x140-1.jpg","width":240,"height":240,"caption":"Organisation Mondiale de la D\u00e9fense des Droits et M\u00e9moires des H\u00e9breux Yisra\u00e9lites D\u00e9port\u00e9s et leur Descendants"},"image":{"@id":"http:\/\/omdmhyd.org\/#\/schema\/logo\/image\/"},"sameAs":["https:\/\/www.facebook.com\/omdmhyd","https:\/\/x.com\/omdmhyd_ong","https:\/\/t.me\/omdmhyd","http:\/\/85.187.151.147\/-omdmhyd","https:\/\/afritubes.com\/@OrganisationOMDMHYD"]}]}},"_links":{"self":[{"href":"http:\/\/omdmhyd.org\/index.php\/wp-json\/wp\/v2\/pages\/2247","targetHints":{"allow":["GET"]}}],"collection":[{"href":"http:\/\/omdmhyd.org\/index.php\/wp-json\/wp\/v2\/pages"}],"about":[{"href":"http:\/\/omdmhyd.org\/index.php\/wp-json\/wp\/v2\/types\/page"}],"author":[{"embeddable":true,"href":"http:\/\/omdmhyd.org\/index.php\/wp-json\/wp\/v2\/users\/1"}],"replies":[{"embeddable":true,"href":"http:\/\/omdmhyd.org\/index.php\/wp-json\/wp\/v2\/comments?post=2247"}],"version-history":[{"count":4,"href":"http:\/\/omdmhyd.org\/index.php\/wp-json\/wp\/v2\/pages\/2247\/revisions"}],"predecessor-version":[{"id":2422,"href":"http:\/\/omdmhyd.org\/index.php\/wp-json\/wp\/v2\/pages\/2247\/revisions\/2422"}],"wp:attachment":[{"href":"http:\/\/omdmhyd.org\/index.php\/wp-json\/wp\/v2\/media?parent=2247"}],"curies":[{"name":"wp","href":"https:\/\/api.w.org\/{rel}","templated":true}]}}